{"id":551944,"date":"2021-12-01T11:50:29","date_gmt":"2021-12-01T16:50:29","guid":{"rendered":"https:\/\/prideatwork-dev.massifsolutions.ca\/nous-rejoindre\/"},"modified":"2025-09-08T11:49:37","modified_gmt":"2025-09-08T15:49:37","slug":"nous-rejoindre","status":"publish","type":"page","link":"https:\/\/staging.prideatwork.ca\/fr\/nous-rejoindre\/","title":{"rendered":"NOUS REJOINDRE"},"content":{"rendered":"<p>[vc_section nav_skin=&#8221;light&#8221;][vc_row nav_skin=&#8221;light&#8221; consent_include=&#8221;include&#8221; custom_bg_color=&#8221;{&#8220;solid&#8220;:{&#8220;id&#8220;:&#8220;custom_color&#8220;,&#8220;color&#8220;:&#8220;rgba(253,237,218,1)&#8220;}}&#8221;][vc_column css_animation=&#8221;&#8221;][vc_text_element css_animation=&#8221;&#8221;]<\/p>\n<h5 style=\"text-align: center;\">Reconnaissance territoriale<\/h5>\n<p>Pride at Work Canada\/Fiert\u00e9 au travail Canada exerce ses activit\u00e9s sur des territoires traditionnels non c\u00e9d\u00e9s, vol\u00e9s ou vis\u00e9s par des trait\u00e9s appartenant \u00e0 des centaines de diff\u00e9rentes nations autochtones, parmi lesquelles comptent des personnes autochtones bispirituelles et LGBTQIA+. Si vous ne savez pas \u00e0 qui appartient le territoire o\u00f9 vous travaillez et vivez actuellement, consultez le site <a href=\"http:\/\/www.native-land.ca\">www.native-land.ca<\/a> pour en apprendre davantage.[\/vc_text_element][vc_expandable_list skin=&#8221;light&#8221; css_animation=&#8221;&#8221;][vc_expandable_list_item bullet_style=&#8221;icon&#8221; title=&#8221;Lisez ici l&#8217;int\u00e9gralit\u00e9 de notre Reconnaissance territoriale&#8221; bullet_icon=&#8221;{&#8220;font&#8220;:&#8220;scape-basic&#8220;,&#8220;icon&#8220;:&#8220;scape-basic-Add&#8220;}&#8221;][vc_text_element css_animation=&#8221;&#8221;]Le si\u00e8ge social de Pride at Work Canada\/Fiert\u00e9 au travail Canada se situe \u00e0 <a href=\"https:\/\/www.youtube.com\/watch?v=HEY4Sjd0TOk\">Tkar\u00f3n:to<\/a>\/Toronto, qui est couvert par le Trait\u00e9 13 sign\u00e9 avec les Mississaugas de la Premi\u00e8re Nation de Credit et les Trait\u00e9s Williams sign\u00e9s avec plusieurs bandes de Mississaugas et de Chippewas. Ces terres et ces eaux sont les foyers et les territoires traditionnels des Anishinaabek, des Hurons-Wendats, des Chippewas, des Haudenosaunee et des Mississaugas de la Premi\u00e8re Nation de Credit, qui en prennent soin.<\/p>\n<p>Plus de 70 trait\u00e9s ont \u00e9t\u00e9 sign\u00e9s entre le gouvernement du Canada et diverses nations autochtones. En tant qu&#8217;organisme national, nous soutenons et respectons ces trait\u00e9s. Dans un souci de r\u00e9conciliation, nous soutenons \u00e9galement les initiatives nationales autochtones, telles que les programmes d&#8217;am\u00e9nagement du territoire et d&#8217;\u00e9ducation \u00e0 la citoyennet\u00e9, la souverainet\u00e9 et la protection du territoire et de l&#8217;eau et les questions relatives aux droits de la personne en ce qui a trait aux communaut\u00e9s autochtones. Nous souscrivons \u00e0 la D\u00e9claration des droits des peuples autochtones des Nations Unies et nous nous effor\u00e7ons d&#8217;autonomiser les peuples autochtones 2SLGBTQIA+ r\u00e9sidant dans la r\u00e9gion connue sous le nom colonial de Canada.<\/p>\n<p>Pride at Work Canada\/Fiert\u00e9 au travail Canada a pour mandat d&#8217;inspirer les organismes employeurs canadiens, par le dialogue, l&#8217;\u00e9ducation et le leadership \u00e9clair\u00e9, \u00e0 cr\u00e9er des milieux de travail qui c\u00e9l\u00e8brent l&#8217;ensemble du personnel, peu importe l&#8217;expression de genre, l&#8217;identit\u00e9 de genre et l&#8217;orientation sexuelle de chaque personne. \u00c0 ces fins, nous responsabilisons et \u00e9levons les peuples autochtones bispirituels, indigiqueer et LGBTQIA+, tout en comprenant la complexit\u00e9 des diverses identit\u00e9s autochtones et le fait qu&#8217;elles ne sont pas d\u00e9finies par la langue fran\u00e7aise ou anglaise. \u00c0 cet \u00e9gard, nous nous sommes associ\u00e9s \u00e0 <a href=\"https:\/\/2spiritsinmotion.com\/\">2 Spirits in Motion<\/a> et \u00e0 <a href=\"https:\/\/www.iworks.org\/\">Indigenous Works<\/a> pour soutenir nos initiatives en r\u00e9ciprocit\u00e9 avec les communaut\u00e9s autochtones.<\/p>\n<p>Pour lire les engagements sp\u00e9cifiques et r\u00e9alisables de Pride at Work Canada\/Fiert\u00e9 au travail Canada pour l&#8217;exercice 2022-2023 en mati\u00e8re de r\u00e9conciliation avec les Autochtones, veuillez nous envoyer un courriel \u00e0 l&#8217;adresse <a href=\"mailto:info@prideatwork.ca\">info@prideatwork.ca<\/a>.[\/vc_text_element][\/vc_expandable_list_item][\/vc_expandable_list][\/vc_column][\/vc_row][vc_row nav_skin=&#8221;light&#8221; consent_include=&#8221;include&#8221;][vc_column width=&#8221;2\/3&#8243; css_animation=&#8221;&#8221;][vc_text_element css_animation=&#8221;&#8221;]L&#8217;\u00e9quipe de Pride at Work Canada\/Fiert\u00e9 au travail Canada s&#8217;engage aupr\u00e8s de nos publics et de vous, en couvrant la programmation, les services aux membres et plus encore, afin d&#8217;aider notre r\u00e9seau \u00e0 poursuivre son objectif d&#8217;inclusion des personnes 2SLGBTQIA+. Si vous cherchez une personne-ressource pour r\u00e9pondre \u00e0 vos besoins particuliers, veuillez consulter la liste ci-dessous :[\/vc_text_element][vc_text_element css_animation=&#8221;&#8221;]<\/p>\n<h6>Programmation<\/h6>\n<ul>\n<li><strong>Programme de leadership<\/strong> (<a href=\"https:\/\/prideatwork.ca\/fr\/flourish-2\/\" target=\"_blank\" rel=\"noopener\">FLOURISH<\/a>, <a href=\"https:\/\/prideatwork.ca\/fr\/programmes\/thrive\/\" target=\"_blank\" rel=\"noopener\">THRIVE<\/a>) <strong>:\u00a0<\/strong>Templeton Sawyer (il\/lui), <a href=\"mailto:templeton.sawyer@fierteautravail.ca\">templeton.sawyer@fierteautravail.ca<\/a><\/li>\n<li><strong><a href=\"https:\/\/prideatwork.ca\/fr\/events\/\" target=\"_blank\" rel=\"noopener\">\u00c9v\u00e9nements<\/a><\/strong> (inscriptions, enregistrement, d\u00e9tails, etc.) <strong>: <\/strong><a href=\"mailto:evenements@fierteautravail.ca\">evenements@fierteautravail.ca<\/a><\/li>\n<li><strong><a href=\"https:\/\/prideatwork.ca\/fr\/formation\/\" target=\"_blank\" rel=\"noopener\">S\u00e9ances de formation<\/a> : <\/strong>Quinn Blue (il\/lui), <a href=\"mailto:quinn.blue@fierteautravail.ca\">quinn.blue@fierteautravail.ca<\/a><\/li>\n<li><strong><a href=\"https:\/\/prideatwork.ca\/fr\/elearning\/\" target=\"_blank\" rel=\"noopener\">Apprentissage en ligne<\/a> : <\/strong>Remplissez ce <a href=\"https:\/\/forms.clickup.com\/10562298\/f\/a2aqu-8322\/Q57R7NWLNBS9RP6YLM\">formulaire<\/a>.<\/li>\n<li><strong>Programme de r\u00e9seautage<\/strong> (<a href=\"https:\/\/prideatwork.ca\/fr\/programmes\/matrices\/\" target=\"_blank\" rel=\"noopener\">Matrices)<\/a><strong>\u00a0: <\/strong>Templeton Sawyer (il\/lui), <a href=\"mailto:templeton.sawyer@fierteautravail.ca\">templeton.sawyer@fierteautravail.ca<\/a><\/li>\n<li><strong>Balado <a href=\"https:\/\/prideatwork.ca\/fr\/ub-podcast\/\" target=\"_blank\" rel=\"noopener\">Uncovering Belonging<\/a>\u00a0:<\/strong> Jade Pichette (elle\/la),<a href=\"mailto:jade.pichette@fierteautravail.ca\"> jade.pichette@fierteautravail.ca<\/a><\/li>\n<\/ul>\n<p>[\/vc_text_element][vc_text_element css_animation=&#8221;&#8221;]<\/p>\n<h6>Services aux membres<\/h6>\n<ul>\n<li><strong><a href=\"https:\/\/prideatwork.ca\/fr\/programmes\/lindice-dinclusion-2slgbtqia\/\" target=\"_blank\" rel=\"noopener\">Audit d\u2019inclusion<\/a>:<\/strong> Misha Goforth (elle\/la), <a href=\"mailto:misha.goforth@prideatwork.ca\">misha.goforth@fierteautravail.ca<\/a><\/li>\n<li><strong><a href=\"https:\/\/prideatwork.ca\/fr\/a-propos\/fieres-partenaires\/\" target=\"_blank\" rel=\"noopener\">Fi\u00e8re partenaire<\/a><\/strong> (<a href=\"https:\/\/prideatwork.ca\/fr\/nous-rejoindre\/simpliquer\/devenir-partenaire\/\" target=\"_blank\" rel=\"noopener\">devenir membre<\/a> ou optimiser l&#8217;adh\u00e9sion)<strong>: <\/strong><a href=\"mailto:partenaires@fierteautravail.ca\">partenaires@fierteautravail.ca<\/a><\/li>\n<li><strong>Pages des partenaires et <a href=\"https:\/\/prideatwork.ca\/fr\/carriere\/\" target=\"_blank\" rel=\"noopener\">tableau d&#8217;affichage des emplois<\/a>: <\/strong><a href=\"mailto:jobboard@fierteautravail.ca\">jobboard@fierteautravail.ca<\/a> (Le tableau d&#8217;affichage est r\u00e9serv\u00e9 seulement aux Fi\u00e8res partenaires)<\/li>\n<li><strong><a href=\"https:\/\/prideatwork.ca\/fr\/programmes\/le-programme-ambassadeurs\/\" target=\"_blank\" rel=\"noopener\">Programme Ambassadeurs<\/a>:<\/strong> Quinn Blue (il\/lui), <a href=\"mailto:quinn.blue@fierteautravail.ca\">quinn.blue@fierteautravail.ca<\/a><\/li>\n<li><strong><a href=\"https:\/\/prideatwork.ca\/fr\/devenir-partenaire-communautaire\/\" target=\"_blank\" rel=\"noopener\">Programme de partenariat communautaire<\/a>:<\/strong> Quinn Blue (il\/lui), <a href=\"mailto:quinn.blue@fierteautravail.ca\">quinn.blue@fierteautravail.ca<\/a><\/li>\n<li><strong>Recherches et <a href=\"https:\/\/prideatwork.ca\/fr\/programmes\/ressources\/\" target=\"_blank\" rel=\"noopener\">ressources<\/a>:<\/strong> Misha Goforth (elle\/la), <a href=\"mailto:misha.goforth@prideatwork.ca\">misha.goforth@<\/a><a href=\"mailto:misha.goforth@prideatwork.ca\">fierteautravail.ca<\/a><\/li>\n<\/ul>\n<p>[\/vc_text_element][vc_text_element css_animation=&#8221;&#8221;]<\/p>\n<h6>Secteurs et services de support<\/h6>\n<ul>\n<li><strong>Communication et marketing : <\/strong>Jose Pati\u00f1o-Gomez (il\/lui), <a href=\"mailto:jose.patino@prideatwork.ca\">jose.patino@prideatwork.ca<\/a><\/li>\n<li><strong>D\u00e9fense des int\u00e9r\u00eats et engagement politique :<\/strong>\u00a0<a href=\"mailto:advocacy@fierteautravail.ca\">advocacy@fierteautravail.ca<\/a><\/li>\n<li><strong>Finances<\/strong> (AR\/AP)<strong>: <\/strong>Krishnagopal Mehta (il\/lui), <a href=\"mailto:finance@fierteautravail.ca\">finance@fierteautravail.ca<\/a><\/li>\n<li><strong>Site Web et m\u00e9dias sociaux : <\/strong>Keith Reynolds (he\/him), <a href=\"mailto:keith.reynolds@prideatwork.ca\">keith.reynolds@fierteautravail.ca<\/a><\/li>\n<li><strong>Engagement des m\u00e9dias et relations publiques:<\/strong> Jose Pati\u00f1o-Gomez (il\/lui), <a href=\"mailto:jose.patino@fierteautravail.ca\">jose.patino@fierteautravail.ca<\/a><\/li>\n<li><strong>Opportunit\u00e9s de parrainage<\/strong> (soutien \u00e0 nos \u00e9v\u00e9nements et programmes) <strong>: <\/strong>Florence Gagnon (elle\/la), <a href=\"mailto:florence.gagnon@fierteautravail.ca\">florence.gagnon@fierteautravail.ca<\/a><\/li>\n<\/ul>\n<p>[\/vc_text_element][\/vc_column][vc_column width=&#8221;1\/3&#8243; css_animation=&#8221;&#8221;][vc_text_element css_animation=&#8221;&#8221;]Les bureaux de Fiert\u00e9 au travail Canada se trouvent au <a title=\"Centre for Social Innovation\" href=\"https:\/\/socialinnovation.org\/\">Centre for Social Innovation<\/a> \u2013\u00a0 Spadina.<br \/>\n<strong><br \/>\nAdresse<\/strong><br \/>\n192 Spadina Ave, Suite 312<br \/>\nToronto, ON M5T 2C2<br \/>\nTel: 416-309-8410[\/vc_text_element][vc_empty_space][vc_scape_social_icons style=&#8221;style_1&#8243; alignment=&#8221;center&#8221; size=&#8221;6&#8243; color_type_default=&#8221;custom&#8221; color_default=&#8221;{&#8220;id&#8220;:&#8220;Light text color&#8220;,&#8220;color&#8220;:&#8220;#454266&#8220;}&#8221; color_type_hover=&#8221;custom&#8221; color_hover=&#8221;{&#8220;id&#8220;:&#8220;custom_0062355666259668&#8220;,&#8220;color&#8220;:&#8220;#00aeef&#8220;}&#8221; networks=&#8221;facebook,instagram,linkedin,twitter,youtube&#8221; css_animation=&#8221;&#8221;][vc_empty_space][vc_text_element css_animation=&#8221;&#8221;]<iframe loading=\"lazy\" style=\"border: 0; width: 100%;\" src=\"https:\/\/www.google.com\/maps\/embed?pb=!1m14!1m8!1m3!1d5773.827286722053!2d-79.397487!3d43.649965!3m2!1i1024!2i768!4f13.1!3m3!1m2!1s0x882b34dca6232863%3A0x297d8e20c1df4eae!2s192%20Spadina%20Ave.%2C%20Toronto%2C%20ON%20M5T%203A4!5e0!3m2!1sen!2sca!4v1636299750047!5m2!1sen!2sca\" width=\"600\" height=\"450\" allowfullscreen=\"allowfullscreen\"><\/iframe>[\/vc_text_element][vc_empty_space][vc_text_element css_animation=&#8221;&#8221;]Si vous ne trouvez pas la personne-ressource avec laquelle vous souhaitez entrer en contact, veuillez nous contactez \u00e0 l&#8217;adresse <a href=\"mailto:info@prideatwork.ca\">info@prideatwork.ca<\/a> ou consulter notre <a href=\"https:\/\/prideatwork.ca\/fr\/a-propos\/personnel\/\" target=\"_blank\" rel=\"noopener\">page du personnel<\/a>.[\/vc_text_element][\/vc_column][\/vc_row][\/vc_section]<\/p>\n","protected":false},"excerpt":{"rendered":"<p>[vc_section nav_skin=&#8221;light&#8221;][vc_row nav_skin=&#8221;light&#8221; consent_include=&#8221;include&#8221; custom_bg_color=&#8221;{&#8220;solid&#8220;:{&#8220;id&#8220;:&#8220;custom_color&#8220;,&#8220;color&#8220;:&#8220;rgba(253,237,218,1)&#8220;}}&#8221;][vc_column css_animation=&#8221;&#8221;][vc_text_element css_animation=&#8221;&#8221;] Reconnaissance territoriale Pride at Work Canada\/Fiert\u00e9 au travail Canada exerce ses activit\u00e9s sur des territoires traditionnels non c\u00e9d\u00e9s, vol\u00e9s ou vis\u00e9s par des trait\u00e9s appartenant \u00e0 des centaines de diff\u00e9rentes nations autochtones, parmi lesquelles comptent des personnes autochtones bispirituelles et LGBTQIA+. Si vous ne savez pas \u00e0 qui appartient le territoire o\u00f9 vous travaillez et vivez actuellement, consultez le site www.native-land.ca pour en apprendre davantage.[\/vc_text_element][vc_expandable_list skin=&#8221;light&#8221; css_animation=&#8221;&#8221;][vc_expandable_list_item bullet_style=&#8221;icon&#8221; [&hellip;]<\/p>\n","protected":false},"author":2,"featured_media":551631,"parent":0,"menu_order":0,"comment_status":"closed","ping_status":"closed","template":"","meta":{"_price":"","_stock":"","_tribe_ticket_header":"","_tribe_default_ticket_provider":"","_tribe_ticket_capacity":"0","_ticket_start_date":"","_ticket_end_date":"","_tribe_ticket_show_description":"","_tribe_ticket_show_not_going":false,"_tribe_ticket_use_global_stock":"","_tribe_ticket_global_stock_level":"","_global_stock_mode":"","_global_stock_cap":"","_tribe_rsvp_for_event":"","_tribe_ticket_going_count":"","_tribe_ticket_not_going_count":"","_tribe_tickets_list":"[]","_tribe_ticket_has_attendee_info_fields":false,"footnotes":"","_tec_slr_enabled":"","_tec_slr_layout":""},"class_list":["post-551944","page","type-page","status-publish","has-post-thumbnail","hentry"],"yoast_head":"<!-- This site is optimized with the Yoast SEO plugin v27.4 - https:\/\/yoast.com\/product\/yoast-seo-wordpress\/ -->\n<title>NOUS REJOINDRE - Pride At Work Canada<\/title>\n<meta name=\"robots\" content=\"index, follow, max-snippet:-1, max-image-preview:large, max-video-preview:-1\" \/>\n<link rel=\"canonical\" href=\"https:\/\/prideatwork.ca\/fr\/nous-rejoindre\/\" \/>\n<meta property=\"og:locale\" content=\"fr_FR\" \/>\n<meta property=\"og:type\" content=\"article\" \/>\n<meta property=\"og:title\" content=\"NOUS REJOINDRE\" \/>\n<meta property=\"og:description\" content=\"[vc_section nav_skin=&#8221;light&#8221;][vc_row nav_skin=&#8221;light&#8221; consent_include=&#8221;include&#8221; custom_bg_color=&#8221;{&#8220;solid&#8220;:{&#8220;id&#8220;:&#8220;custom_color&#8220;,&#8220;color&#8220;:&#8220;rgba(253,237,218,1)&#8220;}}&#8221;][vc_column css_animation=&#8221;&#8221;][vc_text_element css_animation=&#8221;&#8221;] Reconnaissance territoriale Pride at Work Canada\/Fiert\u00e9 au travail Canada exerce ses activit\u00e9s sur des territoires traditionnels non c\u00e9d\u00e9s, vol\u00e9s ou vis\u00e9s par des trait\u00e9s appartenant \u00e0 des centaines de diff\u00e9rentes nations autochtones, parmi lesquelles comptent des personnes autochtones bispirituelles et LGBTQIA+. Si vous ne savez pas \u00e0 qui appartient le territoire o\u00f9 vous travaillez et vivez actuellement, consultez le site www.native-land.ca pour en apprendre davantage.[\/vc_text_element][vc_expandable_list skin=&#8221;light&#8221; css_animation=&#8221;&#8221;][vc_expandable_list_item bullet_style=&#8221;icon&#8221; [&hellip;]\" \/>\n<meta property=\"og:url\" content=\"https:\/\/prideatwork.ca\/fr\/nous-rejoindre\/\" \/>\n<meta property=\"og:site_name\" content=\"Pride At Work Canada\" \/>\n<meta property=\"article:modified_time\" content=\"2025-09-08T15:49:37+00:00\" \/>\n<meta property=\"og:image\" content=\"https:\/\/prideatwork.ca\/wp-content\/uploads\/2024\/01\/PaWC-Logo-Thumbnail.png\" \/>\n\t<meta property=\"og:image:width\" content=\"2400\" \/>\n\t<meta property=\"og:image:height\" content=\"1350\" \/>\n\t<meta property=\"og:image:type\" content=\"image\/png\" \/>\n<meta name=\"twitter:card\" content=\"summary_large_image\" \/>\n<meta name=\"twitter:label1\" content=\"Dur\u00e9e de lecture estim\u00e9e\" \/>\n\t<meta name=\"twitter:data1\" content=\"4 minutes\" \/>\n<script type=\"application\/ld+json\" class=\"yoast-schema-graph\">{\"@context\":\"https:\\\/\\\/schema.org\",\"@graph\":[{\"@type\":\"WebPage\",\"@id\":\"https:\\\/\\\/prideatwork.ca\\\/fr\\\/nous-rejoindre\\\/\",\"url\":\"https:\\\/\\\/prideatwork.ca\\\/fr\\\/nous-rejoindre\\\/\",\"name\":\"NOUS REJOINDRE - Pride At Work Canada\",\"isPartOf\":{\"@id\":\"https:\\\/\\\/prideatwork.ca\\\/#website\"},\"primaryImageOfPage\":{\"@id\":\"https:\\\/\\\/prideatwork.ca\\\/fr\\\/nous-rejoindre\\\/#primaryimage\"},\"image\":{\"@id\":\"https:\\\/\\\/prideatwork.ca\\\/fr\\\/nous-rejoindre\\\/#primaryimage\"},\"thumbnailUrl\":\"https:\\\/\\\/staging.prideatwork.ca\\\/wp-content\\\/uploads\\\/2021\\\/11\\\/Banner-Black-scaled.jpg\",\"datePublished\":\"2021-12-01T16:50:29+00:00\",\"dateModified\":\"2025-09-08T15:49:37+00:00\",\"breadcrumb\":{\"@id\":\"https:\\\/\\\/prideatwork.ca\\\/fr\\\/nous-rejoindre\\\/#breadcrumb\"},\"inLanguage\":\"fr-FR\",\"potentialAction\":[{\"@type\":\"ReadAction\",\"target\":[\"https:\\\/\\\/prideatwork.ca\\\/fr\\\/nous-rejoindre\\\/\"]}]},{\"@type\":\"ImageObject\",\"inLanguage\":\"fr-FR\",\"@id\":\"https:\\\/\\\/prideatwork.ca\\\/fr\\\/nous-rejoindre\\\/#primaryimage\",\"url\":\"https:\\\/\\\/staging.prideatwork.ca\\\/wp-content\\\/uploads\\\/2021\\\/11\\\/Banner-Black-scaled.jpg\",\"contentUrl\":\"https:\\\/\\\/staging.prideatwork.ca\\\/wp-content\\\/uploads\\\/2021\\\/11\\\/Banner-Black-scaled.jpg\",\"width\":2560,\"height\":416},{\"@type\":\"BreadcrumbList\",\"@id\":\"https:\\\/\\\/prideatwork.ca\\\/fr\\\/nous-rejoindre\\\/#breadcrumb\",\"itemListElement\":[{\"@type\":\"ListItem\",\"position\":1,\"name\":\"Home\",\"item\":\"https:\\\/\\\/prideatwork.ca\\\/fr\\\/\"},{\"@type\":\"ListItem\",\"position\":2,\"name\":\"NOUS REJOINDRE\"}]},{\"@type\":\"WebSite\",\"@id\":\"https:\\\/\\\/prideatwork.ca\\\/#website\",\"url\":\"https:\\\/\\\/prideatwork.ca\\\/\",\"name\":\"Pride At Work Canada\",\"description\":\"\",\"potentialAction\":[{\"@type\":\"SearchAction\",\"target\":{\"@type\":\"EntryPoint\",\"urlTemplate\":\"https:\\\/\\\/prideatwork.ca\\\/?s={search_term_string}\"},\"query-input\":{\"@type\":\"PropertyValueSpecification\",\"valueRequired\":true,\"valueName\":\"search_term_string\"}}],\"inLanguage\":\"fr-FR\"}]}<\/script>\n<!-- \/ Yoast SEO plugin. -->","yoast_head_json":{"title":"NOUS REJOINDRE - Pride At Work Canada","robots":{"index":"index","follow":"follow","max-snippet":"max-snippet:-1","max-image-preview":"max-image-preview:large","max-video-preview":"max-video-preview:-1"},"canonical":"https:\/\/prideatwork.ca\/fr\/nous-rejoindre\/","og_locale":"fr_FR","og_type":"article","og_title":"NOUS REJOINDRE","og_description":"[vc_section nav_skin=&#8221;light&#8221;][vc_row nav_skin=&#8221;light&#8221; consent_include=&#8221;include&#8221; custom_bg_color=&#8221;{&#8220;solid&#8220;:{&#8220;id&#8220;:&#8220;custom_color&#8220;,&#8220;color&#8220;:&#8220;rgba(253,237,218,1)&#8220;}}&#8221;][vc_column css_animation=&#8221;&#8221;][vc_text_element css_animation=&#8221;&#8221;] Reconnaissance territoriale Pride at Work Canada\/Fiert\u00e9 au travail Canada exerce ses activit\u00e9s sur des territoires traditionnels non c\u00e9d\u00e9s, vol\u00e9s ou vis\u00e9s par des trait\u00e9s appartenant \u00e0 des centaines de diff\u00e9rentes nations autochtones, parmi lesquelles comptent des personnes autochtones bispirituelles et LGBTQIA+. Si vous ne savez pas \u00e0 qui appartient le territoire o\u00f9 vous travaillez et vivez actuellement, consultez le site www.native-land.ca pour en apprendre davantage.[\/vc_text_element][vc_expandable_list skin=&#8221;light&#8221; css_animation=&#8221;&#8221;][vc_expandable_list_item bullet_style=&#8221;icon&#8221; [&hellip;]","og_url":"https:\/\/prideatwork.ca\/fr\/nous-rejoindre\/","og_site_name":"Pride At Work Canada","article_modified_time":"2025-09-08T15:49:37+00:00","og_image":[{"width":2400,"height":1350,"url":"https:\/\/prideatwork.ca\/wp-content\/uploads\/2024\/01\/PaWC-Logo-Thumbnail.png","type":"image\/png"}],"twitter_card":"summary_large_image","twitter_misc":{"Dur\u00e9e de lecture estim\u00e9e":"4 minutes"},"schema":{"@context":"https:\/\/schema.org","@graph":[{"@type":"WebPage","@id":"https:\/\/prideatwork.ca\/fr\/nous-rejoindre\/","url":"https:\/\/prideatwork.ca\/fr\/nous-rejoindre\/","name":"NOUS REJOINDRE - Pride At Work Canada","isPartOf":{"@id":"https:\/\/prideatwork.ca\/#website"},"primaryImageOfPage":{"@id":"https:\/\/prideatwork.ca\/fr\/nous-rejoindre\/#primaryimage"},"image":{"@id":"https:\/\/prideatwork.ca\/fr\/nous-rejoindre\/#primaryimage"},"thumbnailUrl":"https:\/\/staging.prideatwork.ca\/wp-content\/uploads\/2021\/11\/Banner-Black-scaled.jpg","datePublished":"2021-12-01T16:50:29+00:00","dateModified":"2025-09-08T15:49:37+00:00","breadcrumb":{"@id":"https:\/\/prideatwork.ca\/fr\/nous-rejoindre\/#breadcrumb"},"inLanguage":"fr-FR","potentialAction":[{"@type":"ReadAction","target":["https:\/\/prideatwork.ca\/fr\/nous-rejoindre\/"]}]},{"@type":"ImageObject","inLanguage":"fr-FR","@id":"https:\/\/prideatwork.ca\/fr\/nous-rejoindre\/#primaryimage","url":"https:\/\/staging.prideatwork.ca\/wp-content\/uploads\/2021\/11\/Banner-Black-scaled.jpg","contentUrl":"https:\/\/staging.prideatwork.ca\/wp-content\/uploads\/2021\/11\/Banner-Black-scaled.jpg","width":2560,"height":416},{"@type":"BreadcrumbList","@id":"https:\/\/prideatwork.ca\/fr\/nous-rejoindre\/#breadcrumb","itemListElement":[{"@type":"ListItem","position":1,"name":"Home","item":"https:\/\/prideatwork.ca\/fr\/"},{"@type":"ListItem","position":2,"name":"NOUS REJOINDRE"}]},{"@type":"WebSite","@id":"https:\/\/prideatwork.ca\/#website","url":"https:\/\/prideatwork.ca\/","name":"Pride At Work Canada","description":"","potentialAction":[{"@type":"SearchAction","target":{"@type":"EntryPoint","urlTemplate":"https:\/\/prideatwork.ca\/?s={search_term_string}"},"query-input":{"@type":"PropertyValueSpecification","valueRequired":true,"valueName":"search_term_string"}}],"inLanguage":"fr-FR"}]}},"ticketed":false,"_links":{"self":[{"href":"https:\/\/staging.prideatwork.ca\/fr\/wp-json\/wp\/v2\/pages\/551944","targetHints":{"allow":["GET"]}}],"collection":[{"href":"https:\/\/staging.prideatwork.ca\/fr\/wp-json\/wp\/v2\/pages"}],"about":[{"href":"https:\/\/staging.prideatwork.ca\/fr\/wp-json\/wp\/v2\/types\/page"}],"author":[{"embeddable":true,"href":"https:\/\/staging.prideatwork.ca\/fr\/wp-json\/wp\/v2\/users\/2"}],"replies":[{"embeddable":true,"href":"https:\/\/staging.prideatwork.ca\/fr\/wp-json\/wp\/v2\/comments?post=551944"}],"version-history":[{"count":33,"href":"https:\/\/staging.prideatwork.ca\/fr\/wp-json\/wp\/v2\/pages\/551944\/revisions"}],"predecessor-version":[{"id":4450571,"href":"https:\/\/staging.prideatwork.ca\/fr\/wp-json\/wp\/v2\/pages\/551944\/revisions\/4450571"}],"wp:featuredmedia":[{"embeddable":true,"href":"https:\/\/staging.prideatwork.ca\/fr\/wp-json\/wp\/v2\/media\/551631"}],"wp:attachment":[{"href":"https:\/\/staging.prideatwork.ca\/fr\/wp-json\/wp\/v2\/media?parent=551944"}],"curies":[{"name":"wp","href":"https:\/\/api.w.org\/{rel}","templated":true}]}}