{"id":4276283,"date":"2024-06-06T10:06:39","date_gmt":"2024-06-06T14:06:39","guid":{"rendered":"https:\/\/prideatwork.ca\/consulting\/"},"modified":"2024-09-09T09:43:02","modified_gmt":"2024-09-09T13:43:02","slug":"services-de-conseil","status":"publish","type":"page","link":"https:\/\/staging.prideatwork.ca\/fr\/services-de-conseil\/","title":{"rendered":"Services de conseil"},"content":{"rendered":"<p>[vc_section nav_skin=&#8221;light&#8221;][vc_row nav_skin=&#8221;light&#8221; consent_include=&#8221;include&#8221;][vc_column css_animation=&#8221;&#8221;][vc_text_element css_animation=&#8221;&#8221;]Fiert\u00e9 au travail Canada offre des services de conseil complets con\u00e7us pour favoriser l\u2019\u00e9quit\u00e9, la diversit\u00e9, l\u2019inclusion et l\u2019accessibilit\u00e9 au sein d\u2019organisations de toutes tailles et de tous secteurs. Fort\u00b7es de nos 15 ann\u00e9es d\u2019exp\u00e9rience, nous avons collabor\u00e9 avec des centaines d\u2019employeurs canadiens partout au pays pour offrir des services sp\u00e9cialis\u00e9s de formation et d\u2019\u00e9laboration et de mise en \u0153uvre de politiques et de programmes efficaces.<\/p>\n<p>Nos services de conseil couvrent un large \u00e9ventail de domaines, notamment :[\/vc_text_element][vc_row_inner consent_include=&#8221;include&#8221;][vc_column_inner width=&#8221;1\/3&#8243; css_animation=&#8221;&#8221;][vc_icon size=&#8221;50px&#8221; cont_size=&#8221;55px&#8221; align=&#8221;wtbx_align_center&#8221; css_animation=&#8221;&#8221; icon=&#8221;{&#8220;font&#8220;:&#8220;scape-basic&#8220;,&#8220;icon&#8220;:&#8220;scape-basic-Note-Pencil-2&#8220;}&#8221; icon_color=&#8221;{&#8220;solid&#8220;:{&#8220;id&#8220;:&#8220;custom_color&#8220;,&#8220;color&#8220;:&#8220;rgba(8,97,169,1)&#8220;}}&#8221;][vc_text_element css_animation=&#8221;&#8221;]<\/p>\n<h6 style=\"text-align: center;\">Collecte de donn\u00e9es relatives au personnel<\/h6>\n<p>Intervention \u00e0 m\u00eame les syst\u00e8mes de gestion du personnel (WorkDay, BambooHR, etc.) pour mettre \u00e0 jour et moderniser la collecte de donn\u00e9es relatives au personnel afin de la rendre plus inclusive en mati\u00e8re de donn\u00e9es 2SLGBTQIA+.[\/vc_text_element][\/vc_column_inner][vc_column_inner width=&#8221;1\/3&#8243; css_animation=&#8221;&#8221;][vc_icon size=&#8221;50px&#8221; cont_size=&#8221;55px&#8221; align=&#8221;wtbx_align_center&#8221; css_animation=&#8221;&#8221; icon=&#8221;{&#8220;font&#8220;:&#8220;scape-basic&#8220;,&#8220;icon&#8220;:&#8220;scape-basic-Book-Open-4&#8220;}&#8221; icon_color=&#8221;{&#8220;solid&#8220;:{&#8220;id&#8220;:&#8220;custom_color&#8220;,&#8220;color&#8220;:&#8220;rgba(8,97,169,1)&#8220;}}&#8221;][vc_text_element css_animation=&#8221;&#8221;]<\/p>\n<h6 style=\"text-align: center;\">Politiques d\u2019inclusion des personnes trans et non binaires<\/h6>\n<p>\u00c9laboration de plans de travail de la transition pour les petites et grandes organisations afin de soutenir le personnel en transition en milieu de travail.[\/vc_text_element][\/vc_column_inner][vc_column_inner width=&#8221;1\/3&#8243; css_animation=&#8221;&#8221;][vc_icon size=&#8221;50px&#8221; cont_size=&#8221;55px&#8221; align=&#8221;wtbx_align_center&#8221; css_animation=&#8221;&#8221; icon=&#8221;{&#8220;font&#8220;:&#8220;scape-business&#8220;,&#8220;icon&#8220;:&#8220;scape-business-Stetoscope&#8220;}&#8221; icon_color=&#8221;{&#8220;solid&#8220;:{&#8220;id&#8220;:&#8220;custom_color&#8220;,&#8220;color&#8220;:&#8220;rgba(8,97,169,1)&#8220;}}&#8221;][vc_text_element css_animation=&#8221;&#8221;]<\/p>\n<h6 style=\"text-align: center;\">R\u00e9gimes d\u2019avantages inclusifs<\/h6>\n<p>Conseils sur les r\u00e9gimes d\u2019avantages sociaux qui r\u00e9pondent aux besoins des \u00e9quipes diversifi\u00e9es, y compris les soins d\u2019affirmation du genre, les avantages familiaux, et bien plus encore.[\/vc_text_element][\/vc_column_inner][\/vc_row_inner][vc_row_inner consent_include=&#8221;include&#8221;][vc_column_inner width=&#8221;1\/3&#8243; css_animation=&#8221;&#8221;][vc_icon size=&#8221;50px&#8221; cont_size=&#8221;55px&#8221; align=&#8221;wtbx_align_center&#8221; css_animation=&#8221;&#8221; icon=&#8221;{&#8220;font&#8220;:&#8220;scape-devices&#8220;,&#8220;icon&#8220;:&#8220;scape-devices-Desktop-Computer-2&#8220;}&#8221; icon_color=&#8221;{&#8220;solid&#8220;:{&#8220;id&#8220;:&#8220;custom_color&#8220;,&#8220;color&#8220;:&#8220;rgba(8,97,169,1)&#8220;}}&#8221;][vc_text_element css_animation=&#8221;&#8221;]<\/p>\n<h6 style=\"text-align: center;\">Formations en inclusion compatibles avec les syst\u00e8me de gestion de l\u2019apprentissage (SGA)<\/h6>\n<p>D\u00e9veloppement de <a href=\"https:\/\/prideatwork.ca\/fr\/elearning\/\" target=\"_blank\" rel=\"noopener\">programmes d\u2019apprentissage en ligne<\/a> sur mesure, pr\u00eats \u00e0 \u00eatre int\u00e9gr\u00e9s dans les syst\u00e8mes de gestion de l\u2019apprentissage des entreprises, sur des sujets tels que l\u2019alliance inclusive et le recrutement inclusif.[\/vc_text_element][\/vc_column_inner][vc_column_inner width=&#8221;1\/3&#8243; css_animation=&#8221;&#8221;][vc_icon size=&#8221;50px&#8221; cont_size=&#8221;55px&#8221; align=&#8221;wtbx_align_center&#8221; css_animation=&#8221;&#8221; icon=&#8221;{&#8220;font&#8220;:&#8220;scape-people&#8220;,&#8220;icon&#8220;:&#8220;scape-people-Profile-Lightbulb&#8220;}&#8221; icon_color=&#8221;{&#8220;solid&#8220;:{&#8220;id&#8220;:&#8220;custom_color&#8220;,&#8220;color&#8220;:&#8220;rgba(8,97,169,1)&#8220;}}&#8221;][vc_text_element css_animation=&#8221;&#8221;]<\/p>\n<h6 style=\"text-align: center;\">Produits et services inclusifs<\/h6>\n<p>Conseils sur la fa\u00e7on d\u2019adapter les produits et services de votre entreprise pour r\u00e9pondre aux besoins de la client\u00e8le 2SLGBTQIA+, directement ou par l\u2019interm\u00e9diaire de canaux B2B pour les entreprises inclusives.[\/vc_text_element][\/vc_column_inner][vc_column_inner width=&#8221;1\/3&#8243; css_animation=&#8221;&#8221;][vc_icon size=&#8221;50px&#8221; cont_size=&#8221;55px&#8221; align=&#8221;wtbx_align_center&#8221; css_animation=&#8221;&#8221; icon=&#8221;{&#8220;font&#8220;:&#8220;scape-people&#8220;,&#8220;icon&#8220;:&#8220;scape-people-Connecting-Users&#8220;}&#8221; icon_color=&#8221;{&#8220;solid&#8220;:{&#8220;id&#8220;:&#8220;custom_color&#8220;,&#8220;color&#8220;:&#8220;rgba(8,97,169,1)&#8220;}}&#8221;][vc_text_element css_animation=&#8221;&#8221;]<\/p>\n<h6 style=\"text-align: center;\">Groupes de ressources pour employ\u00e9\u00b7e\u00b7s (GRE)<\/h6>\n<p>Mise en place et <a href=\"https:\/\/prideatwork.ca\/fr\/programmes\/flourish\/\">soutien<\/a> des GRE pour promouvoir l\u2019engagement et l\u2019inclusion du personnel.[\/vc_text_element][\/vc_column_inner][\/vc_row_inner][vc_text_element css_animation=&#8221;&#8221;]<strong>Nos autres services :<\/strong> enqu\u00eates aupr\u00e8s du personnel \u00e0 l\u2019\u00e9chelle de l\u2019entreprise, recrutement et d\u00e9veloppement inclusifs, \u00e9laboration de programmes de diversit\u00e9, initiatives d\u2019engagement communautaire, et plus encore.<\/p>\n<p>Fiert\u00e9 au travail Canada s\u2019engage \u00e0 aider votre organisation \u00e0 d\u00e9velopper un milieu de travail o\u00f9 chaque personne se sent valoris\u00e9e et habilit\u00e9e \u00e0 contribuer \u00e0 son plein potentiel. Nos sp\u00e9cialistes travaillent en \u00e9troite collaboration avec vous afin de comprendre vos besoins particuliers et d\u2019\u00e9laborer des solutions personnalis\u00e9es qui m\u00e8nent \u00e0 des changements significatifs.[\/vc_text_element][vc_empty_space height=&#8221;40px&#8221;][vc_row_inner consent_include=&#8221;include&#8221;][vc_column_inner width=&#8221;1\/6&#8243; css_animation=&#8221;&#8221;][\/vc_column_inner][vc_column_inner width=&#8221;4\/6&#8243; css_animation=&#8221;&#8221;][vc_content_box style=&#8221;style_1&#8243; hover_anim=&#8221;hover_disable&#8221; overflow=&#8221;&#8221; el_design=&#8221;{&#8220;desktop&#8220;:{&#8220;padding-top&#8220;:&#8220;45&#8220;,&#8220;padding-right&#8220;:&#8220;45&#8220;,&#8220;padding-bottom&#8220;:&#8220;45&#8220;,&#8220;padding-left&#8220;:&#8220;45&#8220;}}&#8221; equal_height=&#8221;&#8221; alignment=&#8221;&#8221; vertical_align=&#8221;&#8221; horizontal_align=&#8221;&#8221; css_animation=&#8221;&#8221; bg_color=&#8221;{&#8220;solid&#8220;:{&#8220;id&#8220;:&#8220;custom_color&#8220;,&#8220;color&#8220;:&#8220;rgba(212,249,253,1)&#8220;}}&#8221;][vc_text_element css_animation=&#8221;&#8221;]<\/p>\n<p style=\"text-align: center;\"><strong>Vous voulez faire le prochain pas vers un milieu de travail plus inclusif ?<\/strong><\/p>\n<p><span style=\"font-weight: 400;\">Communiquez avec nous d\u00e8s aujourd\u2019hui pour en apprendre davantage sur nos services de conseil et pour d\u00e9couvrir comment nous pouvons aider votre organisation \u00e0 progresser. Veuillez communiquer avec Misha Goforth (accords f\u00e9minins), gestionnaire des programmes, \u00e0 <a href=\"mailto:misha.goforth@prideatwork.ca\">misha.goforth@prideatwork.ca<\/a>, ou avec Jose Pati\u00f1o-Gomez (accords masculins), directeur des relations externes, \u00e0 <a href=\"mailto:jose.patino@prideatwork.ca\">jose.patino@prideatwork.ca<\/a>.[\/vc_text_element][\/vc_content_box][\/vc_column_inner][vc_column_inner width=&#8221;1\/6&#8243; css_animation=&#8221;&#8221;][\/vc_column_inner][\/vc_row_inner][\/vc_column][\/vc_row][\/vc_section]<\/span><\/p>\n","protected":false},"excerpt":{"rendered":"<p>[vc_section nav_skin=&#8221;light&#8221;][vc_row nav_skin=&#8221;light&#8221; consent_include=&#8221;include&#8221;][vc_column css_animation=&#8221;&#8221;][vc_text_element css_animation=&#8221;&#8221;]Fiert\u00e9 au travail Canada offre des services de conseil complets con\u00e7us pour favoriser l\u2019\u00e9quit\u00e9, la diversit\u00e9, l\u2019inclusion et l\u2019accessibilit\u00e9 au sein d\u2019organisations de toutes tailles et de tous secteurs. Fort\u00b7es de nos 15 ann\u00e9es d\u2019exp\u00e9rience, nous avons collabor\u00e9 avec des centaines d\u2019employeurs canadiens partout au pays pour offrir des services sp\u00e9cialis\u00e9s de formation et d\u2019\u00e9laboration et de mise en \u0153uvre de politiques et de programmes efficaces. Nos services de conseil [&hellip;]<\/p>\n","protected":false},"author":27,"featured_media":0,"parent":0,"menu_order":0,"comment_status":"closed","ping_status":"closed","template":"","meta":{"_price":"","_stock":"","_tribe_ticket_header":"","_tribe_default_ticket_provider":"","_tribe_ticket_capacity":"0","_ticket_start_date":"","_ticket_end_date":"","_tribe_ticket_show_description":"","_tribe_ticket_show_not_going":false,"_tribe_ticket_use_global_stock":"","_tribe_ticket_global_stock_level":"","_global_stock_mode":"","_global_stock_cap":"","_tribe_rsvp_for_event":"","_tribe_ticket_going_count":"","_tribe_ticket_not_going_count":"","_tribe_tickets_list":"[]","_tribe_ticket_has_attendee_info_fields":false,"footnotes":"","_tec_slr_enabled":"","_tec_slr_layout":""},"class_list":["post-4276283","page","type-page","status-publish","hentry"],"yoast_head":"<!-- This site is optimized with the Yoast SEO plugin v27.4 - https:\/\/yoast.com\/product\/yoast-seo-wordpress\/ -->\n<title>Services de conseil - Pride At Work Canada<\/title>\n<meta name=\"description\" content=\"Pride at Work Canada provides comprehensive consulting services designed to foster diversity, equity, inclusion, and accessibility within organizations of all sizes and sectors. With more than 15 years of experience, we have partnered with hundreds of Canadian employers from coast to coast to coast to deliver expert training, development, and implementation of impactful policies and programs.\" \/>\n<meta name=\"robots\" content=\"index, follow, max-snippet:-1, max-image-preview:large, max-video-preview:-1\" \/>\n<link rel=\"canonical\" href=\"https:\/\/prideatwork.ca\/fr\/services-de-conseil\/\" \/>\n<meta property=\"og:locale\" content=\"fr_FR\" \/>\n<meta property=\"og:type\" content=\"article\" \/>\n<meta property=\"og:title\" content=\"Consulting Services\" \/>\n<meta property=\"og:description\" content=\"Pride at Work Canada provides comprehensive consulting services designed to foster diversity, equity, inclusion, and accessibility within organizations of all sizes and sectors. With more than 15 years of experience, we have partnered with hundreds of Canadian employers from coast to coast to coast to deliver expert training, development, and implementation of impactful policies and programs.\" \/>\n<meta property=\"og:url\" content=\"https:\/\/prideatwork.ca\/fr\/services-de-conseil\/\" \/>\n<meta property=\"og:site_name\" content=\"Pride At Work Canada\" \/>\n<meta property=\"article:modified_time\" content=\"2024-09-09T13:43:02+00:00\" \/>\n<meta property=\"og:image\" content=\"https:\/\/prideatwork.ca\/wp-content\/uploads\/2024\/01\/PaWC-Logo-Thumbnail.png\" \/>\n\t<meta property=\"og:image:width\" content=\"2400\" \/>\n\t<meta property=\"og:image:height\" content=\"1350\" \/>\n\t<meta property=\"og:image:type\" content=\"image\/png\" \/>\n<meta name=\"twitter:card\" content=\"summary_large_image\" \/>\n<meta name=\"twitter:label1\" content=\"Dur\u00e9e de lecture estim\u00e9e\" \/>\n\t<meta name=\"twitter:data1\" content=\"3 minutes\" \/>\n<script type=\"application\/ld+json\" class=\"yoast-schema-graph\">{\"@context\":\"https:\\\/\\\/schema.org\",\"@graph\":[{\"@type\":\"WebPage\",\"@id\":\"https:\\\/\\\/prideatwork.ca\\\/fr\\\/services-de-conseil\\\/\",\"url\":\"https:\\\/\\\/prideatwork.ca\\\/fr\\\/services-de-conseil\\\/\",\"name\":\"Services de conseil - Pride At Work Canada\",\"isPartOf\":{\"@id\":\"https:\\\/\\\/prideatwork.ca\\\/#website\"},\"datePublished\":\"2024-06-06T14:06:39+00:00\",\"dateModified\":\"2024-09-09T13:43:02+00:00\",\"description\":\"Pride at Work Canada provides comprehensive consulting services designed to foster diversity, equity, inclusion, and accessibility within organizations of all sizes and sectors. With more than 15 years of experience, we have partnered with hundreds of Canadian employers from coast to coast to coast to deliver expert training, development, and implementation of impactful policies and programs.\",\"breadcrumb\":{\"@id\":\"https:\\\/\\\/prideatwork.ca\\\/fr\\\/services-de-conseil\\\/#breadcrumb\"},\"inLanguage\":\"fr-FR\",\"potentialAction\":[{\"@type\":\"ReadAction\",\"target\":[\"https:\\\/\\\/prideatwork.ca\\\/fr\\\/services-de-conseil\\\/\"]}]},{\"@type\":\"BreadcrumbList\",\"@id\":\"https:\\\/\\\/prideatwork.ca\\\/fr\\\/services-de-conseil\\\/#breadcrumb\",\"itemListElement\":[{\"@type\":\"ListItem\",\"position\":1,\"name\":\"Home\",\"item\":\"https:\\\/\\\/prideatwork.ca\\\/fr\\\/\"},{\"@type\":\"ListItem\",\"position\":2,\"name\":\"Services de conseil\"}]},{\"@type\":\"WebSite\",\"@id\":\"https:\\\/\\\/prideatwork.ca\\\/#website\",\"url\":\"https:\\\/\\\/prideatwork.ca\\\/\",\"name\":\"Pride At Work Canada\",\"description\":\"\",\"potentialAction\":[{\"@type\":\"SearchAction\",\"target\":{\"@type\":\"EntryPoint\",\"urlTemplate\":\"https:\\\/\\\/prideatwork.ca\\\/?s={search_term_string}\"},\"query-input\":{\"@type\":\"PropertyValueSpecification\",\"valueRequired\":true,\"valueName\":\"search_term_string\"}}],\"inLanguage\":\"fr-FR\"}]}<\/script>\n<!-- \/ Yoast SEO plugin. -->","yoast_head_json":{"title":"Services de conseil - Pride At Work Canada","description":"Pride at Work Canada provides comprehensive consulting services designed to foster diversity, equity, inclusion, and accessibility within organizations of all sizes and sectors. With more than 15 years of experience, we have partnered with hundreds of Canadian employers from coast to coast to coast to deliver expert training, development, and implementation of impactful policies and programs.","robots":{"index":"index","follow":"follow","max-snippet":"max-snippet:-1","max-image-preview":"max-image-preview:large","max-video-preview":"max-video-preview:-1"},"canonical":"https:\/\/prideatwork.ca\/fr\/services-de-conseil\/","og_locale":"fr_FR","og_type":"article","og_title":"Consulting Services","og_description":"Pride at Work Canada provides comprehensive consulting services designed to foster diversity, equity, inclusion, and accessibility within organizations of all sizes and sectors. With more than 15 years of experience, we have partnered with hundreds of Canadian employers from coast to coast to coast to deliver expert training, development, and implementation of impactful policies and programs.","og_url":"https:\/\/prideatwork.ca\/fr\/services-de-conseil\/","og_site_name":"Pride At Work Canada","article_modified_time":"2024-09-09T13:43:02+00:00","og_image":[{"width":2400,"height":1350,"url":"https:\/\/prideatwork.ca\/wp-content\/uploads\/2024\/01\/PaWC-Logo-Thumbnail.png","type":"image\/png"}],"twitter_card":"summary_large_image","twitter_misc":{"Dur\u00e9e de lecture estim\u00e9e":"3 minutes"},"schema":{"@context":"https:\/\/schema.org","@graph":[{"@type":"WebPage","@id":"https:\/\/prideatwork.ca\/fr\/services-de-conseil\/","url":"https:\/\/prideatwork.ca\/fr\/services-de-conseil\/","name":"Services de conseil - Pride At Work Canada","isPartOf":{"@id":"https:\/\/prideatwork.ca\/#website"},"datePublished":"2024-06-06T14:06:39+00:00","dateModified":"2024-09-09T13:43:02+00:00","description":"Pride at Work Canada provides comprehensive consulting services designed to foster diversity, equity, inclusion, and accessibility within organizations of all sizes and sectors. With more than 15 years of experience, we have partnered with hundreds of Canadian employers from coast to coast to coast to deliver expert training, development, and implementation of impactful policies and programs.","breadcrumb":{"@id":"https:\/\/prideatwork.ca\/fr\/services-de-conseil\/#breadcrumb"},"inLanguage":"fr-FR","potentialAction":[{"@type":"ReadAction","target":["https:\/\/prideatwork.ca\/fr\/services-de-conseil\/"]}]},{"@type":"BreadcrumbList","@id":"https:\/\/prideatwork.ca\/fr\/services-de-conseil\/#breadcrumb","itemListElement":[{"@type":"ListItem","position":1,"name":"Home","item":"https:\/\/prideatwork.ca\/fr\/"},{"@type":"ListItem","position":2,"name":"Services de conseil"}]},{"@type":"WebSite","@id":"https:\/\/prideatwork.ca\/#website","url":"https:\/\/prideatwork.ca\/","name":"Pride At Work Canada","description":"","potentialAction":[{"@type":"SearchAction","target":{"@type":"EntryPoint","urlTemplate":"https:\/\/prideatwork.ca\/?s={search_term_string}"},"query-input":{"@type":"PropertyValueSpecification","valueRequired":true,"valueName":"search_term_string"}}],"inLanguage":"fr-FR"}]}},"ticketed":false,"_links":{"self":[{"href":"https:\/\/staging.prideatwork.ca\/fr\/wp-json\/wp\/v2\/pages\/4276283","targetHints":{"allow":["GET"]}}],"collection":[{"href":"https:\/\/staging.prideatwork.ca\/fr\/wp-json\/wp\/v2\/pages"}],"about":[{"href":"https:\/\/staging.prideatwork.ca\/fr\/wp-json\/wp\/v2\/types\/page"}],"author":[{"embeddable":true,"href":"https:\/\/staging.prideatwork.ca\/fr\/wp-json\/wp\/v2\/users\/27"}],"replies":[{"embeddable":true,"href":"https:\/\/staging.prideatwork.ca\/fr\/wp-json\/wp\/v2\/comments?post=4276283"}],"version-history":[{"count":2,"href":"https:\/\/staging.prideatwork.ca\/fr\/wp-json\/wp\/v2\/pages\/4276283\/revisions"}],"predecessor-version":[{"id":4276285,"href":"https:\/\/staging.prideatwork.ca\/fr\/wp-json\/wp\/v2\/pages\/4276283\/revisions\/4276285"}],"wp:attachment":[{"href":"https:\/\/staging.prideatwork.ca\/fr\/wp-json\/wp\/v2\/media?parent=4276283"}],"curies":[{"name":"wp","href":"https:\/\/api.w.org\/{rel}","templated":true}]}}