{"id":3705115,"date":"2022-04-04T14:17:48","date_gmt":"2022-04-04T18:17:48","guid":{"rendered":"https:\/\/prideatwork.ca\/privacy-security\/"},"modified":"2024-02-08T10:49:29","modified_gmt":"2024-02-08T15:49:29","slug":"privacy-security","status":"publish","type":"page","link":"https:\/\/staging.prideatwork.ca\/fr\/privacy-security\/","title":{"rendered":"Confidentialit\u00e9"},"content":{"rendered":"<p>[vc_section nav_skin=&#8221;light&#8221;][vc_row nav_skin=&#8221;light&#8221; consent_include=&#8221;include&#8221;][vc_column width=&#8221;1\/6&#8243; css_animation=&#8221;&#8221;][\/vc_column][vc_column el_design=&#8221;{&#8220;desktop&#8220;:{&#8220;padding-top&#8220;:&#8220;15&#8220;,&#8220;padding-right&#8220;:&#8220;15&#8220;,&#8220;padding-bottom&#8220;:&#8220;15&#8220;,&#8220;padding-left&#8220;:&#8220;15&#8220;}}&#8221; width=&#8221;2\/3&#8243; css_animation=&#8221;&#8221;][vc_text_element css_animation=&#8221;&#8221;]La pr\u00e9sente d\u00e9claration de confidentialit\u00e9 r\u00e9git la mani\u00e8re dont Fiert\u00e9 au travail Canada recueille, utilise, conserve et divulgue les renseignements personnels recueillis aupr\u00e8s des Utilisateurs (au singulier, \u00ab l\u2019Utilisateur \u00bb) du site Web (le \u00ab Site \u00bb) <a href=\"https:\/\/prideatwork.ca\/fr\/\">www.prideatwork.ca<\/a>, directement ou indirectement. Cette d\u00e9claration de confidentialit\u00e9 s\u2019applique au Site m\u00eame, ainsi qu\u2019\u00e0 tous les produits, services et activit\u00e9s de Fiert\u00e9 au travail Canada. SI VOUS N&#8217;ACCEPTEZ PAS CETTE D\u00c9CLARATION DE CONFIDENTIALIT\u00c9, NE FOURNISSEZ PAS VOS RENSEIGNEMENTS PERSONNELS.[\/vc_text_element][vc_empty_space][vc_expandable_list style=&#8221;boxed&#8221; skin=&#8221;light&#8221; css_animation=&#8221;&#8221;][vc_expandable_list_item title=&#8221;Renseignements personnels&#8221;][vc_text_element css_animation=&#8221;&#8221;]Nous pouvons recueillir des renseignements personnels des Utilisateurs de notre Site de diverses fa\u00e7ons, en lien avec nos activit\u00e9s, services, fonctions et ressources et avec l\u2019utilisation de notre Site. Les Utilisateurs sont susceptibles d&#8217;\u00eatre invit\u00e9s \u00e0 fournir, le cas \u00e9ch\u00e9ant, leur nom, leur adresse, leur adresse courriel, leur num\u00e9ro de t\u00e9l\u00e9phone et tout autre renseignement personnel. Nous ne recueillons et n&#8217;utilisons les renseignements personnels qu&#8217;avec le consentement de la personne concern\u00e9e ou dans la mesure o\u00f9 les lois applicables l&#8217;autorisent ou l&#8217;exigent. Nous recueillons des renseignements personnels sur les Utilisateurs que s&#8217;ils les fournissent volontairement. Toutefois, si un Utilisateur fournit des renseignements sur une autre personne, nous pr\u00e9sumons que l\u2019Utilisateur est autoris\u00e9 \u00e0 le faire et qu\u2019il a obtenu le consentement de la personne pour la collecte, l&#8217;utilisation ou la divulgation de ses renseignements aux fins \u00e9nonc\u00e9es dans la pr\u00e9sente d\u00e9claration de confidentialit\u00e9. Les Utilisateurs peuvent toujours refuser de fournir des renseignements personnels, en reconnaissant que cela peut les emp\u00eacher de participer \u00e0 certaines activit\u00e9s li\u00e9es \u00e0 notre Site ou \u00e0 toute autre activit\u00e9 offerte par Fiert\u00e9 au travail Canada. Nous ne recueillons pas sciemment les renseignements personnels aupr\u00e8s de personnes de moins de dix-huit (18) ans.[\/vc_text_element][\/vc_expandable_list_item][vc_expandable_list_item title=&#8221;Renseignements non personnels&#8221;][vc_text_element css_animation=&#8221;&#8221;]Nous pouvons recueillir des renseignements non personnels sur les Utilisateurs chaque fois qu\u2019ils visitent notre Site. Les renseignements non personnels peuvent comprendre le nom du navigateur Web, le type d\u2019ordinateur utilis\u00e9 et d\u2019autres renseignements techniques qui permettent \u00e0 l\u2019Utilisateur de se connecter \u00e0 notre Site (p. ex. syst\u00e8me d\u2019exploitation et fournisseur de services Internet), ainsi que tout autre renseignement du genre.[\/vc_text_element][\/vc_expandable_list_item][vc_expandable_list_item title=&#8221;T\u00e9moins de navigation&#8221;][vc_text_element css_animation=&#8221;&#8221;]Notre Site peut utiliser des t\u00e9moins de navigation (cookies) pour am\u00e9liorer l&#8217;exp\u00e9rience de l&#8217;Utilisateur. Le navigateur Web de l&#8217;Utilisateur enregistre des fichiers de t\u00e9moins sur son disque dur \u00e0 des fins d&#8217;archivage et parfois de suivi d\u2019informations \u00e0 son propos. L\u2018Utilisateur peut choisir de configurer son navigateur Web pour refuser les t\u00e9moins ou pour l\u2019avertir de l&#8217;envoi de t\u00e9moins. Si l\u2019Utilisateur d\u00e9cide de se pr\u00e9valoir de cette option, certaines parties du Site peuvent ne pas fonctionner correctement ou comme pr\u00e9vu.[\/vc_text_element][\/vc_expandable_list_item][vc_expandable_list_item title=&#8221;Utilisation des renseignements personnels recueillis&#8221;][vc_text_element css_animation=&#8221;&#8221;]Fiert\u00e9 au travail Canada recueille et utilise les renseignements personnels de l\u2019Utilisateur aux fins suivantes :<\/p>\n<ul>\n<li><strong>Personnalisation de l\u2019exp\u00e9rience de l\u2019Utilisateur<\/strong><br \/>\nNous pouvons utiliser les renseignements dans leur ensemble pour comprendre comment nos Utilisateurs, en tant que groupe, utilisent les services et les ressources offerts sur notre Site.<\/li>\n<li><strong>Am\u00e9lioration de notre Site<\/strong><br \/>\nNous nous effor\u00e7ons continuellement d\u2019am\u00e9liorer notre Site en tenant compte des renseignements et des commentaires fournis par les Utilisateurs.<\/li>\n<li><strong>Am\u00e9lioration de notre service \u00e0 la client\u00e8le<\/strong><br \/>\nLes renseignements personnels fournis par les Utilisateurs nous permettent d\u2019offrir un service \u00e0 la client\u00e8le et un soutien technique plus efficaces.<\/li>\n<li><strong>Envoi de courriels p\u00e9riodiques<\/strong><br \/>\nSi un Utilisateur choisit de s\u2019inscrire \u00e0 notre liste de diffusion, il recevra des courriels qui peuvent comprendre des nouvelles de l\u2019entreprise, des mises \u00e0 jour, des renseignements sur les produits et services, etc. Si, \u00e0 tout moment, l\u2019Utilisateur souhaite se d\u00e9sinscrire pour ne plus recevoir ces courriels, des instructions d\u00e9taill\u00e9es de d\u00e9sinscription sont fournies \u00e0 la fin de chaque courriel. L\u2019Utilisateur peut \u00e9galement se d\u00e9sinscrire en communiquant avec nous par l\u2019interm\u00e9diaire de notre Site.<\/li>\n<\/ul>\n<p>Nous pouvons utiliser vos renseignements personnels lorsque la loi l&#8217;autorise, par exemple pour r\u00e9pondre \u00e0 une situation d&#8217;urgence ou dans le cadre d&#8217;une enqu\u00eate sur un comportement ill\u00e9gal.<\/p>\n<p>Nous ne recueillons vos renseignements personnels qu&#8217;avec votre consentement, qui peut \u00eatre explicite ou implicite, y compris par votre acceptation des modalit\u00e9s de la pr\u00e9sente d\u00e9claration de confidentialit\u00e9.<\/p>\n<p>Vous pouvez retirer votre consentement \u00e0 tout moment, quelle que soit la mani\u00e8re dont il a \u00e9t\u00e9 obtenu. Veuillez noter que, dans certaines circonstances, il peut nous \u00eatre impossible de vous fournir (ou de continuer \u00e0 vous fournir) des produits ou services sans votre consentement \u00e0 la cueillette, \u00e0 l&#8217;utilisation, au stockage ou \u00e0 la divulgation de vos renseignements personnels.<\/p>\n<p>Nous ne n\u00e9cessitons pas votre consentement dans certaines situations pr\u00e9vues par la loi, par exemple lorsque l&#8217;utilisation des renseignements personnels est n\u00e9cessaire \u00e0 la fourniture d&#8217;un service que vous avez demand\u00e9, \u00e0 la pr\u00e9vention et \u00e0 la d\u00e9tection de la fraude ou \u00e0 l&#8217;\u00e9valuation et \u00e0 l&#8217;am\u00e9lioration des mesures de protection et de s\u00e9curit\u00e9, ou lorsqu&#8217;ils sont clairement utilis\u00e9s \u00e0 votre b\u00e9n\u00e9fice (par exemple, en cas d&#8217;urgence m\u00e9dicale ou de menace envers votre s\u00e9curit\u00e9).[\/vc_text_element][\/vc_expandable_list_item][vc_expandable_list_item title=&#8221;Protection des renseignements personnels&#8221;][vc_text_element css_animation=&#8221;&#8221;]Nous utilisons des m\u00e9thodes appropri\u00e9es de cueillette, de stockage et de traitement des renseignements personnels recueillis. Nous recourons \u00e9galement \u00e0 des mesures de s\u00e9curit\u00e9 ad\u00e9quates afin de prot\u00e9ger l\u2019Utilisateur contre toute utilisation, modification, divulgation et destruction non autoris\u00e9es des renseignements personnels recueillis, du nom d\u2019utilisateur, du mot de passe, des renseignements li\u00e9s aux transactions et de toute autre donn\u00e9e stock\u00e9e dans notre Site.<\/p>\n<p>L\u2019\u00e9change des renseignements personnels et confidentiels entre notre Site et ses Utilisateurs s\u2019effectue sur une voie de transmission s\u00e9curis\u00e9e faisant usage du protocole SSL; ces renseignements sont crypt\u00e9s et prot\u00e9g\u00e9s \u00e0 l\u2019aide de signatures num\u00e9riques.<br \/>\n[\/vc_text_element][\/vc_expandable_list_item][vc_expandable_list_item title=&#8221;Partage des renseignements personnels&#8221; tab_id=&#8221;1649095742479-5-8&#8243;][vc_text_element css_animation=&#8221;&#8221;]D\u2019aucune mani\u00e8re, nous ne vendons, n\u2019\u00e9changeons ou ne louons les renseignements personnels de l\u2019Utilisateur \u00e0 d\u2019autres personnes. Cependant, il se peut que nous partagions avec nos partenaires, membres affili\u00e9s et annonceurs des renseignements d\u00e9mographiques g\u00e9n\u00e9raux qui ne sont pas li\u00e9s aux renseignements personnels des Utilisateurs ou visiteurs de notre Site, et ce, aux fins pr\u00e9cis\u00e9es ci-dessus.[\/vc_text_element][\/vc_expandable_list_item][vc_expandable_list_item title=&#8221;Sites Web de tiers&#8221; tab_id=&#8221;1649095748142-6-4&#8243;][vc_text_element css_animation=&#8221;&#8221;]Les Utilisateurs qui visitent notre Site peuvent y trouver des annonces publicitaires ou autres \u00e9l\u00e9ments de contenu qui renvoient aux sites et services de nos partenaires, fournisseurs, annonceurs, commanditaires, conc\u00e9dants de licence ou autres tiers. Nous n\u2019avons aucun contr\u00f4le sur le contenu ou les liens qui apparaissent sur ces sites et ne sommes aucunement responsables des m\u00e9thodes utilis\u00e9es sur les sites Web li\u00e9s \u00e0 notre Site. Par ailleurs, ces sites ou services, y compris leur contenu et liens, peuvent \u00eatre modifi\u00e9s constamment, avoir leur propre d\u00e9claration de confidentialit\u00e9 et leurs propres politiques en mati\u00e8re de service \u00e0 la client\u00e8le. La navigation et l&#8217;interaction sur tout autre site Web, y compris les sites ayant un lien avec notre Site, est r\u00e9gie par les modalit\u00e9s et politiques de ces sites respectifs.[\/vc_text_element][\/vc_expandable_list_item][vc_expandable_list_item title=&#8221;Modifications\/ajouts \u00e0 la pr\u00e9sente d\u00e9claration de confidentialit\u00e9&#8221; tab_id=&#8221;1649095751847-7-8&#8243;][vc_text_element css_animation=&#8221;&#8221;]Fiert\u00e9 au travail Canada se r\u00e9serve le droit de mettre \u00e0 jour la pr\u00e9sente d\u00e9claration de confidentialit\u00e9 \u00e0 tout moment. La date de la mise \u00e0 jour sera indiqu\u00e9e au bas de la page de la pr\u00e9sente d\u00e9claration de confidentialit\u00e9, le cas \u00e9ch\u00e9ant. Nous invitons les Utilisateurs \u00e0 consulter r\u00e9guli\u00e8rement cette page pour prendre connaissance de tout changement et se tenir au courant de la fa\u00e7on dont nous contribuons \u00e0 prot\u00e9ger les renseignements personnels que nous recueillons. Les Utilisateurs reconnaissent et conviennent qu&#8217;il est de leur responsabilit\u00e9 de consulter r\u00e9guli\u00e8rement la pr\u00e9sente d\u00e9claration de confidentialit\u00e9 et de prendre connaissance de toute modification.<\/p>\n<p>Nous pouvons ajouter des modalit\u00e9s \u00e0 la pr\u00e9sente d\u00e9claration de confidentialit\u00e9 au moment o\u00f9 nous recueillons vos renseignements personnels (ou avant).[\/vc_text_element][\/vc_expandable_list_item][vc_expandable_list_item title=&#8221;Acceptation de nos conditions&#8221; tab_id=&#8221;1649095754623-8-0&#8243;][vc_text_element css_animation=&#8221;&#8221;]En utilisant ce Site, vous signifiez votre acceptation de cette d\u00e9claration en tant qu&#8217;Utilisateur. Si vous ne consentez pas \u00e0 cette d\u00e9claration, nous vous demandons de ne pas utiliser notre Site. Votre utilisation continue du Site, \u00e0 la suite de la publication de modifications apport\u00e9es \u00e0 la pr\u00e9sente d\u00e9claration, constitue votre acceptation de celles-ci. Si, \u00e0 tout moment, vous n&#8217;acceptez plus les conditions de la pr\u00e9sente d\u00e9claration de confidentialit\u00e9 ou toute autre condition relative \u00e0 la confidentialit\u00e9 que nous vous avons communiqu\u00e9e, veuillez ne pas utiliser ou interagir avec notre Site, nos produits ou nos services.[\/vc_text_element][\/vc_expandable_list_item][\/vc_expandable_list][vc_text_element css_animation=&#8221;&#8221;]<\/p>\n<h5>Pour nous joindre<\/h5>\n<p>Pour toute question concernant la pr\u00e9sente d\u00e9claration de confidentialit\u00e9, les m\u00e9thodes utilis\u00e9es sur notre Site ou votre interaction avec le Site, veuillez communiquer avec nous \u00e0 l\u2019adresse suivante :<\/p>\n<p>Fiert\u00e9 au travail Canada<\/p>\n<p><a href=\"mailto:info@prideatwork.ca\">info@prideatwork.ca<\/a><\/p>\n<p>Si nous ne sommes pas en mesure de r\u00e9pondre convenablement \u00e0 votre pr\u00e9occupation ou \u00e0 votre plainte, vous avez \u00e9galement le droit de contacter ou de d\u00e9poser une plainte aupr\u00e8s du Commissariat \u00e0 la protection de la vie priv\u00e9e du Canada.<\/p>\n<p>Ce document a \u00e9t\u00e9 mis \u00e0 jour le 8 f\u00e9vrier 2024.[\/vc_text_element][\/vc_column][vc_column width=&#8221;1\/6&#8243; css_animation=&#8221;&#8221;][\/vc_column][\/vc_row][\/vc_section]<\/p>\n","protected":false},"excerpt":{"rendered":"<p>[vc_section nav_skin=&#8221;light&#8221;][vc_row nav_skin=&#8221;light&#8221; consent_include=&#8221;include&#8221;][vc_column width=&#8221;1\/6&#8243; css_animation=&#8221;&#8221;][\/vc_column][vc_column el_design=&#8221;{&#8220;desktop&#8220;:{&#8220;padding-top&#8220;:&#8220;15&#8220;,&#8220;padding-right&#8220;:&#8220;15&#8220;,&#8220;padding-bottom&#8220;:&#8220;15&#8220;,&#8220;padding-left&#8220;:&#8220;15&#8220;}}&#8221; width=&#8221;2\/3&#8243; css_animation=&#8221;&#8221;][vc_text_element css_animation=&#8221;&#8221;]La pr\u00e9sente d\u00e9claration de confidentialit\u00e9 r\u00e9git la mani\u00e8re dont Fiert\u00e9 au travail Canada recueille, utilise, conserve et divulgue les renseignements personnels recueillis aupr\u00e8s des Utilisateurs (au singulier, \u00ab l\u2019Utilisateur \u00bb) du site Web (le \u00ab Site \u00bb) www.prideatwork.ca, directement ou indirectement. Cette d\u00e9claration de confidentialit\u00e9 s\u2019applique au Site m\u00eame, ainsi qu\u2019\u00e0 tous les produits, services et activit\u00e9s de Fiert\u00e9 au travail Canada. SI VOUS N&#8217;ACCEPTEZ PAS [&hellip;]<\/p>\n","protected":false},"author":27,"featured_media":0,"parent":0,"menu_order":0,"comment_status":"closed","ping_status":"closed","template":"","meta":{"_price":"","_stock":"","_tribe_ticket_header":"","_tribe_default_ticket_provider":"","_tribe_ticket_capacity":"0","_ticket_start_date":"","_ticket_end_date":"","_tribe_ticket_show_description":"","_tribe_ticket_show_not_going":false,"_tribe_ticket_use_global_stock":"","_tribe_ticket_global_stock_level":"","_global_stock_mode":"","_global_stock_cap":"","_tribe_rsvp_for_event":"","_tribe_ticket_going_count":"","_tribe_ticket_not_going_count":"","_tribe_tickets_list":"[]","_tribe_ticket_has_attendee_info_fields":false,"footnotes":"","_tec_slr_enabled":"","_tec_slr_layout":""},"class_list":["post-3705115","page","type-page","status-publish","hentry"],"yoast_head":"<!-- This site is optimized with the Yoast SEO plugin v27.4 - https:\/\/yoast.com\/product\/yoast-seo-wordpress\/ -->\n<title>Confidentialit\u00e9 - Pride At Work Canada<\/title>\n<meta name=\"robots\" content=\"index, follow, max-snippet:-1, max-image-preview:large, max-video-preview:-1\" \/>\n<link rel=\"canonical\" href=\"https:\/\/prideatwork.ca\/fr\/privacy-security\/\" \/>\n<meta property=\"og:locale\" content=\"fr_FR\" \/>\n<meta property=\"og:type\" content=\"article\" \/>\n<meta property=\"og:title\" content=\"Confidentialit\u00e9 - Pride At Work Canada\" \/>\n<meta property=\"og:description\" content=\"[vc_section nav_skin=&#8221;light&#8221;][vc_row nav_skin=&#8221;light&#8221; consent_include=&#8221;include&#8221;][vc_column width=&#8221;1\/6&#8243; css_animation=&#8221;&#8221;][\/vc_column][vc_column el_design=&#8221;{&#8220;desktop&#8220;:{&#8220;padding-top&#8220;:&#8220;15&#8220;,&#8220;padding-right&#8220;:&#8220;15&#8220;,&#8220;padding-bottom&#8220;:&#8220;15&#8220;,&#8220;padding-left&#8220;:&#8220;15&#8220;}}&#8221; width=&#8221;2\/3&#8243; css_animation=&#8221;&#8221;][vc_text_element css_animation=&#8221;&#8221;]La pr\u00e9sente d\u00e9claration de confidentialit\u00e9 r\u00e9git la mani\u00e8re dont Fiert\u00e9 au travail Canada recueille, utilise, conserve et divulgue les renseignements personnels recueillis aupr\u00e8s des Utilisateurs (au singulier, \u00ab l\u2019Utilisateur \u00bb) du site Web (le \u00ab Site \u00bb) www.prideatwork.ca, directement ou indirectement. Cette d\u00e9claration de confidentialit\u00e9 s\u2019applique au Site m\u00eame, ainsi qu\u2019\u00e0 tous les produits, services et activit\u00e9s de Fiert\u00e9 au travail Canada. SI VOUS N&#8217;ACCEPTEZ PAS [&hellip;]\" \/>\n<meta property=\"og:url\" content=\"https:\/\/prideatwork.ca\/fr\/privacy-security\/\" \/>\n<meta property=\"og:site_name\" content=\"Pride At Work Canada\" \/>\n<meta property=\"article:modified_time\" content=\"2024-02-08T15:49:29+00:00\" \/>\n<meta name=\"twitter:card\" content=\"summary_large_image\" \/>\n<meta name=\"twitter:label1\" content=\"Dur\u00e9e de lecture estim\u00e9e\" \/>\n\t<meta name=\"twitter:data1\" content=\"7 minutes\" \/>\n<script type=\"application\/ld+json\" class=\"yoast-schema-graph\">{\"@context\":\"https:\\\/\\\/schema.org\",\"@graph\":[{\"@type\":\"WebPage\",\"@id\":\"https:\\\/\\\/prideatwork.ca\\\/fr\\\/privacy-security\\\/\",\"url\":\"https:\\\/\\\/prideatwork.ca\\\/fr\\\/privacy-security\\\/\",\"name\":\"Confidentialit\u00e9 - Pride At Work Canada\",\"isPartOf\":{\"@id\":\"https:\\\/\\\/prideatwork.ca\\\/#website\"},\"datePublished\":\"2022-04-04T18:17:48+00:00\",\"dateModified\":\"2024-02-08T15:49:29+00:00\",\"breadcrumb\":{\"@id\":\"https:\\\/\\\/prideatwork.ca\\\/fr\\\/privacy-security\\\/#breadcrumb\"},\"inLanguage\":\"fr-FR\",\"potentialAction\":[{\"@type\":\"ReadAction\",\"target\":[\"https:\\\/\\\/prideatwork.ca\\\/fr\\\/privacy-security\\\/\"]}]},{\"@type\":\"BreadcrumbList\",\"@id\":\"https:\\\/\\\/prideatwork.ca\\\/fr\\\/privacy-security\\\/#breadcrumb\",\"itemListElement\":[{\"@type\":\"ListItem\",\"position\":1,\"name\":\"Home\",\"item\":\"https:\\\/\\\/prideatwork.ca\\\/fr\\\/\"},{\"@type\":\"ListItem\",\"position\":2,\"name\":\"Confidentialit\u00e9\"}]},{\"@type\":\"WebSite\",\"@id\":\"https:\\\/\\\/prideatwork.ca\\\/#website\",\"url\":\"https:\\\/\\\/prideatwork.ca\\\/\",\"name\":\"Pride At Work Canada\",\"description\":\"\",\"potentialAction\":[{\"@type\":\"SearchAction\",\"target\":{\"@type\":\"EntryPoint\",\"urlTemplate\":\"https:\\\/\\\/prideatwork.ca\\\/?s={search_term_string}\"},\"query-input\":{\"@type\":\"PropertyValueSpecification\",\"valueRequired\":true,\"valueName\":\"search_term_string\"}}],\"inLanguage\":\"fr-FR\"}]}<\/script>\n<!-- \/ Yoast SEO plugin. -->","yoast_head_json":{"title":"Confidentialit\u00e9 - Pride At Work Canada","robots":{"index":"index","follow":"follow","max-snippet":"max-snippet:-1","max-image-preview":"max-image-preview:large","max-video-preview":"max-video-preview:-1"},"canonical":"https:\/\/prideatwork.ca\/fr\/privacy-security\/","og_locale":"fr_FR","og_type":"article","og_title":"Confidentialit\u00e9 - Pride At Work Canada","og_description":"[vc_section nav_skin=&#8221;light&#8221;][vc_row nav_skin=&#8221;light&#8221; consent_include=&#8221;include&#8221;][vc_column width=&#8221;1\/6&#8243; css_animation=&#8221;&#8221;][\/vc_column][vc_column el_design=&#8221;{&#8220;desktop&#8220;:{&#8220;padding-top&#8220;:&#8220;15&#8220;,&#8220;padding-right&#8220;:&#8220;15&#8220;,&#8220;padding-bottom&#8220;:&#8220;15&#8220;,&#8220;padding-left&#8220;:&#8220;15&#8220;}}&#8221; width=&#8221;2\/3&#8243; css_animation=&#8221;&#8221;][vc_text_element css_animation=&#8221;&#8221;]La pr\u00e9sente d\u00e9claration de confidentialit\u00e9 r\u00e9git la mani\u00e8re dont Fiert\u00e9 au travail Canada recueille, utilise, conserve et divulgue les renseignements personnels recueillis aupr\u00e8s des Utilisateurs (au singulier, \u00ab l\u2019Utilisateur \u00bb) du site Web (le \u00ab Site \u00bb) www.prideatwork.ca, directement ou indirectement. Cette d\u00e9claration de confidentialit\u00e9 s\u2019applique au Site m\u00eame, ainsi qu\u2019\u00e0 tous les produits, services et activit\u00e9s de Fiert\u00e9 au travail Canada. SI VOUS N&#8217;ACCEPTEZ PAS [&hellip;]","og_url":"https:\/\/prideatwork.ca\/fr\/privacy-security\/","og_site_name":"Pride At Work Canada","article_modified_time":"2024-02-08T15:49:29+00:00","twitter_card":"summary_large_image","twitter_misc":{"Dur\u00e9e de lecture estim\u00e9e":"7 minutes"},"schema":{"@context":"https:\/\/schema.org","@graph":[{"@type":"WebPage","@id":"https:\/\/prideatwork.ca\/fr\/privacy-security\/","url":"https:\/\/prideatwork.ca\/fr\/privacy-security\/","name":"Confidentialit\u00e9 - Pride At Work Canada","isPartOf":{"@id":"https:\/\/prideatwork.ca\/#website"},"datePublished":"2022-04-04T18:17:48+00:00","dateModified":"2024-02-08T15:49:29+00:00","breadcrumb":{"@id":"https:\/\/prideatwork.ca\/fr\/privacy-security\/#breadcrumb"},"inLanguage":"fr-FR","potentialAction":[{"@type":"ReadAction","target":["https:\/\/prideatwork.ca\/fr\/privacy-security\/"]}]},{"@type":"BreadcrumbList","@id":"https:\/\/prideatwork.ca\/fr\/privacy-security\/#breadcrumb","itemListElement":[{"@type":"ListItem","position":1,"name":"Home","item":"https:\/\/prideatwork.ca\/fr\/"},{"@type":"ListItem","position":2,"name":"Confidentialit\u00e9"}]},{"@type":"WebSite","@id":"https:\/\/prideatwork.ca\/#website","url":"https:\/\/prideatwork.ca\/","name":"Pride At Work Canada","description":"","potentialAction":[{"@type":"SearchAction","target":{"@type":"EntryPoint","urlTemplate":"https:\/\/prideatwork.ca\/?s={search_term_string}"},"query-input":{"@type":"PropertyValueSpecification","valueRequired":true,"valueName":"search_term_string"}}],"inLanguage":"fr-FR"}]}},"ticketed":false,"_links":{"self":[{"href":"https:\/\/staging.prideatwork.ca\/fr\/wp-json\/wp\/v2\/pages\/3705115","targetHints":{"allow":["GET"]}}],"collection":[{"href":"https:\/\/staging.prideatwork.ca\/fr\/wp-json\/wp\/v2\/pages"}],"about":[{"href":"https:\/\/staging.prideatwork.ca\/fr\/wp-json\/wp\/v2\/types\/page"}],"author":[{"embeddable":true,"href":"https:\/\/staging.prideatwork.ca\/fr\/wp-json\/wp\/v2\/users\/27"}],"replies":[{"embeddable":true,"href":"https:\/\/staging.prideatwork.ca\/fr\/wp-json\/wp\/v2\/comments?post=3705115"}],"version-history":[{"count":4,"href":"https:\/\/staging.prideatwork.ca\/fr\/wp-json\/wp\/v2\/pages\/3705115\/revisions"}],"predecessor-version":[{"id":4155155,"href":"https:\/\/staging.prideatwork.ca\/fr\/wp-json\/wp\/v2\/pages\/3705115\/revisions\/4155155"}],"wp:attachment":[{"href":"https:\/\/staging.prideatwork.ca\/fr\/wp-json\/wp\/v2\/media?parent=3705115"}],"curies":[{"name":"wp","href":"https:\/\/api.w.org\/{rel}","templated":true}]}}