{"id":3614589,"date":"2022-03-21T10:43:32","date_gmt":"2022-03-21T14:43:32","guid":{"rendered":"https:\/\/prideatwork-dev.massifsolutions.ca\/devenir-partenaire-communautaire\/"},"modified":"2024-02-22T09:55:47","modified_gmt":"2024-02-22T14:55:47","slug":"devenir-partenaire-communautaire","status":"publish","type":"page","link":"https:\/\/staging.prideatwork.ca\/fr\/devenir-partenaire-communautaire\/","title":{"rendered":"Devenir Partenaire Communautaire"},"content":{"rendered":"<p>[vc_section nav_skin=&#8221;light&#8221;][vc_row nav_skin=&#8221;light&#8221; consent_include=&#8221;include&#8221; custom_bg_color=&#8221;{&#8220;solid&#8220;:{&#8220;id&#8220;:&#8220;custom_color&#8220;,&#8220;color&#8220;:&#8220;rgba(249,224,224,1)&#8220;}}&#8221; font_color=&#8221;{&#8220;id&#8220;:&#8220;Light background&#8220;,&#8220;color&#8220;:&#8220;#f7f8fd&#8220;}&#8221; el_design=&#8221;{&#8220;desktop&#8220;:{&#8220;padding-bottom&#8220;:&#8220;30px&#8220;}}&#8221;][vc_column width=&#8221;1\/6&#8243; css_animation=&#8221;&#8221;][\/vc_column][vc_column width=&#8221;2\/3&#8243; css_animation=&#8221;&#8221;][vc_text_element css_animation=&#8221;&#8221; color=&#8221;{&#8220;id&#8220;:&#8220;Dark color&#8220;,&#8220;color&#8220;:&#8220;#0d111c&#8220;}&#8221;]<\/p>\n<h5>Les partenaires communautaires de Fiert\u00e9 au travail Canada sont des organismes \u00e0 but non lucratif qui servent les communaut\u00e9s 2SLGBTQIA+, qui soutiennent la diversit\u00e9, l\u2019\u00e9quit\u00e9 et l\u2019inclusion en milieu de travail, ou qui se battent pour \u00e9liminer les obstacles \u00e0 l\u2019emploi pour les communaut\u00e9s vis\u00e9es par l\u2019\u00e9quit\u00e9 au Canada. Nous travaillons de concert avec nos partenaires communautaires sur des \u00e9v\u00e9nements, des projets de recherche et d\u2019autres opportunit\u00e9s de collaboration. Le partenariat communautaire permet \u00e0 votre organisme d\u2019atteindre un plus grand public, d\u2019\u00eatre mis en avant sur la page des partenaires communautaires de notre site Web et d\u2019avoir acc\u00e8s \u00e0 nos webinaires et \u00e0 nos \u00e9v\u00e9nements de r\u00e9seautage.<\/h5>\n<h5>Le partenariat communautaire est un niveau d\u2019adh\u00e9sion gratuit qui offre les avantages suivants :<\/h5>\n<p>[\/vc_text_element][\/vc_column][vc_column width=&#8221;1\/6&#8243; css_animation=&#8221;&#8221;][\/vc_column][\/vc_row][vc_row nav_skin=&#8221;light&#8221; consent_include=&#8221;include&#8221;][vc_column width=&#8221;1\/6&#8243; css_animation=&#8221;&#8221;][\/vc_column][vc_column width=&#8221;2\/3&#8243; css_animation=&#8221;&#8221;][vc_text_element css_animation=&#8221;&#8221;]<\/p>\n<h3><strong>Webinaires riches en contenu<\/strong><\/h3>\n<p>Recevez un acc\u00e8s gratuit \u00e0 nos webinaires, qui couvrent un large \u00e9ventail de sujets li\u00e9s \u00e0 la diversit\u00e9, l\u2019\u00e9quit\u00e9 et l\u2019inclusion. Les webinaires en anglais sont offerts sur une base mensuelle et les webinaires en fran\u00e7ais sont offerts aux deux mois.<\/p>\n<h3><strong>Promotion<\/strong><\/h3>\n<p>En tant que partenaire, Fiert\u00e9 au travail Canada est l\u00e0 pour aider votre organisme \u00e0 promouvoir ses \u00e9v\u00e9nements et \u00e0 atteindre un public plus large par le biais de nos canaux de m\u00e9dias sociaux. Nous encourageons toujours les partenaires communautaires \u00e0 nous faire part de leurs \u00e9v\u00e9nements ou de leurs projets \u00e0 venir pour que nous puissions en faire la promotion.<\/p>\n<h3><strong>Page des partenaires communautaires<\/strong><\/h3>\n<p>Obtenez plus de visibilit\u00e9 sur le site Web de Fiert\u00e9 au travail Canada par l\u2019entremise d\u2019une page partenaire situ\u00e9e sous l\u2019onglet \u00ab Partenaires communautaires \u00bb. Les pages des partenaires pr\u00e9sentent le logo ainsi qu\u2019une description de l\u2019organisation et de ses services.<\/p>\n<h3><strong>Possibilit\u00e9s de collaboration<\/strong><\/h3>\n<p>Les partenaires communautaires figurent sur notre liste pr\u00e9s\u00e9lectionn\u00e9e lorsqu\u2019il s\u2019agit de trouver des conf\u00e9renciers ou des partenaires pour nos \u00e9v\u00e9nements et nos projets. Fiert\u00e9 au travail Canada soutient toujours avec enthousiasme le travail important de ses partenaires communautaires, et ces derniers sont toujours invit\u00e9s \u00e0 nous rejoindre pour en apprendre davantage sur les fa\u00e7ons dont nous pouvons les aider.<\/p>\n<p>Les organisations admissibles au partenariat communautaire sont les suivantes :<\/p>\n<ul>\n<li>Les organismes \u00e0 but non lucratif et de bienfaisance consacr\u00e9s aux communaut\u00e9s 2SLGBTQIA+.<\/li>\n<li>Les organismes \u00e0 but non lucratif et de bienfaisance de lutte contre le VIH\/sida.<\/li>\n<li>Les organismes \u00e0 but non lucratif et de bienfaisance consacr\u00e9s aux communaut\u00e9s autochtones.<\/li>\n<li>Les organisations \u00e0 but non lucratif qui travaillent dans le domaine de la diversit\u00e9, de l\u2019\u00e9quit\u00e9 et de l\u2019inclusion en milieu de travail.<\/li>\n<\/ul>\n<p>Vous souhaitez vous joindre \u00e0 notre r\u00e9seau de partenaires communautaires ? Veuillez soumettre vos renseignements ci-dessous ou contactez Quinn Blue (il\/lui), Coordinateur des programmes et de l&#8217;engagement, \u00e0 l\u2019adresse <a href=\"mailto:quinn.blue@prideatwork.ca\">quinn.blue@prideatwork.ca<\/a>.[\/vc_text_element][vc_text_element css_animation=&#8221;&#8221;]<iframe loading=\"lazy\" class=\"clickup-embed clickup-dynamic-height\" style=\"background: transparent; border: 1px solid #ccc;\" src=\"https:\/\/forms.clickup.com\/f\/a2aqu-5647\/077HSFYWJHJ7KCSC5A\" width=\"100%\" height=\"100%\"><\/iframe><script async src=\"https:\/\/app-cdn.clickup.com\/assets\/js\/forms-embed\/v1.js\"><\/script>[\/vc_text_element][\/vc_column][vc_column width=&#8221;1\/6&#8243; css_animation=&#8221;&#8221;][\/vc_column][\/vc_row][\/vc_section]<\/p>\n","protected":false},"excerpt":{"rendered":"<p>[vc_section nav_skin=&#8221;light&#8221;][vc_row nav_skin=&#8221;light&#8221; consent_include=&#8221;include&#8221; custom_bg_color=&#8221;{&#8220;solid&#8220;:{&#8220;id&#8220;:&#8220;custom_color&#8220;,&#8220;color&#8220;:&#8220;rgba(249,224,224,1)&#8220;}}&#8221; font_color=&#8221;{&#8220;id&#8220;:&#8220;Light background&#8220;,&#8220;color&#8220;:&#8220;#f7f8fd&#8220;}&#8221; el_design=&#8221;{&#8220;desktop&#8220;:{&#8220;padding-bottom&#8220;:&#8220;30px&#8220;}}&#8221;][vc_column width=&#8221;1\/6&#8243; css_animation=&#8221;&#8221;][\/vc_column][vc_column width=&#8221;2\/3&#8243; css_animation=&#8221;&#8221;][vc_text_element css_animation=&#8221;&#8221; color=&#8221;{&#8220;id&#8220;:&#8220;Dark color&#8220;,&#8220;color&#8220;:&#8220;#0d111c&#8220;}&#8221;] Les partenaires communautaires de Fiert\u00e9 au travail Canada sont des organismes \u00e0 but non lucratif qui servent les communaut\u00e9s 2SLGBTQIA+, qui soutiennent la diversit\u00e9, l\u2019\u00e9quit\u00e9 et l\u2019inclusion en milieu de travail, ou qui se battent pour \u00e9liminer les obstacles \u00e0 l\u2019emploi pour les communaut\u00e9s vis\u00e9es par l\u2019\u00e9quit\u00e9 au Canada. Nous travaillons de concert avec nos partenaires communautaires sur des \u00e9v\u00e9nements, [&hellip;]<\/p>\n","protected":false},"author":1,"featured_media":0,"parent":0,"menu_order":0,"comment_status":"closed","ping_status":"closed","template":"","meta":{"_price":"","_stock":"","_tribe_ticket_header":"","_tribe_default_ticket_provider":"","_tribe_ticket_capacity":"0","_ticket_start_date":"","_ticket_end_date":"","_tribe_ticket_show_description":"","_tribe_ticket_show_not_going":false,"_tribe_ticket_use_global_stock":"","_tribe_ticket_global_stock_level":"","_global_stock_mode":"","_global_stock_cap":"","_tribe_rsvp_for_event":"","_tribe_ticket_going_count":"","_tribe_ticket_not_going_count":"","_tribe_tickets_list":"[]","_tribe_ticket_has_attendee_info_fields":false,"footnotes":"","_tec_slr_enabled":"","_tec_slr_layout":""},"class_list":["post-3614589","page","type-page","status-publish","hentry"],"yoast_head":"<!-- This site is optimized with the Yoast SEO plugin v27.4 - https:\/\/yoast.com\/product\/yoast-seo-wordpress\/ -->\n<title>Devenir Partenaire Communautaire - Pride At Work Canada<\/title>\n<meta name=\"robots\" content=\"index, follow, max-snippet:-1, max-image-preview:large, max-video-preview:-1\" \/>\n<link rel=\"canonical\" href=\"https:\/\/prideatwork.ca\/fr\/devenir-partenaire-communautaire\/\" \/>\n<meta property=\"og:locale\" content=\"fr_FR\" \/>\n<meta property=\"og:type\" content=\"article\" \/>\n<meta property=\"og:title\" content=\"Devenir Partenaire Communautaire - Pride At Work Canada\" \/>\n<meta property=\"og:description\" content=\"[vc_section nav_skin=&#8221;light&#8221;][vc_row nav_skin=&#8221;light&#8221; consent_include=&#8221;include&#8221; custom_bg_color=&#8221;{&#8220;solid&#8220;:{&#8220;id&#8220;:&#8220;custom_color&#8220;,&#8220;color&#8220;:&#8220;rgba(249,224,224,1)&#8220;}}&#8221; font_color=&#8221;{&#8220;id&#8220;:&#8220;Light background&#8220;,&#8220;color&#8220;:&#8220;#f7f8fd&#8220;}&#8221; el_design=&#8221;{&#8220;desktop&#8220;:{&#8220;padding-bottom&#8220;:&#8220;30px&#8220;}}&#8221;][vc_column width=&#8221;1\/6&#8243; css_animation=&#8221;&#8221;][\/vc_column][vc_column width=&#8221;2\/3&#8243; css_animation=&#8221;&#8221;][vc_text_element css_animation=&#8221;&#8221; color=&#8221;{&#8220;id&#8220;:&#8220;Dark color&#8220;,&#8220;color&#8220;:&#8220;#0d111c&#8220;}&#8221;] Les partenaires communautaires de Fiert\u00e9 au travail Canada sont des organismes \u00e0 but non lucratif qui servent les communaut\u00e9s 2SLGBTQIA+, qui soutiennent la diversit\u00e9, l\u2019\u00e9quit\u00e9 et l\u2019inclusion en milieu de travail, ou qui se battent pour \u00e9liminer les obstacles \u00e0 l\u2019emploi pour les communaut\u00e9s vis\u00e9es par l\u2019\u00e9quit\u00e9 au Canada. Nous travaillons de concert avec nos partenaires communautaires sur des \u00e9v\u00e9nements, [&hellip;]\" \/>\n<meta property=\"og:url\" content=\"https:\/\/prideatwork.ca\/fr\/devenir-partenaire-communautaire\/\" \/>\n<meta property=\"og:site_name\" content=\"Pride At Work Canada\" \/>\n<meta property=\"article:modified_time\" content=\"2024-02-22T14:55:47+00:00\" \/>\n<meta name=\"twitter:card\" content=\"summary_large_image\" \/>\n<meta name=\"twitter:label1\" content=\"Dur\u00e9e de lecture estim\u00e9e\" \/>\n\t<meta name=\"twitter:data1\" content=\"3 minutes\" \/>\n<script type=\"application\/ld+json\" class=\"yoast-schema-graph\">{\"@context\":\"https:\\\/\\\/schema.org\",\"@graph\":[{\"@type\":\"WebPage\",\"@id\":\"https:\\\/\\\/prideatwork.ca\\\/fr\\\/devenir-partenaire-communautaire\\\/\",\"url\":\"https:\\\/\\\/prideatwork.ca\\\/fr\\\/devenir-partenaire-communautaire\\\/\",\"name\":\"Devenir Partenaire Communautaire - Pride At Work Canada\",\"isPartOf\":{\"@id\":\"https:\\\/\\\/prideatwork.ca\\\/#website\"},\"datePublished\":\"2022-03-21T14:43:32+00:00\",\"dateModified\":\"2024-02-22T14:55:47+00:00\",\"breadcrumb\":{\"@id\":\"https:\\\/\\\/prideatwork.ca\\\/fr\\\/devenir-partenaire-communautaire\\\/#breadcrumb\"},\"inLanguage\":\"fr-FR\",\"potentialAction\":[{\"@type\":\"ReadAction\",\"target\":[\"https:\\\/\\\/prideatwork.ca\\\/fr\\\/devenir-partenaire-communautaire\\\/\"]}]},{\"@type\":\"BreadcrumbList\",\"@id\":\"https:\\\/\\\/prideatwork.ca\\\/fr\\\/devenir-partenaire-communautaire\\\/#breadcrumb\",\"itemListElement\":[{\"@type\":\"ListItem\",\"position\":1,\"name\":\"Home\",\"item\":\"https:\\\/\\\/prideatwork.ca\\\/fr\\\/\"},{\"@type\":\"ListItem\",\"position\":2,\"name\":\"Devenir Partenaire Communautaire\"}]},{\"@type\":\"WebSite\",\"@id\":\"https:\\\/\\\/prideatwork.ca\\\/#website\",\"url\":\"https:\\\/\\\/prideatwork.ca\\\/\",\"name\":\"Pride At Work Canada\",\"description\":\"\",\"potentialAction\":[{\"@type\":\"SearchAction\",\"target\":{\"@type\":\"EntryPoint\",\"urlTemplate\":\"https:\\\/\\\/prideatwork.ca\\\/?s={search_term_string}\"},\"query-input\":{\"@type\":\"PropertyValueSpecification\",\"valueRequired\":true,\"valueName\":\"search_term_string\"}}],\"inLanguage\":\"fr-FR\"}]}<\/script>\n<!-- \/ Yoast SEO plugin. -->","yoast_head_json":{"title":"Devenir Partenaire Communautaire - Pride At Work Canada","robots":{"index":"index","follow":"follow","max-snippet":"max-snippet:-1","max-image-preview":"max-image-preview:large","max-video-preview":"max-video-preview:-1"},"canonical":"https:\/\/prideatwork.ca\/fr\/devenir-partenaire-communautaire\/","og_locale":"fr_FR","og_type":"article","og_title":"Devenir Partenaire Communautaire - Pride At Work Canada","og_description":"[vc_section nav_skin=&#8221;light&#8221;][vc_row nav_skin=&#8221;light&#8221; consent_include=&#8221;include&#8221; custom_bg_color=&#8221;{&#8220;solid&#8220;:{&#8220;id&#8220;:&#8220;custom_color&#8220;,&#8220;color&#8220;:&#8220;rgba(249,224,224,1)&#8220;}}&#8221; font_color=&#8221;{&#8220;id&#8220;:&#8220;Light background&#8220;,&#8220;color&#8220;:&#8220;#f7f8fd&#8220;}&#8221; el_design=&#8221;{&#8220;desktop&#8220;:{&#8220;padding-bottom&#8220;:&#8220;30px&#8220;}}&#8221;][vc_column width=&#8221;1\/6&#8243; css_animation=&#8221;&#8221;][\/vc_column][vc_column width=&#8221;2\/3&#8243; css_animation=&#8221;&#8221;][vc_text_element css_animation=&#8221;&#8221; color=&#8221;{&#8220;id&#8220;:&#8220;Dark color&#8220;,&#8220;color&#8220;:&#8220;#0d111c&#8220;}&#8221;] Les partenaires communautaires de Fiert\u00e9 au travail Canada sont des organismes \u00e0 but non lucratif qui servent les communaut\u00e9s 2SLGBTQIA+, qui soutiennent la diversit\u00e9, l\u2019\u00e9quit\u00e9 et l\u2019inclusion en milieu de travail, ou qui se battent pour \u00e9liminer les obstacles \u00e0 l\u2019emploi pour les communaut\u00e9s vis\u00e9es par l\u2019\u00e9quit\u00e9 au Canada. Nous travaillons de concert avec nos partenaires communautaires sur des \u00e9v\u00e9nements, [&hellip;]","og_url":"https:\/\/prideatwork.ca\/fr\/devenir-partenaire-communautaire\/","og_site_name":"Pride At Work Canada","article_modified_time":"2024-02-22T14:55:47+00:00","twitter_card":"summary_large_image","twitter_misc":{"Dur\u00e9e de lecture estim\u00e9e":"3 minutes"},"schema":{"@context":"https:\/\/schema.org","@graph":[{"@type":"WebPage","@id":"https:\/\/prideatwork.ca\/fr\/devenir-partenaire-communautaire\/","url":"https:\/\/prideatwork.ca\/fr\/devenir-partenaire-communautaire\/","name":"Devenir Partenaire Communautaire - Pride At Work Canada","isPartOf":{"@id":"https:\/\/prideatwork.ca\/#website"},"datePublished":"2022-03-21T14:43:32+00:00","dateModified":"2024-02-22T14:55:47+00:00","breadcrumb":{"@id":"https:\/\/prideatwork.ca\/fr\/devenir-partenaire-communautaire\/#breadcrumb"},"inLanguage":"fr-FR","potentialAction":[{"@type":"ReadAction","target":["https:\/\/prideatwork.ca\/fr\/devenir-partenaire-communautaire\/"]}]},{"@type":"BreadcrumbList","@id":"https:\/\/prideatwork.ca\/fr\/devenir-partenaire-communautaire\/#breadcrumb","itemListElement":[{"@type":"ListItem","position":1,"name":"Home","item":"https:\/\/prideatwork.ca\/fr\/"},{"@type":"ListItem","position":2,"name":"Devenir Partenaire Communautaire"}]},{"@type":"WebSite","@id":"https:\/\/prideatwork.ca\/#website","url":"https:\/\/prideatwork.ca\/","name":"Pride At Work Canada","description":"","potentialAction":[{"@type":"SearchAction","target":{"@type":"EntryPoint","urlTemplate":"https:\/\/prideatwork.ca\/?s={search_term_string}"},"query-input":{"@type":"PropertyValueSpecification","valueRequired":true,"valueName":"search_term_string"}}],"inLanguage":"fr-FR"}]}},"ticketed":false,"_links":{"self":[{"href":"https:\/\/staging.prideatwork.ca\/fr\/wp-json\/wp\/v2\/pages\/3614589","targetHints":{"allow":["GET"]}}],"collection":[{"href":"https:\/\/staging.prideatwork.ca\/fr\/wp-json\/wp\/v2\/pages"}],"about":[{"href":"https:\/\/staging.prideatwork.ca\/fr\/wp-json\/wp\/v2\/types\/page"}],"author":[{"embeddable":true,"href":"https:\/\/staging.prideatwork.ca\/fr\/wp-json\/wp\/v2\/users\/1"}],"replies":[{"embeddable":true,"href":"https:\/\/staging.prideatwork.ca\/fr\/wp-json\/wp\/v2\/comments?post=3614589"}],"version-history":[{"count":7,"href":"https:\/\/staging.prideatwork.ca\/fr\/wp-json\/wp\/v2\/pages\/3614589\/revisions"}],"predecessor-version":[{"id":4162986,"href":"https:\/\/staging.prideatwork.ca\/fr\/wp-json\/wp\/v2\/pages\/3614589\/revisions\/4162986"}],"wp:attachment":[{"href":"https:\/\/staging.prideatwork.ca\/fr\/wp-json\/wp\/v2\/media?parent=3614589"}],"curies":[{"name":"wp","href":"https:\/\/api.w.org\/{rel}","templated":true}]}}