{"id":3539550,"date":"2022-03-10T16:26:15","date_gmt":"2022-03-10T21:26:15","guid":{"rendered":"https:\/\/prideatwork-dev.massifsolutions.ca\/?page_id=3539550"},"modified":"2022-03-10T16:26:16","modified_gmt":"2022-03-10T21:26:16","slug":"simpliquer","status":"publish","type":"page","link":"https:\/\/staging.prideatwork.ca\/fr\/nous-rejoindre\/simpliquer\/","title":{"rendered":"S\u2019IMPLIQUER"},"content":{"rendered":"<p>[vc_row nav_skin=&#8221;light&#8221; consent_include=&#8221;include&#8221;][vc_column width=&#8221;1\/6&#8243; css_animation=&#8221;&#8221;][\/vc_column][vc_column width=&#8221;2\/3&#8243; css_animation=&#8221;&#8221;][vc_text_element css_animation=&#8221;&#8221;]Il existe tant de fa\u00e7ons pour vous de contribuer aux efforts de Fiert\u00e9 au travail Canada! Vous pouvez devenir un d\u00e9fenseur, un b\u00e9n\u00e9vole, ou encore un partenaire corporatif. Nous recrutons m\u00eame \u00e0 l\u2019occasion des membres pour notre conseil d\u2019administration.[\/vc_text_element][\/vc_column][vc_column width=&#8221;1\/6&#8243; css_animation=&#8221;&#8221;][\/vc_column][\/vc_row]<\/p>\n","protected":false},"excerpt":{"rendered":"<p>[vc_row nav_skin=&#8221;light&#8221; consent_include=&#8221;include&#8221;][vc_column width=&#8221;1\/6&#8243; css_animation=&#8221;&#8221;][\/vc_column][vc_column width=&#8221;2\/3&#8243; css_animation=&#8221;&#8221;][vc_text_element css_animation=&#8221;&#8221;]Il existe tant de fa\u00e7ons pour vous de contribuer aux efforts de Fiert\u00e9 au travail Canada! Vous pouvez devenir un d\u00e9fenseur, un b\u00e9n\u00e9vole, ou encore un partenaire corporatif. Nous recrutons m\u00eame \u00e0 l\u2019occasion des membres pour notre conseil d\u2019administration.[\/vc_text_element][\/vc_column][vc_column width=&#8221;1\/6&#8243; css_animation=&#8221;&#8221;][\/vc_column][\/vc_row]<\/p>\n","protected":false},"author":1,"featured_media":551647,"parent":551944,"menu_order":0,"comment_status":"closed","ping_status":"closed","template":"","meta":{"_price":"","_stock":"","_tribe_ticket_header":"","_tribe_default_ticket_provider":"","_tribe_ticket_capacity":"0","_ticket_start_date":"","_ticket_end_date":"","_tribe_ticket_show_description":"","_tribe_ticket_show_not_going":false,"_tribe_ticket_use_global_stock":"","_tribe_ticket_global_stock_level":"","_global_stock_mode":"","_global_stock_cap":"","_tribe_rsvp_for_event":"","_tribe_ticket_going_count":"","_tribe_ticket_not_going_count":"","_tribe_tickets_list":"[]","_tribe_ticket_has_attendee_info_fields":false,"footnotes":"","_tec_slr_enabled":"","_tec_slr_layout":""},"class_list":["post-3539550","page","type-page","status-publish","has-post-thumbnail","hentry"],"yoast_head":"<!-- This site is optimized with the Yoast SEO plugin v27.4 - https:\/\/yoast.com\/product\/yoast-seo-wordpress\/ -->\n<title>S\u2019IMPLIQUER - Pride At Work Canada<\/title>\n<meta name=\"robots\" content=\"index, follow, max-snippet:-1, max-image-preview:large, max-video-preview:-1\" \/>\n<link rel=\"canonical\" href=\"https:\/\/prideatwork.ca\/fr\/nous-rejoindre\/simpliquer\/\" \/>\n<meta property=\"og:locale\" content=\"fr_FR\" \/>\n<meta property=\"og:type\" content=\"article\" \/>\n<meta property=\"og:title\" content=\"S\u2019IMPLIQUER - Pride At Work Canada\" \/>\n<meta property=\"og:description\" content=\"[vc_row nav_skin=&#8221;light&#8221; consent_include=&#8221;include&#8221;][vc_column width=&#8221;1\/6&#8243; css_animation=&#8221;&#8221;][\/vc_column][vc_column width=&#8221;2\/3&#8243; css_animation=&#8221;&#8221;][vc_text_element css_animation=&#8221;&#8221;]Il existe tant de fa\u00e7ons pour vous de contribuer aux efforts de Fiert\u00e9 au travail Canada! Vous pouvez devenir un d\u00e9fenseur, un b\u00e9n\u00e9vole, ou encore un partenaire corporatif. Nous recrutons m\u00eame \u00e0 l\u2019occasion des membres pour notre conseil d\u2019administration.[\/vc_text_element][\/vc_column][vc_column width=&#8221;1\/6&#8243; css_animation=&#8221;&#8221;][\/vc_column][\/vc_row]\" \/>\n<meta property=\"og:url\" content=\"https:\/\/prideatwork.ca\/fr\/nous-rejoindre\/simpliquer\/\" \/>\n<meta property=\"og:site_name\" content=\"Pride At Work Canada\" \/>\n<meta property=\"article:modified_time\" content=\"2022-03-10T21:26:16+00:00\" \/>\n<meta property=\"og:image\" content=\"https:\/\/prideatwork.ca\/wp-content\/uploads\/2021\/11\/Banner-Yellow-scaled.jpg\" \/>\n\t<meta property=\"og:image:width\" content=\"2560\" \/>\n\t<meta property=\"og:image:height\" content=\"416\" \/>\n\t<meta property=\"og:image:type\" content=\"image\/jpeg\" \/>\n<meta name=\"twitter:card\" content=\"summary_large_image\" \/>\n<script type=\"application\/ld+json\" class=\"yoast-schema-graph\">{\"@context\":\"https:\\\/\\\/schema.org\",\"@graph\":[{\"@type\":\"WebPage\",\"@id\":\"https:\\\/\\\/prideatwork.ca\\\/fr\\\/nous-rejoindre\\\/simpliquer\\\/\",\"url\":\"https:\\\/\\\/prideatwork.ca\\\/fr\\\/nous-rejoindre\\\/simpliquer\\\/\",\"name\":\"S\u2019IMPLIQUER - Pride At Work Canada\",\"isPartOf\":{\"@id\":\"https:\\\/\\\/prideatwork.ca\\\/#website\"},\"primaryImageOfPage\":{\"@id\":\"https:\\\/\\\/prideatwork.ca\\\/fr\\\/nous-rejoindre\\\/simpliquer\\\/#primaryimage\"},\"image\":{\"@id\":\"https:\\\/\\\/prideatwork.ca\\\/fr\\\/nous-rejoindre\\\/simpliquer\\\/#primaryimage\"},\"thumbnailUrl\":\"https:\\\/\\\/staging.prideatwork.ca\\\/wp-content\\\/uploads\\\/2021\\\/11\\\/Banner-Yellow-scaled.jpg\",\"datePublished\":\"2022-03-10T21:26:15+00:00\",\"dateModified\":\"2022-03-10T21:26:16+00:00\",\"breadcrumb\":{\"@id\":\"https:\\\/\\\/prideatwork.ca\\\/fr\\\/nous-rejoindre\\\/simpliquer\\\/#breadcrumb\"},\"inLanguage\":\"fr-FR\",\"potentialAction\":[{\"@type\":\"ReadAction\",\"target\":[\"https:\\\/\\\/prideatwork.ca\\\/fr\\\/nous-rejoindre\\\/simpliquer\\\/\"]}]},{\"@type\":\"ImageObject\",\"inLanguage\":\"fr-FR\",\"@id\":\"https:\\\/\\\/prideatwork.ca\\\/fr\\\/nous-rejoindre\\\/simpliquer\\\/#primaryimage\",\"url\":\"https:\\\/\\\/staging.prideatwork.ca\\\/wp-content\\\/uploads\\\/2021\\\/11\\\/Banner-Yellow-scaled.jpg\",\"contentUrl\":\"https:\\\/\\\/staging.prideatwork.ca\\\/wp-content\\\/uploads\\\/2021\\\/11\\\/Banner-Yellow-scaled.jpg\",\"width\":2560,\"height\":416},{\"@type\":\"BreadcrumbList\",\"@id\":\"https:\\\/\\\/prideatwork.ca\\\/fr\\\/nous-rejoindre\\\/simpliquer\\\/#breadcrumb\",\"itemListElement\":[{\"@type\":\"ListItem\",\"position\":1,\"name\":\"Home\",\"item\":\"https:\\\/\\\/prideatwork.ca\\\/fr\\\/\"},{\"@type\":\"ListItem\",\"position\":2,\"name\":\"NOUS REJOINDRE\",\"item\":\"https:\\\/\\\/prideatwork.ca\\\/fr\\\/nous-rejoindre\\\/\"},{\"@type\":\"ListItem\",\"position\":3,\"name\":\"S\u2019IMPLIQUER\"}]},{\"@type\":\"WebSite\",\"@id\":\"https:\\\/\\\/prideatwork.ca\\\/#website\",\"url\":\"https:\\\/\\\/prideatwork.ca\\\/\",\"name\":\"Pride At Work Canada\",\"description\":\"\",\"potentialAction\":[{\"@type\":\"SearchAction\",\"target\":{\"@type\":\"EntryPoint\",\"urlTemplate\":\"https:\\\/\\\/prideatwork.ca\\\/?s={search_term_string}\"},\"query-input\":{\"@type\":\"PropertyValueSpecification\",\"valueRequired\":true,\"valueName\":\"search_term_string\"}}],\"inLanguage\":\"fr-FR\"}]}<\/script>\n<!-- \/ Yoast SEO plugin. -->","yoast_head_json":{"title":"S\u2019IMPLIQUER - Pride At Work Canada","robots":{"index":"index","follow":"follow","max-snippet":"max-snippet:-1","max-image-preview":"max-image-preview:large","max-video-preview":"max-video-preview:-1"},"canonical":"https:\/\/prideatwork.ca\/fr\/nous-rejoindre\/simpliquer\/","og_locale":"fr_FR","og_type":"article","og_title":"S\u2019IMPLIQUER - Pride At Work Canada","og_description":"[vc_row nav_skin=&#8221;light&#8221; consent_include=&#8221;include&#8221;][vc_column width=&#8221;1\/6&#8243; css_animation=&#8221;&#8221;][\/vc_column][vc_column width=&#8221;2\/3&#8243; css_animation=&#8221;&#8221;][vc_text_element css_animation=&#8221;&#8221;]Il existe tant de fa\u00e7ons pour vous de contribuer aux efforts de Fiert\u00e9 au travail Canada! Vous pouvez devenir un d\u00e9fenseur, un b\u00e9n\u00e9vole, ou encore un partenaire corporatif. Nous recrutons m\u00eame \u00e0 l\u2019occasion des membres pour notre conseil d\u2019administration.[\/vc_text_element][\/vc_column][vc_column width=&#8221;1\/6&#8243; css_animation=&#8221;&#8221;][\/vc_column][\/vc_row]","og_url":"https:\/\/prideatwork.ca\/fr\/nous-rejoindre\/simpliquer\/","og_site_name":"Pride At Work Canada","article_modified_time":"2022-03-10T21:26:16+00:00","og_image":[{"width":2560,"height":416,"url":"https:\/\/prideatwork.ca\/wp-content\/uploads\/2021\/11\/Banner-Yellow-scaled.jpg","type":"image\/jpeg"}],"twitter_card":"summary_large_image","schema":{"@context":"https:\/\/schema.org","@graph":[{"@type":"WebPage","@id":"https:\/\/prideatwork.ca\/fr\/nous-rejoindre\/simpliquer\/","url":"https:\/\/prideatwork.ca\/fr\/nous-rejoindre\/simpliquer\/","name":"S\u2019IMPLIQUER - Pride At Work Canada","isPartOf":{"@id":"https:\/\/prideatwork.ca\/#website"},"primaryImageOfPage":{"@id":"https:\/\/prideatwork.ca\/fr\/nous-rejoindre\/simpliquer\/#primaryimage"},"image":{"@id":"https:\/\/prideatwork.ca\/fr\/nous-rejoindre\/simpliquer\/#primaryimage"},"thumbnailUrl":"https:\/\/staging.prideatwork.ca\/wp-content\/uploads\/2021\/11\/Banner-Yellow-scaled.jpg","datePublished":"2022-03-10T21:26:15+00:00","dateModified":"2022-03-10T21:26:16+00:00","breadcrumb":{"@id":"https:\/\/prideatwork.ca\/fr\/nous-rejoindre\/simpliquer\/#breadcrumb"},"inLanguage":"fr-FR","potentialAction":[{"@type":"ReadAction","target":["https:\/\/prideatwork.ca\/fr\/nous-rejoindre\/simpliquer\/"]}]},{"@type":"ImageObject","inLanguage":"fr-FR","@id":"https:\/\/prideatwork.ca\/fr\/nous-rejoindre\/simpliquer\/#primaryimage","url":"https:\/\/staging.prideatwork.ca\/wp-content\/uploads\/2021\/11\/Banner-Yellow-scaled.jpg","contentUrl":"https:\/\/staging.prideatwork.ca\/wp-content\/uploads\/2021\/11\/Banner-Yellow-scaled.jpg","width":2560,"height":416},{"@type":"BreadcrumbList","@id":"https:\/\/prideatwork.ca\/fr\/nous-rejoindre\/simpliquer\/#breadcrumb","itemListElement":[{"@type":"ListItem","position":1,"name":"Home","item":"https:\/\/prideatwork.ca\/fr\/"},{"@type":"ListItem","position":2,"name":"NOUS REJOINDRE","item":"https:\/\/prideatwork.ca\/fr\/nous-rejoindre\/"},{"@type":"ListItem","position":3,"name":"S\u2019IMPLIQUER"}]},{"@type":"WebSite","@id":"https:\/\/prideatwork.ca\/#website","url":"https:\/\/prideatwork.ca\/","name":"Pride At Work Canada","description":"","potentialAction":[{"@type":"SearchAction","target":{"@type":"EntryPoint","urlTemplate":"https:\/\/prideatwork.ca\/?s={search_term_string}"},"query-input":{"@type":"PropertyValueSpecification","valueRequired":true,"valueName":"search_term_string"}}],"inLanguage":"fr-FR"}]}},"ticketed":false,"_links":{"self":[{"href":"https:\/\/staging.prideatwork.ca\/fr\/wp-json\/wp\/v2\/pages\/3539550","targetHints":{"allow":["GET"]}}],"collection":[{"href":"https:\/\/staging.prideatwork.ca\/fr\/wp-json\/wp\/v2\/pages"}],"about":[{"href":"https:\/\/staging.prideatwork.ca\/fr\/wp-json\/wp\/v2\/types\/page"}],"author":[{"embeddable":true,"href":"https:\/\/staging.prideatwork.ca\/fr\/wp-json\/wp\/v2\/users\/1"}],"replies":[{"embeddable":true,"href":"https:\/\/staging.prideatwork.ca\/fr\/wp-json\/wp\/v2\/comments?post=3539550"}],"version-history":[{"count":4,"href":"https:\/\/staging.prideatwork.ca\/fr\/wp-json\/wp\/v2\/pages\/3539550\/revisions"}],"predecessor-version":[{"id":3539554,"href":"https:\/\/staging.prideatwork.ca\/fr\/wp-json\/wp\/v2\/pages\/3539550\/revisions\/3539554"}],"up":[{"embeddable":true,"href":"https:\/\/staging.prideatwork.ca\/fr\/wp-json\/wp\/v2\/pages\/551944"}],"wp:featuredmedia":[{"embeddable":true,"href":"https:\/\/staging.prideatwork.ca\/fr\/wp-json\/wp\/v2\/media\/551647"}],"wp:attachment":[{"href":"https:\/\/staging.prideatwork.ca\/fr\/wp-json\/wp\/v2\/media?parent=3539550"}],"curies":[{"name":"wp","href":"https:\/\/api.w.org\/{rel}","templated":true}]}}