{"id":3539536,"date":"2022-03-10T16:01:09","date_gmt":"2022-03-10T21:01:09","guid":{"rendered":"https:\/\/prideatwork-dev.massifsolutions.ca\/devenir-partenaire\/"},"modified":"2026-04-08T18:12:53","modified_gmt":"2026-04-08T22:12:53","slug":"devenir-partenaire","status":"publish","type":"page","link":"https:\/\/staging.prideatwork.ca\/fr\/nous-rejoindre\/simpliquer\/devenir-partenaire\/","title":{"rendered":"Devenir une Fi\u00e8re Partenaire"},"content":{"rendered":"<p>[vc_section nav_skin=&#8221;light&#8221;][vc_row nav_skin=&#8221;light&#8221; consent_include=&#8221;include&#8221; custom_bg_color=&#8221;{&#8220;solid&#8220;:{&#8220;id&#8220;:&#8220;custom_color&#8220;,&#8220;color&#8220;:&#8220;rgba(249,224,224,1)&#8220;}}&#8221; font_color=&#8221;{&#8220;id&#8220;:&#8220;Light background&#8220;,&#8220;color&#8220;:&#8220;#f7f8fd&#8220;}&#8221; el_design=&#8221;{&#8220;desktop&#8220;:{&#8220;padding-bottom&#8220;:&#8220;30px&#8220;}}&#8221;][vc_column width=&#8221;1\/6&#8243; css_animation=&#8221;&#8221;][\/vc_column][vc_column width=&#8221;2\/3&#8243; css_animation=&#8221;&#8221;][vc_text_element css_animation=&#8221;&#8221; color=&#8221;{&#8220;id&#8220;:&#8220;Dark color&#8220;,&#8220;color&#8220;:&#8220;#0d111c&#8220;}&#8221;]<\/p>\n<h5>Notre r\u00e9seau grandissant de Fi\u00e8res partenaires emploie collectivement plus d\u2019un million de Canadiens et de Canadiennes. Chaque partenaire a acc\u00e8s \u00e0 une panoplie d\u2019avantages et de services qui soutiennent leurs strat\u00e9gies individuelles d\u2019inclusion de diff\u00e9rentes orientations sexuelles et de diff\u00e9rentes identit\u00e9s et expressions du genre.<\/h5>\n<p>[\/vc_text_element][vc_button_arrow title=&#8221;T\u00c9L\u00c9CHARGEZ NOTRE BROCHURE SUR LE PARTENARIAT&#8221; style=&#8221;simple&#8221; display=&#8221;display_block&#8221; skin=&#8221;dark&#8221; css_animation=&#8221;&#8221; link=&#8221;url:https%3A%2F%2Fprideatwork.ca%2Fwp-content%2Fuploads%2F2026%2F04%2FPaWC-Benefits_2026_FR.pdf|title:Brochure|target:_blank&#8221;][\/vc_column][vc_column width=&#8221;1\/6&#8243; css_animation=&#8221;&#8221;][\/vc_column][\/vc_row][vc_row nav_skin=&#8221;light&#8221; consent_include=&#8221;include&#8221;][vc_column width=&#8221;1\/6&#8243; css_animation=&#8221;&#8221;][\/vc_column][vc_column width=&#8221;2\/3&#8243; css_animation=&#8221;&#8221;][vc_text_element css_animation=&#8221;&#8221;]<\/p>\n<h3 class=\"style-3 \">Avantages du partenariat pour les employeurs<\/h3>\n<ul>\n<li>Acc\u00e8s \u00e0 des formations en personne et en ligne ciblant les ressources humaines, la diversit\u00e9 et l\u2019inclusion, et le personnel administratif<\/li>\n<li>L\u2019occasion de participer au programme annuel <a title=\"de l\u2019indice d\u2019inclusion de 2SLGBTQIA+\" href=\"https:\/\/prideatwork.ca\/fr\/programmes\/lindice-dinclusion-2slgbtqia\/\">de l\u2019indice d\u2019inclusion de 2SLGBTQIA+<\/a> dans leur milieu de travail, le meilleur outil d\u2019\u00e9talonnage des employeurs au service de l\u2019inclusion des 2SLGBTQIA+. Ce programme comprend des recommandations cibl\u00e9es fond\u00e9es sur la note qu\u2019obtient l\u2019organisme sur cette \u00e9valuation ainsi que sur leur mod\u00e8le de gestion<\/li>\n<li>Soutien ponctuel vis-\u00e0-vis les enjeux et les difficult\u00e9s li\u00e9es \u00e0 l\u2019inclusion des 2SLGBTQIA+, tels l\u2019adaptation des politiques et la recommandation de conf\u00e9renciers et de ressources externes<\/li>\n<li>Un engagement envers l\u2019inclusion des 2SLGBTQIA+ sur le site Web de Fiert\u00e9 au travail Canada, les r\u00e9seaux sociaux et les publicit\u00e9s en ligne<\/li>\n<li>Nombre illimit\u00e9 d\u2019offres d\u2019emploi affich\u00e9es sur le plus important site canadien de recherche d\u2019emploi destin\u00e9 \u00e0 la communaut\u00e9 2SLGBTQIA+<\/li>\n<li>Branchage \u00e0 un r\u00e9seau d\u2019entreprises faisant la promotion des meilleurs pratiques d\u2019inclusion des 2SLGBTQIA+ dans un contexte bien adapt\u00e9 au march\u00e9 Canadien<\/li>\n<\/ul>\n<h3><\/h3>\n<h3 class=\"style-3 \">Avantages du partenariat pour le personnel<\/h3>\n<div class=\"wpb_text_column wpb_content_element \">\n<div class=\"wpb_wrapper\">\n<ul>\n<li>Invitations et acc\u00e8s prioritaire aux activit\u00e9s de formation, de r\u00e9seautage et de perfectionnement personnel de Fiert\u00e9 au travail Canada<\/li>\n<li>Quantit\u00e9 limit\u00e9e de billets et escomptes pour une gamme d\u2019activit\u00e9s et d\u2019\u00e9v\u00e9nements tels ProFiert\u00e9 Toronto et notre Congr\u00e8s annuel sur le milieu du travail<\/li>\n<li>Acc\u00e8s prioritaire et escomptes pour certains des \u00e9v\u00e9nements des partenaires communautaires de Fiert\u00e9 au travail Canada<\/li>\n<li>Acc\u00e8s \u00e0 des services de consultation et de r\u00e9f\u00e9rence des employ\u00e9s de Fiert\u00e9 au travail Canada pour leur groupe-ressource d\u2019employ\u00e9s (GRE) 2SLGBTQIA+ et leur comit\u00e9 de diversit\u00e9<\/li>\n<\/ul>\n<\/div>\n<\/div>\n<p>[\/vc_text_element][\/vc_column][vc_column width=&#8221;1\/6&#8243; css_animation=&#8221;&#8221;][\/vc_column][\/vc_row][\/vc_section][vc_section nav_skin=&#8221;light&#8221;][vc_row nav_skin=&#8221;light&#8221; consent_include=&#8221;include&#8221;][vc_column width=&#8221;1\/6&#8243; css_animation=&#8221;&#8221;][\/vc_column][vc_column width=&#8221;2\/3&#8243; css_animation=&#8221;&#8221;][vc_text_element css_animation=&#8221;&#8221;]<\/p>\n<h3>Niveaux de partenariat<\/h3>\n<ul>\n<li><a href=\"https:\/\/prideatwork.ca\/fr\/a-propos\/fieres-partenaires\/\" target=\"_blank\" rel=\"noopener\"><strong>Les Fi\u00e8res Partenaires<\/strong><\/a> sont des organismes priv\u00e9s, publics ou sans but lucratif. Les frais d\u2019adh\u00e9sion annuels pour les partenaires nationaux sont de 5 500 $ CAD plus les taxes.<\/li>\n<li><a title=\"PARTENAIRES COMMUNAUTAIRES\" href=\"https:\/\/prideatwork.ca\/fr\/a-propos\/partenaires-communautaires\/\" target=\"_blank\" rel=\"noopener noreferrer\"><strong>Les Partenaires Communautaires<\/strong><\/a> sont des organismes qui collaborent de pr\u00e8s avec Fiert\u00e9 au travail Canada pour pr\u00e9senter des \u00e9v\u00e9nements, de la recherche ou d\u2019autres activit\u00e9s.<\/li>\n<\/ul>\n<div class=\"wpb_column vc_column_container vc_col-sm-10\">\n<div class=\"vc_column-inner \">\n<div class=\"wpb_wrapper\">\n<div class=\"wpb_text_column wpb_content_element \">\n<div class=\"wpb_wrapper\">\n<p>Pour plus d\u2019information relative au processus d\u2019adh\u00e9sion \u00e0 titre de partenaire, veuillez communiquer avec nous \u00e0 l\u2019adresse courriel suivante : <a href=\"mailto:partenaires@fierteautravail.ca\">partenaires@fierteautravail.ca<\/a><\/div>\n<p>&nbsp;<\/p><\/div>\n<\/div>\n<\/div>\n<\/div>\n<p>[\/vc_text_element][vc_button_arrow title=&#8221;T\u00c9L\u00c9CHARGEZ LES CONDITIONS D&#8217;ADHE\u0301SION&#8221; style=&#8221;simple&#8221; display=&#8221;display_block&#8221; skin=&#8221;dark&#8221; css_animation=&#8221;&#8221; link=&#8221;url:https%3A%2F%2Fprideatwork.ca%2Fwp-content%2Fuploads%2F2025%2F09%2FFierte-au-travail-Canada-Conditions-dadhesion-des-organisations-et-entreprises-2025.pdf|title:CONDITIONS-DADHE%CC%81SION|target:_blank&#8221;][\/vc_column][vc_column width=&#8221;1\/6&#8243; css_animation=&#8221;&#8221;][\/vc_column][\/vc_row][\/vc_section]<\/p>\n","protected":false},"excerpt":{"rendered":"<p>[vc_section nav_skin=&#8221;light&#8221;][vc_row nav_skin=&#8221;light&#8221; consent_include=&#8221;include&#8221; custom_bg_color=&#8221;{&#8220;solid&#8220;:{&#8220;id&#8220;:&#8220;custom_color&#8220;,&#8220;color&#8220;:&#8220;rgba(249,224,224,1)&#8220;}}&#8221; font_color=&#8221;{&#8220;id&#8220;:&#8220;Light background&#8220;,&#8220;color&#8220;:&#8220;#f7f8fd&#8220;}&#8221; el_design=&#8221;{&#8220;desktop&#8220;:{&#8220;padding-bottom&#8220;:&#8220;30px&#8220;}}&#8221;][vc_column width=&#8221;1\/6&#8243; css_animation=&#8221;&#8221;][\/vc_column][vc_column width=&#8221;2\/3&#8243; css_animation=&#8221;&#8221;][vc_text_element css_animation=&#8221;&#8221; color=&#8221;{&#8220;id&#8220;:&#8220;Dark color&#8220;,&#8220;color&#8220;:&#8220;#0d111c&#8220;}&#8221;] Notre r\u00e9seau grandissant de Fi\u00e8res partenaires emploie collectivement plus d\u2019un million de Canadiens et de Canadiennes. Chaque partenaire a acc\u00e8s \u00e0 une panoplie d\u2019avantages et de services qui soutiennent leurs strat\u00e9gies individuelles d\u2019inclusion de diff\u00e9rentes orientations sexuelles et de diff\u00e9rentes identit\u00e9s et expressions du genre. [\/vc_text_element][vc_button_arrow title=&#8221;T\u00c9L\u00c9CHARGEZ NOTRE BROCHURE SUR LE PARTENARIAT&#8221; style=&#8221;simple&#8221; display=&#8221;display_block&#8221; skin=&#8221;dark&#8221; css_animation=&#8221;&#8221; link=&#8221;url:https%3A%2F%2Fprideatwork.ca%2Fwp-content%2Fuploads%2F2026%2F04%2FPaWC-Benefits_2026_FR.pdf|title:Brochure|target:_blank&#8221;][\/vc_column][vc_column width=&#8221;1\/6&#8243; css_animation=&#8221;&#8221;][\/vc_column][\/vc_row][vc_row nav_skin=&#8221;light&#8221; [&hellip;]<\/p>\n","protected":false},"author":2,"featured_media":551641,"parent":3539550,"menu_order":0,"comment_status":"closed","ping_status":"closed","template":"","meta":{"_price":"","_stock":"","_tribe_ticket_header":"","_tribe_default_ticket_provider":"TEC\\Tickets\\Commerce\\Module","_tribe_ticket_capacity":"0","_ticket_start_date":"","_ticket_end_date":"","_tribe_ticket_show_description":"","_tribe_ticket_show_not_going":false,"_tribe_ticket_use_global_stock":"","_tribe_ticket_global_stock_level":"","_global_stock_mode":"","_global_stock_cap":"","_tribe_rsvp_for_event":"","_tribe_ticket_going_count":"","_tribe_ticket_not_going_count":"","_tribe_tickets_list":"[]","_tribe_ticket_has_attendee_info_fields":false,"footnotes":"","_tec_slr_enabled":"","_tec_slr_layout":""},"class_list":["post-3539536","page","type-page","status-publish","has-post-thumbnail","hentry"],"yoast_head":"<!-- This site is optimized with the Yoast SEO plugin v27.4 - https:\/\/yoast.com\/product\/yoast-seo-wordpress\/ -->\n<title>Devenir une Fi\u00e8re Partenaire - Pride At Work Canada<\/title>\n<meta name=\"robots\" content=\"index, follow, max-snippet:-1, max-image-preview:large, max-video-preview:-1\" \/>\n<link rel=\"canonical\" href=\"https:\/\/prideatwork.ca\/fr\/nous-rejoindre\/simpliquer\/devenir-partenaire\/\" \/>\n<meta property=\"og:locale\" content=\"fr_FR\" \/>\n<meta property=\"og:type\" content=\"article\" \/>\n<meta property=\"og:title\" content=\"Devenir une Fi\u00e8re Partenaire - Pride At Work Canada\" \/>\n<meta property=\"og:description\" content=\"[vc_section nav_skin=&#8221;light&#8221;][vc_row nav_skin=&#8221;light&#8221; consent_include=&#8221;include&#8221; custom_bg_color=&#8221;{&#8220;solid&#8220;:{&#8220;id&#8220;:&#8220;custom_color&#8220;,&#8220;color&#8220;:&#8220;rgba(249,224,224,1)&#8220;}}&#8221; font_color=&#8221;{&#8220;id&#8220;:&#8220;Light background&#8220;,&#8220;color&#8220;:&#8220;#f7f8fd&#8220;}&#8221; el_design=&#8221;{&#8220;desktop&#8220;:{&#8220;padding-bottom&#8220;:&#8220;30px&#8220;}}&#8221;][vc_column width=&#8221;1\/6&#8243; css_animation=&#8221;&#8221;][\/vc_column][vc_column width=&#8221;2\/3&#8243; css_animation=&#8221;&#8221;][vc_text_element css_animation=&#8221;&#8221; color=&#8221;{&#8220;id&#8220;:&#8220;Dark color&#8220;,&#8220;color&#8220;:&#8220;#0d111c&#8220;}&#8221;] Notre r\u00e9seau grandissant de Fi\u00e8res partenaires emploie collectivement plus d\u2019un million de Canadiens et de Canadiennes. Chaque partenaire a acc\u00e8s \u00e0 une panoplie d\u2019avantages et de services qui soutiennent leurs strat\u00e9gies individuelles d\u2019inclusion de diff\u00e9rentes orientations sexuelles et de diff\u00e9rentes identit\u00e9s et expressions du genre. [\/vc_text_element][vc_button_arrow title=&#8221;T\u00c9L\u00c9CHARGEZ NOTRE BROCHURE SUR LE PARTENARIAT&#8221; style=&#8221;simple&#8221; display=&#8221;display_block&#8221; skin=&#8221;dark&#8221; css_animation=&#8221;&#8221; link=&#8221;url:https%3A%2F%2Fprideatwork.ca%2Fwp-content%2Fuploads%2F2026%2F04%2FPaWC-Benefits_2026_FR.pdf|title:Brochure|target:_blank&#8221;][\/vc_column][vc_column width=&#8221;1\/6&#8243; css_animation=&#8221;&#8221;][\/vc_column][\/vc_row][vc_row nav_skin=&#8221;light&#8221; [&hellip;]\" \/>\n<meta property=\"og:url\" content=\"https:\/\/prideatwork.ca\/fr\/nous-rejoindre\/simpliquer\/devenir-partenaire\/\" \/>\n<meta property=\"og:site_name\" content=\"Pride At Work Canada\" \/>\n<meta property=\"article:modified_time\" content=\"2026-04-08T22:12:53+00:00\" \/>\n<meta property=\"og:image\" content=\"https:\/\/prideatwork.ca\/wp-content\/uploads\/2021\/11\/Banner-Red-scaled.jpg\" \/>\n\t<meta property=\"og:image:width\" content=\"2560\" \/>\n\t<meta property=\"og:image:height\" content=\"416\" \/>\n\t<meta property=\"og:image:type\" content=\"image\/jpeg\" \/>\n<meta name=\"twitter:card\" content=\"summary_large_image\" \/>\n<meta name=\"twitter:label1\" content=\"Dur\u00e9e de lecture estim\u00e9e\" \/>\n\t<meta name=\"twitter:data1\" content=\"3 minutes\" \/>\n<script type=\"application\/ld+json\" class=\"yoast-schema-graph\">{\"@context\":\"https:\\\/\\\/schema.org\",\"@graph\":[{\"@type\":\"WebPage\",\"@id\":\"https:\\\/\\\/prideatwork.ca\\\/fr\\\/nous-rejoindre\\\/simpliquer\\\/devenir-partenaire\\\/\",\"url\":\"https:\\\/\\\/prideatwork.ca\\\/fr\\\/nous-rejoindre\\\/simpliquer\\\/devenir-partenaire\\\/\",\"name\":\"Devenir une Fi\u00e8re Partenaire - Pride At Work Canada\",\"isPartOf\":{\"@id\":\"https:\\\/\\\/prideatwork.ca\\\/#website\"},\"primaryImageOfPage\":{\"@id\":\"https:\\\/\\\/prideatwork.ca\\\/fr\\\/nous-rejoindre\\\/simpliquer\\\/devenir-partenaire\\\/#primaryimage\"},\"image\":{\"@id\":\"https:\\\/\\\/prideatwork.ca\\\/fr\\\/nous-rejoindre\\\/simpliquer\\\/devenir-partenaire\\\/#primaryimage\"},\"thumbnailUrl\":\"https:\\\/\\\/staging.prideatwork.ca\\\/wp-content\\\/uploads\\\/2021\\\/11\\\/Banner-Red-scaled.jpg\",\"datePublished\":\"2022-03-10T21:01:09+00:00\",\"dateModified\":\"2026-04-08T22:12:53+00:00\",\"breadcrumb\":{\"@id\":\"https:\\\/\\\/prideatwork.ca\\\/fr\\\/nous-rejoindre\\\/simpliquer\\\/devenir-partenaire\\\/#breadcrumb\"},\"inLanguage\":\"fr-FR\",\"potentialAction\":[{\"@type\":\"ReadAction\",\"target\":[\"https:\\\/\\\/prideatwork.ca\\\/fr\\\/nous-rejoindre\\\/simpliquer\\\/devenir-partenaire\\\/\"]}]},{\"@type\":\"ImageObject\",\"inLanguage\":\"fr-FR\",\"@id\":\"https:\\\/\\\/prideatwork.ca\\\/fr\\\/nous-rejoindre\\\/simpliquer\\\/devenir-partenaire\\\/#primaryimage\",\"url\":\"https:\\\/\\\/staging.prideatwork.ca\\\/wp-content\\\/uploads\\\/2021\\\/11\\\/Banner-Red-scaled.jpg\",\"contentUrl\":\"https:\\\/\\\/staging.prideatwork.ca\\\/wp-content\\\/uploads\\\/2021\\\/11\\\/Banner-Red-scaled.jpg\",\"width\":2560,\"height\":416},{\"@type\":\"BreadcrumbList\",\"@id\":\"https:\\\/\\\/prideatwork.ca\\\/fr\\\/nous-rejoindre\\\/simpliquer\\\/devenir-partenaire\\\/#breadcrumb\",\"itemListElement\":[{\"@type\":\"ListItem\",\"position\":1,\"name\":\"Home\",\"item\":\"https:\\\/\\\/prideatwork.ca\\\/fr\\\/\"},{\"@type\":\"ListItem\",\"position\":2,\"name\":\"NOUS REJOINDRE\",\"item\":\"https:\\\/\\\/prideatwork.ca\\\/fr\\\/nous-rejoindre\\\/\"},{\"@type\":\"ListItem\",\"position\":3,\"name\":\"S\u2019IMPLIQUER\",\"item\":\"https:\\\/\\\/prideatwork.ca\\\/fr\\\/nous-rejoindre\\\/simpliquer\\\/\"},{\"@type\":\"ListItem\",\"position\":4,\"name\":\"Devenir une Fi\u00e8re Partenaire\"}]},{\"@type\":\"WebSite\",\"@id\":\"https:\\\/\\\/prideatwork.ca\\\/#website\",\"url\":\"https:\\\/\\\/prideatwork.ca\\\/\",\"name\":\"Pride At Work Canada\",\"description\":\"\",\"potentialAction\":[{\"@type\":\"SearchAction\",\"target\":{\"@type\":\"EntryPoint\",\"urlTemplate\":\"https:\\\/\\\/prideatwork.ca\\\/?s={search_term_string}\"},\"query-input\":{\"@type\":\"PropertyValueSpecification\",\"valueRequired\":true,\"valueName\":\"search_term_string\"}}],\"inLanguage\":\"fr-FR\"}]}<\/script>\n<!-- \/ Yoast SEO plugin. -->","yoast_head_json":{"title":"Devenir une Fi\u00e8re Partenaire - Pride At Work Canada","robots":{"index":"index","follow":"follow","max-snippet":"max-snippet:-1","max-image-preview":"max-image-preview:large","max-video-preview":"max-video-preview:-1"},"canonical":"https:\/\/prideatwork.ca\/fr\/nous-rejoindre\/simpliquer\/devenir-partenaire\/","og_locale":"fr_FR","og_type":"article","og_title":"Devenir une Fi\u00e8re Partenaire - Pride At Work Canada","og_description":"[vc_section nav_skin=&#8221;light&#8221;][vc_row nav_skin=&#8221;light&#8221; consent_include=&#8221;include&#8221; custom_bg_color=&#8221;{&#8220;solid&#8220;:{&#8220;id&#8220;:&#8220;custom_color&#8220;,&#8220;color&#8220;:&#8220;rgba(249,224,224,1)&#8220;}}&#8221; font_color=&#8221;{&#8220;id&#8220;:&#8220;Light background&#8220;,&#8220;color&#8220;:&#8220;#f7f8fd&#8220;}&#8221; el_design=&#8221;{&#8220;desktop&#8220;:{&#8220;padding-bottom&#8220;:&#8220;30px&#8220;}}&#8221;][vc_column width=&#8221;1\/6&#8243; css_animation=&#8221;&#8221;][\/vc_column][vc_column width=&#8221;2\/3&#8243; css_animation=&#8221;&#8221;][vc_text_element css_animation=&#8221;&#8221; color=&#8221;{&#8220;id&#8220;:&#8220;Dark color&#8220;,&#8220;color&#8220;:&#8220;#0d111c&#8220;}&#8221;] Notre r\u00e9seau grandissant de Fi\u00e8res partenaires emploie collectivement plus d\u2019un million de Canadiens et de Canadiennes. Chaque partenaire a acc\u00e8s \u00e0 une panoplie d\u2019avantages et de services qui soutiennent leurs strat\u00e9gies individuelles d\u2019inclusion de diff\u00e9rentes orientations sexuelles et de diff\u00e9rentes identit\u00e9s et expressions du genre. [\/vc_text_element][vc_button_arrow title=&#8221;T\u00c9L\u00c9CHARGEZ NOTRE BROCHURE SUR LE PARTENARIAT&#8221; style=&#8221;simple&#8221; display=&#8221;display_block&#8221; skin=&#8221;dark&#8221; css_animation=&#8221;&#8221; link=&#8221;url:https%3A%2F%2Fprideatwork.ca%2Fwp-content%2Fuploads%2F2026%2F04%2FPaWC-Benefits_2026_FR.pdf|title:Brochure|target:_blank&#8221;][\/vc_column][vc_column width=&#8221;1\/6&#8243; css_animation=&#8221;&#8221;][\/vc_column][\/vc_row][vc_row nav_skin=&#8221;light&#8221; [&hellip;]","og_url":"https:\/\/prideatwork.ca\/fr\/nous-rejoindre\/simpliquer\/devenir-partenaire\/","og_site_name":"Pride At Work Canada","article_modified_time":"2026-04-08T22:12:53+00:00","og_image":[{"width":2560,"height":416,"url":"https:\/\/prideatwork.ca\/wp-content\/uploads\/2021\/11\/Banner-Red-scaled.jpg","type":"image\/jpeg"}],"twitter_card":"summary_large_image","twitter_misc":{"Dur\u00e9e de lecture estim\u00e9e":"3 minutes"},"schema":{"@context":"https:\/\/schema.org","@graph":[{"@type":"WebPage","@id":"https:\/\/prideatwork.ca\/fr\/nous-rejoindre\/simpliquer\/devenir-partenaire\/","url":"https:\/\/prideatwork.ca\/fr\/nous-rejoindre\/simpliquer\/devenir-partenaire\/","name":"Devenir une Fi\u00e8re Partenaire - Pride At Work Canada","isPartOf":{"@id":"https:\/\/prideatwork.ca\/#website"},"primaryImageOfPage":{"@id":"https:\/\/prideatwork.ca\/fr\/nous-rejoindre\/simpliquer\/devenir-partenaire\/#primaryimage"},"image":{"@id":"https:\/\/prideatwork.ca\/fr\/nous-rejoindre\/simpliquer\/devenir-partenaire\/#primaryimage"},"thumbnailUrl":"https:\/\/staging.prideatwork.ca\/wp-content\/uploads\/2021\/11\/Banner-Red-scaled.jpg","datePublished":"2022-03-10T21:01:09+00:00","dateModified":"2026-04-08T22:12:53+00:00","breadcrumb":{"@id":"https:\/\/prideatwork.ca\/fr\/nous-rejoindre\/simpliquer\/devenir-partenaire\/#breadcrumb"},"inLanguage":"fr-FR","potentialAction":[{"@type":"ReadAction","target":["https:\/\/prideatwork.ca\/fr\/nous-rejoindre\/simpliquer\/devenir-partenaire\/"]}]},{"@type":"ImageObject","inLanguage":"fr-FR","@id":"https:\/\/prideatwork.ca\/fr\/nous-rejoindre\/simpliquer\/devenir-partenaire\/#primaryimage","url":"https:\/\/staging.prideatwork.ca\/wp-content\/uploads\/2021\/11\/Banner-Red-scaled.jpg","contentUrl":"https:\/\/staging.prideatwork.ca\/wp-content\/uploads\/2021\/11\/Banner-Red-scaled.jpg","width":2560,"height":416},{"@type":"BreadcrumbList","@id":"https:\/\/prideatwork.ca\/fr\/nous-rejoindre\/simpliquer\/devenir-partenaire\/#breadcrumb","itemListElement":[{"@type":"ListItem","position":1,"name":"Home","item":"https:\/\/prideatwork.ca\/fr\/"},{"@type":"ListItem","position":2,"name":"NOUS REJOINDRE","item":"https:\/\/prideatwork.ca\/fr\/nous-rejoindre\/"},{"@type":"ListItem","position":3,"name":"S\u2019IMPLIQUER","item":"https:\/\/prideatwork.ca\/fr\/nous-rejoindre\/simpliquer\/"},{"@type":"ListItem","position":4,"name":"Devenir une Fi\u00e8re Partenaire"}]},{"@type":"WebSite","@id":"https:\/\/prideatwork.ca\/#website","url":"https:\/\/prideatwork.ca\/","name":"Pride At Work Canada","description":"","potentialAction":[{"@type":"SearchAction","target":{"@type":"EntryPoint","urlTemplate":"https:\/\/prideatwork.ca\/?s={search_term_string}"},"query-input":{"@type":"PropertyValueSpecification","valueRequired":true,"valueName":"search_term_string"}}],"inLanguage":"fr-FR"}]}},"ticketed":false,"_links":{"self":[{"href":"https:\/\/staging.prideatwork.ca\/fr\/wp-json\/wp\/v2\/pages\/3539536","targetHints":{"allow":["GET"]}}],"collection":[{"href":"https:\/\/staging.prideatwork.ca\/fr\/wp-json\/wp\/v2\/pages"}],"about":[{"href":"https:\/\/staging.prideatwork.ca\/fr\/wp-json\/wp\/v2\/types\/page"}],"author":[{"embeddable":true,"href":"https:\/\/staging.prideatwork.ca\/fr\/wp-json\/wp\/v2\/users\/2"}],"replies":[{"embeddable":true,"href":"https:\/\/staging.prideatwork.ca\/fr\/wp-json\/wp\/v2\/comments?post=3539536"}],"version-history":[{"count":46,"href":"https:\/\/staging.prideatwork.ca\/fr\/wp-json\/wp\/v2\/pages\/3539536\/revisions"}],"predecessor-version":[{"id":4546983,"href":"https:\/\/staging.prideatwork.ca\/fr\/wp-json\/wp\/v2\/pages\/3539536\/revisions\/4546983"}],"up":[{"embeddable":true,"href":"https:\/\/staging.prideatwork.ca\/fr\/wp-json\/wp\/v2\/pages\/3539550"}],"wp:featuredmedia":[{"embeddable":true,"href":"https:\/\/staging.prideatwork.ca\/fr\/wp-json\/wp\/v2\/media\/551641"}],"wp:attachment":[{"href":"https:\/\/staging.prideatwork.ca\/fr\/wp-json\/wp\/v2\/media?parent=3539536"}],"curies":[{"name":"wp","href":"https:\/\/api.w.org\/{rel}","templated":true}]}}