{"id":3539524,"date":"2022-03-10T15:08:44","date_gmt":"2022-03-10T20:08:44","guid":{"rendered":"https:\/\/prideatwork-dev.massifsolutions.ca\/a-propos\/fieres-partenaires\/"},"modified":"2022-12-20T15:00:02","modified_gmt":"2022-12-20T20:00:02","slug":"fieres-partenaires","status":"publish","type":"page","link":"https:\/\/staging.prideatwork.ca\/fr\/a-propos\/fieres-partenaires\/","title":{"rendered":"FI\u00c8RES PARTENAIRES"},"content":{"rendered":"<p>[vc_row nav_skin=&#8221;light&#8221; consent_include=&#8221;include&#8221; el_design=&#8221;{&#8220;desktop&#8220;:{&#8220;padding-bottom&#8220;:&#8220;60px&#8220;}}&#8221;][vc_column css_animation=&#8221;&#8221;][vc_text_element css_animation=&#8221;&#8221;]<\/p>\n<div class=\"wpb_text_column wpb_content_element black\">\n<div class=\"wpb_wrapper\">\n<h6>Les Fi\u00e8res partenaires de Fiert\u00e9 au travail Canada emploient collectivement plus d\u2019un million de Canadiens et de Canadiennes et comptent de nombreux employeurs de premier ordre relevant de maintes facettes de l\u2019\u00e9conomie canadienne. Chacun de ces employeurs reconna\u00eet que les individus 2SLGBTQIA+ apportent une contribution essentielle \u00e0 une main-d\u2019\u0153uvre productive et engag\u00e9e. Leur adh\u00e9sion \u00e0 Fiert\u00e9 au travail Canada leur donne acc\u00e8s \u00e0 un r\u00e9seau de partage des meilleures pratiques et leur permet d\u2019\u00e9tablir des initiatives d\u2019entreprise exemplaires.<\/h6>\n<\/div>\n<\/div>\n<p>[\/vc_text_element][vc_empty_space][vc_button_arrow title=&#8221;DEVENIR PARTENAIRE&#8221; style=&#8221;simple&#8221; display=&#8221;display_block&#8221; skin=&#8221;dark&#8221; css_animation=&#8221;&#8221; link=&#8221;url:%2Fcontact%2Fget-involved%2Fbecome-a-proud-partner%2F|title:Become%20a%20partner&#8221;][\/vc_column][\/vc_row][vc_row nav_skin=&#8221;light&#8221; consent_include=&#8221;include&#8221; el_design=&#8221;{&#8220;desktop&#8220;:{&#8220;margin-bottom&#8220;:&#8220;40px&#8220;}}&#8221;][vc_column el_design=&#8221;{&#8220;desktop&#8220;:{&#8220;margin-bottom&#8220;:&#8220;60px&#8220;,&#8220;padding-top&#8220;:&#8220;15&#8220;,&#8220;padding-right&#8220;:&#8220;15&#8220;,&#8220;padding-bottom&#8220;:&#8220;15&#8220;,&#8220;padding-left&#8220;:&#8220;15&#8220;}}&#8221; css_animation=&#8221;&#8221;][vc_separator line_color=&#8221;{&#8220;id&#8220;:&#8220;Border color&#8220;,&#8220;color&#8220;:&#8220;#ebebf5&#8220;}&#8221; css_animation=&#8221;&#8221;][\/vc_column][\/vc_row]<\/p>\n","protected":false},"excerpt":{"rendered":"<p>[vc_row nav_skin=&#8221;light&#8221; consent_include=&#8221;include&#8221; el_design=&#8221;{&#8220;desktop&#8220;:{&#8220;padding-bottom&#8220;:&#8220;60px&#8220;}}&#8221;][vc_column css_animation=&#8221;&#8221;][vc_text_element css_animation=&#8221;&#8221;] Les Fi\u00e8res partenaires de Fiert\u00e9 au travail Canada emploient collectivement plus d\u2019un million de Canadiens et de Canadiennes et comptent de nombreux employeurs de premier ordre relevant de maintes facettes de l\u2019\u00e9conomie canadienne. Chacun de ces employeurs reconna\u00eet que les individus 2SLGBTQIA+ apportent une contribution essentielle \u00e0 une main-d\u2019\u0153uvre productive et engag\u00e9e. Leur adh\u00e9sion \u00e0 Fiert\u00e9 au travail Canada leur donne acc\u00e8s \u00e0 un r\u00e9seau de partage des meilleures [&hellip;]<\/p>\n","protected":false},"author":1,"featured_media":551637,"parent":551829,"menu_order":0,"comment_status":"closed","ping_status":"closed","template":"national-partners-template.php","meta":{"_price":"","_stock":"","_tribe_ticket_header":"","_tribe_default_ticket_provider":"","_tribe_ticket_capacity":"0","_ticket_start_date":"","_ticket_end_date":"","_tribe_ticket_show_description":"","_tribe_ticket_show_not_going":false,"_tribe_ticket_use_global_stock":"","_tribe_ticket_global_stock_level":"","_global_stock_mode":"","_global_stock_cap":"","_tribe_rsvp_for_event":"","_tribe_ticket_going_count":"","_tribe_ticket_not_going_count":"","_tribe_tickets_list":"[]","_tribe_ticket_has_attendee_info_fields":false,"footnotes":"","_tec_slr_enabled":"","_tec_slr_layout":""},"class_list":["post-3539524","page","type-page","status-publish","has-post-thumbnail","hentry"],"yoast_head":"<!-- This site is optimized with the Yoast SEO plugin v27.4 - https:\/\/yoast.com\/product\/yoast-seo-wordpress\/ -->\n<title>FI\u00c8RES PARTENAIRES - Pride At Work Canada<\/title>\n<meta name=\"robots\" content=\"index, follow, max-snippet:-1, max-image-preview:large, max-video-preview:-1\" \/>\n<link rel=\"canonical\" href=\"https:\/\/prideatwork.ca\/fr\/a-propos\/fieres-partenaires\/\" \/>\n<meta property=\"og:locale\" content=\"fr_FR\" \/>\n<meta property=\"og:type\" content=\"article\" \/>\n<meta property=\"og:title\" content=\"FI\u00c8RES PARTENAIRES - Pride At Work Canada\" \/>\n<meta property=\"og:description\" content=\"[vc_row nav_skin=&#8221;light&#8221; consent_include=&#8221;include&#8221; el_design=&#8221;{&#8220;desktop&#8220;:{&#8220;padding-bottom&#8220;:&#8220;60px&#8220;}}&#8221;][vc_column css_animation=&#8221;&#8221;][vc_text_element css_animation=&#8221;&#8221;] Les Fi\u00e8res partenaires de Fiert\u00e9 au travail Canada emploient collectivement plus d\u2019un million de Canadiens et de Canadiennes et comptent de nombreux employeurs de premier ordre relevant de maintes facettes de l\u2019\u00e9conomie canadienne. Chacun de ces employeurs reconna\u00eet que les individus 2SLGBTQIA+ apportent une contribution essentielle \u00e0 une main-d\u2019\u0153uvre productive et engag\u00e9e. Leur adh\u00e9sion \u00e0 Fiert\u00e9 au travail Canada leur donne acc\u00e8s \u00e0 un r\u00e9seau de partage des meilleures [&hellip;]\" \/>\n<meta property=\"og:url\" content=\"https:\/\/prideatwork.ca\/fr\/a-propos\/fieres-partenaires\/\" \/>\n<meta property=\"og:site_name\" content=\"Pride At Work Canada\" \/>\n<meta property=\"article:modified_time\" content=\"2022-12-20T20:00:02+00:00\" \/>\n<meta property=\"og:image\" content=\"https:\/\/prideatwork.ca\/wp-content\/uploads\/2021\/11\/Banner-Green-scaled.jpg\" \/>\n\t<meta property=\"og:image:width\" content=\"2560\" \/>\n\t<meta property=\"og:image:height\" content=\"416\" \/>\n\t<meta property=\"og:image:type\" content=\"image\/jpeg\" \/>\n<meta name=\"twitter:card\" content=\"summary_large_image\" \/>\n<meta name=\"twitter:label1\" content=\"Dur\u00e9e de lecture estim\u00e9e\" \/>\n\t<meta name=\"twitter:data1\" content=\"1 minute\" \/>\n<script type=\"application\/ld+json\" class=\"yoast-schema-graph\">{\"@context\":\"https:\\\/\\\/schema.org\",\"@graph\":[{\"@type\":\"WebPage\",\"@id\":\"https:\\\/\\\/prideatwork.ca\\\/fr\\\/a-propos\\\/fieres-partenaires\\\/\",\"url\":\"https:\\\/\\\/prideatwork.ca\\\/fr\\\/a-propos\\\/fieres-partenaires\\\/\",\"name\":\"FI\u00c8RES PARTENAIRES - Pride At Work Canada\",\"isPartOf\":{\"@id\":\"https:\\\/\\\/prideatwork.ca\\\/#website\"},\"primaryImageOfPage\":{\"@id\":\"https:\\\/\\\/prideatwork.ca\\\/fr\\\/a-propos\\\/fieres-partenaires\\\/#primaryimage\"},\"image\":{\"@id\":\"https:\\\/\\\/prideatwork.ca\\\/fr\\\/a-propos\\\/fieres-partenaires\\\/#primaryimage\"},\"thumbnailUrl\":\"https:\\\/\\\/staging.prideatwork.ca\\\/wp-content\\\/uploads\\\/2021\\\/11\\\/Banner-Green-scaled.jpg\",\"datePublished\":\"2022-03-10T20:08:44+00:00\",\"dateModified\":\"2022-12-20T20:00:02+00:00\",\"breadcrumb\":{\"@id\":\"https:\\\/\\\/prideatwork.ca\\\/fr\\\/a-propos\\\/fieres-partenaires\\\/#breadcrumb\"},\"inLanguage\":\"fr-FR\",\"potentialAction\":[{\"@type\":\"ReadAction\",\"target\":[\"https:\\\/\\\/prideatwork.ca\\\/fr\\\/a-propos\\\/fieres-partenaires\\\/\"]}]},{\"@type\":\"ImageObject\",\"inLanguage\":\"fr-FR\",\"@id\":\"https:\\\/\\\/prideatwork.ca\\\/fr\\\/a-propos\\\/fieres-partenaires\\\/#primaryimage\",\"url\":\"https:\\\/\\\/staging.prideatwork.ca\\\/wp-content\\\/uploads\\\/2021\\\/11\\\/Banner-Green-scaled.jpg\",\"contentUrl\":\"https:\\\/\\\/staging.prideatwork.ca\\\/wp-content\\\/uploads\\\/2021\\\/11\\\/Banner-Green-scaled.jpg\",\"width\":2560,\"height\":416},{\"@type\":\"BreadcrumbList\",\"@id\":\"https:\\\/\\\/prideatwork.ca\\\/fr\\\/a-propos\\\/fieres-partenaires\\\/#breadcrumb\",\"itemListElement\":[{\"@type\":\"ListItem\",\"position\":1,\"name\":\"Home\",\"item\":\"https:\\\/\\\/prideatwork.ca\\\/fr\\\/\"},{\"@type\":\"ListItem\",\"position\":2,\"name\":\"\u00c0 propos\",\"item\":\"https:\\\/\\\/prideatwork.ca\\\/fr\\\/a-propos\\\/\"},{\"@type\":\"ListItem\",\"position\":3,\"name\":\"FI\u00c8RES PARTENAIRES\"}]},{\"@type\":\"WebSite\",\"@id\":\"https:\\\/\\\/prideatwork.ca\\\/#website\",\"url\":\"https:\\\/\\\/prideatwork.ca\\\/\",\"name\":\"Pride At Work Canada\",\"description\":\"\",\"potentialAction\":[{\"@type\":\"SearchAction\",\"target\":{\"@type\":\"EntryPoint\",\"urlTemplate\":\"https:\\\/\\\/prideatwork.ca\\\/?s={search_term_string}\"},\"query-input\":{\"@type\":\"PropertyValueSpecification\",\"valueRequired\":true,\"valueName\":\"search_term_string\"}}],\"inLanguage\":\"fr-FR\"}]}<\/script>\n<!-- \/ Yoast SEO plugin. -->","yoast_head_json":{"title":"FI\u00c8RES PARTENAIRES - Pride At Work Canada","robots":{"index":"index","follow":"follow","max-snippet":"max-snippet:-1","max-image-preview":"max-image-preview:large","max-video-preview":"max-video-preview:-1"},"canonical":"https:\/\/prideatwork.ca\/fr\/a-propos\/fieres-partenaires\/","og_locale":"fr_FR","og_type":"article","og_title":"FI\u00c8RES PARTENAIRES - Pride At Work Canada","og_description":"[vc_row nav_skin=&#8221;light&#8221; consent_include=&#8221;include&#8221; el_design=&#8221;{&#8220;desktop&#8220;:{&#8220;padding-bottom&#8220;:&#8220;60px&#8220;}}&#8221;][vc_column css_animation=&#8221;&#8221;][vc_text_element css_animation=&#8221;&#8221;] Les Fi\u00e8res partenaires de Fiert\u00e9 au travail Canada emploient collectivement plus d\u2019un million de Canadiens et de Canadiennes et comptent de nombreux employeurs de premier ordre relevant de maintes facettes de l\u2019\u00e9conomie canadienne. Chacun de ces employeurs reconna\u00eet que les individus 2SLGBTQIA+ apportent une contribution essentielle \u00e0 une main-d\u2019\u0153uvre productive et engag\u00e9e. Leur adh\u00e9sion \u00e0 Fiert\u00e9 au travail Canada leur donne acc\u00e8s \u00e0 un r\u00e9seau de partage des meilleures [&hellip;]","og_url":"https:\/\/prideatwork.ca\/fr\/a-propos\/fieres-partenaires\/","og_site_name":"Pride At Work Canada","article_modified_time":"2022-12-20T20:00:02+00:00","og_image":[{"width":2560,"height":416,"url":"https:\/\/prideatwork.ca\/wp-content\/uploads\/2021\/11\/Banner-Green-scaled.jpg","type":"image\/jpeg"}],"twitter_card":"summary_large_image","twitter_misc":{"Dur\u00e9e de lecture estim\u00e9e":"1 minute"},"schema":{"@context":"https:\/\/schema.org","@graph":[{"@type":"WebPage","@id":"https:\/\/prideatwork.ca\/fr\/a-propos\/fieres-partenaires\/","url":"https:\/\/prideatwork.ca\/fr\/a-propos\/fieres-partenaires\/","name":"FI\u00c8RES PARTENAIRES - Pride At Work Canada","isPartOf":{"@id":"https:\/\/prideatwork.ca\/#website"},"primaryImageOfPage":{"@id":"https:\/\/prideatwork.ca\/fr\/a-propos\/fieres-partenaires\/#primaryimage"},"image":{"@id":"https:\/\/prideatwork.ca\/fr\/a-propos\/fieres-partenaires\/#primaryimage"},"thumbnailUrl":"https:\/\/staging.prideatwork.ca\/wp-content\/uploads\/2021\/11\/Banner-Green-scaled.jpg","datePublished":"2022-03-10T20:08:44+00:00","dateModified":"2022-12-20T20:00:02+00:00","breadcrumb":{"@id":"https:\/\/prideatwork.ca\/fr\/a-propos\/fieres-partenaires\/#breadcrumb"},"inLanguage":"fr-FR","potentialAction":[{"@type":"ReadAction","target":["https:\/\/prideatwork.ca\/fr\/a-propos\/fieres-partenaires\/"]}]},{"@type":"ImageObject","inLanguage":"fr-FR","@id":"https:\/\/prideatwork.ca\/fr\/a-propos\/fieres-partenaires\/#primaryimage","url":"https:\/\/staging.prideatwork.ca\/wp-content\/uploads\/2021\/11\/Banner-Green-scaled.jpg","contentUrl":"https:\/\/staging.prideatwork.ca\/wp-content\/uploads\/2021\/11\/Banner-Green-scaled.jpg","width":2560,"height":416},{"@type":"BreadcrumbList","@id":"https:\/\/prideatwork.ca\/fr\/a-propos\/fieres-partenaires\/#breadcrumb","itemListElement":[{"@type":"ListItem","position":1,"name":"Home","item":"https:\/\/prideatwork.ca\/fr\/"},{"@type":"ListItem","position":2,"name":"\u00c0 propos","item":"https:\/\/prideatwork.ca\/fr\/a-propos\/"},{"@type":"ListItem","position":3,"name":"FI\u00c8RES PARTENAIRES"}]},{"@type":"WebSite","@id":"https:\/\/prideatwork.ca\/#website","url":"https:\/\/prideatwork.ca\/","name":"Pride At Work Canada","description":"","potentialAction":[{"@type":"SearchAction","target":{"@type":"EntryPoint","urlTemplate":"https:\/\/prideatwork.ca\/?s={search_term_string}"},"query-input":{"@type":"PropertyValueSpecification","valueRequired":true,"valueName":"search_term_string"}}],"inLanguage":"fr-FR"}]}},"ticketed":false,"_links":{"self":[{"href":"https:\/\/staging.prideatwork.ca\/fr\/wp-json\/wp\/v2\/pages\/3539524","targetHints":{"allow":["GET"]}}],"collection":[{"href":"https:\/\/staging.prideatwork.ca\/fr\/wp-json\/wp\/v2\/pages"}],"about":[{"href":"https:\/\/staging.prideatwork.ca\/fr\/wp-json\/wp\/v2\/types\/page"}],"author":[{"embeddable":true,"href":"https:\/\/staging.prideatwork.ca\/fr\/wp-json\/wp\/v2\/users\/1"}],"replies":[{"embeddable":true,"href":"https:\/\/staging.prideatwork.ca\/fr\/wp-json\/wp\/v2\/comments?post=3539524"}],"version-history":[{"count":9,"href":"https:\/\/staging.prideatwork.ca\/fr\/wp-json\/wp\/v2\/pages\/3539524\/revisions"}],"predecessor-version":[{"id":3936001,"href":"https:\/\/staging.prideatwork.ca\/fr\/wp-json\/wp\/v2\/pages\/3539524\/revisions\/3936001"}],"up":[{"embeddable":true,"href":"https:\/\/staging.prideatwork.ca\/fr\/wp-json\/wp\/v2\/pages\/551829"}],"wp:featuredmedia":[{"embeddable":true,"href":"https:\/\/staging.prideatwork.ca\/fr\/wp-json\/wp\/v2\/media\/551637"}],"wp:attachment":[{"href":"https:\/\/staging.prideatwork.ca\/fr\/wp-json\/wp\/v2\/media?parent=3539524"}],"curies":[{"name":"wp","href":"https:\/\/api.w.org\/{rel}","templated":true}]}}