{"id":3539504,"date":"2022-03-10T12:49:09","date_gmt":"2022-03-10T17:49:09","guid":{"rendered":"https:\/\/prideatwork-dev.massifsolutions.ca\/programmes\/le-programme-ambassadeurs\/"},"modified":"2025-06-23T10:38:47","modified_gmt":"2025-06-23T14:38:47","slug":"le-programme-ambassadeurs","status":"publish","type":"page","link":"https:\/\/staging.prideatwork.ca\/fr\/programmes\/le-programme-ambassadeurs\/","title":{"rendered":"Le Programme Ambassadeurs"},"content":{"rendered":"<p>[vc_section nav_skin=&#8221;light&#8221;][vc_row nav_skin=&#8221;light&#8221; consent_include=&#8221;include&#8221;][vc_column width=&#8221;1\/6&#8243; css_animation=&#8221;&#8221;][\/vc_column][vc_column width=&#8221;2\/3&#8243; css_animation=&#8221;&#8221;][vc_text_element css_animation=&#8221;&#8221;]<\/p>\n<h5><strong>Qu\u2019est-ce que le programme Ambassadeurs ?<\/strong><\/h5>\n<p>Le programme Ambassadeurs a pour mission de mettre en relation et de partager les meilleures pratiques r\u00e9gionales pour les repr\u00e9sentants de notre r\u00e9seau de Fi\u00e8res partenaires.<\/p>\n<p>Le programme Ambassadeurs de Fiert\u00e9 au travail Canada a \u00e9t\u00e9 \u00e9tabli \u00e0 Montr\u00e9al en 2014 pour diriger l&#8217;ex\u00e9cution locale de sa strat\u00e9gie \u00e0 l&#8217;\u00e9chelle du Canada de Fiert\u00e9 au travail Canada et pour engager de fa\u00e7on plus efficace ses organismes Fi\u00e8res partenaires au Qu\u00e9bec. Apr\u00e8s plusieurs ann\u00e9es de succ\u00e8s, le programme a \u00e9t\u00e9 reproduit \u00e0 Calgary en 2017 et sa croissance continue toujours.<\/p>\n<p>Le programme Ambassadeurs est une agglom\u00e9ration de groupes r\u00e9gionaux repr\u00e9sentant les diff\u00e9rents <a href=\"https:\/\/prideatwork.ca\/fr\/a-propos\/fieres-partenaires\/\" target=\"_blank\" rel=\"noopener\">Fi\u00e8res partenaires<\/a> de Fiert\u00e9 au travail Canada. Les personnes qui y si\u00e8gent sont les Ambassadeurs.drices PaWC. Les groupes r\u00e9gionaux se r\u00e9unissent au moins une fois par trimestre afin de r\u00e9seauter avec d\u2019autres membres du personnel de nos Fi\u00e8res partenaires et de partager des meilleures pratiques et des strat\u00e9gies visant \u00e0 cr\u00e9er des environnements de travail favorables aux personnes 2SLGBTQIA+. Les groupes d\u2019Ambassadeurs.drices r\u00e9gionaux participent \u00e9galement au soutien du d\u00e9veloppement des \u00e9v\u00e9nements de Fiert\u00e9 au travail Canada dans leur communaut\u00e9 locale.<\/p>\n<p>Le programme est con\u00e7u pour encourager nos organismes partenaires \u00e0 s\u2019engager aupr\u00e8s de Fiert\u00e9 au travail Canada et \u00e0 b\u00e9n\u00e9ficier le plus possible de leur adh\u00e9sion. C\u2019est \u00e9galement un excellent moyen pour le personnel de nos partenaires de se tenir au courant de la programmation \u00e9ducative, des ressources et des projets de recherche \u00e0 venir, ainsi que de cr\u00e9er un r\u00e9seau avec d\u2019autres responsables de la DEI et des ressources humaines. Ces groupes offrent un espace consacr\u00e9 \u00e0 la discussion d\u2019importants sujets li\u00e9s \u00e0 la DEI, tels que des moyens de communiquer les besoins des personnes 2SLGBTQIA+ en milieu de travail, la cr\u00e9ation de groupes de ressources pour employ\u00e9s efficaces, et plus encore.<\/p>\n<h5><strong>Pourquoi devenir membre ?<\/strong><\/h5>\n<p>Les membres du programme Ambassadeurs ont l\u2019occasion unique de faire partie d\u2019un r\u00e9seau d\u2019individus \u00e9tablis et \u00e9mergents qui font preuve de leadership dans leur r\u00e9gion et qui travaillent \u00e0 faire progresser l&#8217;inclusion des personnes 2SLGBTQIA+ dans leur milieu de travail respectif. Les membres du r\u00e9seau aident leur organisme employeur respectif \u00e0 maximiser les avantages de leur adh\u00e9sion au partenariat avec Fiert\u00e9 au travail Canada.<\/p>\n<p>Parmi les avantages cibl\u00e9s comptent :<br \/>\n&#8211; l\u2019\u00e9largissement des r\u00e9seaux personnels et professionnels<br \/>\n&#8211; le partage de meilleures pratiques<br \/>\n&#8211; des discussions sur les d\u00e9fis auxquels font face les organismes employeurs dans une optique r\u00e9gionale<br \/>\n&#8211; une participation active \u00e0 l&#8217;\u00e9laboration des initiatives de Fiert\u00e9 au travail Canada dans une r\u00e9gion donn\u00e9e<br \/>\n&#8211; une maximisation de la valeur de l\u2019adh\u00e9sion de l\u2019organisme employeur au partenariat avec Fiert\u00e9 au travail Canada<br \/>\n&#8211; l\u2019acquisition de comp\u00e9tences pr\u00e9cieuses n\u00e9cessaires \u00e0 l\u2019obtention des r\u00f4les b\u00e9n\u00e9voles de haut niveau au sein des comit\u00e9s consultatifs et de gouvernance<br \/>\n&#8211; une bonne dose de divertissement !<\/p>\n<h5><strong>Comment devenir membre ?<\/strong><\/h5>\n<p>La participation au programme Ambassadeurs est ouverte \u00e0 tous les organisations <a href=\"https:\/\/prideatwork.ca\/fr\/a-propos\/fieres-partenaires\/\" target=\"_blank\" rel=\"noopener\">Fi\u00e8res partenaires<\/a> de Fiert\u00e9 au travail Canada. Nous invitons chaque organisme partenaire \u00e0 identifier des membres de leur personnel qui d\u00e9sirent se joindre au programme et \u00e0 faire une demande. Les organismes partenaires obtiennent le meilleur retour sur investissement lorsqu\u2019ils contribuent de fa\u00e7on significative \u00e0 la mission de Fiert\u00e9 au travail Canada aux quatre coins du pays.<\/p>\n<p>Chaque partenaire peut d\u00e9signer jusqu&#8217;\u00e0 deux personnes par groupe r\u00e9gional. Le programme est actuellement propos\u00e9 dans les lieux suivants :<\/p>\n<ul>\n<li>Colombie-Britannique<\/li>\n<li>Calgary, Alberta<\/li>\n<li>Manitoba<\/li>\n<li>Ontario<\/li>\n<li>Qu\u00e9bec<\/li>\n<li>Provinces de l&#8217;Atlantique<\/li>\n<\/ul>\n<p>Si votre organisme employeur <a href=\"https:\/\/prideatwork.ca\/fr\/nous-rejoindre\/simpliquer\/devenir-partenaire\/\" target=\"_blank\" rel=\"noopener\">n&#8217;est pas actuellement Fi\u00e8re partenaire<\/a>, mais que vous d\u00e9sirez contribuer aux initiatives locales de Fiert\u00e9 au travail Canada dans votre ville, nous vous encourageons \u00e0 communiquer avec <a href=\"mailto:info@prideatwork.ca\">info@prideatwork.ca<\/a> pour vous renseigner au sujet des possibilit\u00e9s de participation.<\/p>\n<p>Si le programme Ambassadeurs n&#8217;est pas actuellement offert dans votre ville, veuillez communiquer avec Quinn Blue (il\/lui), Coordinateur des programmes et de l&#8217;engagement, \u00e0 <a class=\"external-link\" title=\"Follow link\" href=\"mailto:quinn.blue@prideatwork.ca\" rel=\"nofollow noreferrer\">quinn.blue@prideatwork.ca<\/a> pour vous renseigner au sujet des possibilit\u00e9s de participation.[\/vc_text_element][\/vc_column][vc_column width=&#8221;1\/6&#8243; css_animation=&#8221;&#8221;][\/vc_column][\/vc_row][vc_row nav_skin=&#8221;light&#8221; consent_include=&#8221;include&#8221;][vc_column width=&#8221;1\/6&#8243; css_animation=&#8221;&#8221;][\/vc_column][vc_column width=&#8221;2\/3&#8243; css_animation=&#8221;&#8221;][vc_text_element css_animation=&#8221;&#8221;]<iframe loading=\"lazy\" class=\"clickup-embed clickup-dynamic-height\" style=\"background: transparent; border: 1px solid #ccc;\" src=\"https:\/\/forms.clickup.com\/f\/a2aqu-6087\/FUQYBQEDKLLR9SFUWQ\" width=\"100%\" height=\"100%\"><\/iframe><script async src=\"https:\/\/app-cdn.clickup.com\/assets\/js\/forms-embed\/v1.js\"><\/script>[\/vc_text_element][\/vc_column][vc_column width=&#8221;1\/6&#8243; css_animation=&#8221;&#8221;][\/vc_column][\/vc_row][\/vc_section]<\/p>\n","protected":false},"excerpt":{"rendered":"<p>[vc_section nav_skin=&#8221;light&#8221;][vc_row nav_skin=&#8221;light&#8221; consent_include=&#8221;include&#8221;][vc_column width=&#8221;1\/6&#8243; css_animation=&#8221;&#8221;][\/vc_column][vc_column width=&#8221;2\/3&#8243; css_animation=&#8221;&#8221;][vc_text_element css_animation=&#8221;&#8221;] Qu\u2019est-ce que le programme Ambassadeurs ? Le programme Ambassadeurs a pour mission de mettre en relation et de partager les meilleures pratiques r\u00e9gionales pour les repr\u00e9sentants de notre r\u00e9seau de Fi\u00e8res partenaires. Le programme Ambassadeurs de Fiert\u00e9 au travail Canada a \u00e9t\u00e9 \u00e9tabli \u00e0 Montr\u00e9al en 2014 pour diriger l&#8217;ex\u00e9cution locale de sa strat\u00e9gie \u00e0 l&#8217;\u00e9chelle du Canada de Fiert\u00e9 au travail Canada et pour engager [&hellip;]<\/p>\n","protected":false},"author":2,"featured_media":551645,"parent":551929,"menu_order":0,"comment_status":"closed","ping_status":"closed","template":"","meta":{"_price":"","_stock":"","_tribe_ticket_header":"","_tribe_default_ticket_provider":"","_tribe_ticket_capacity":"0","_ticket_start_date":"","_ticket_end_date":"","_tribe_ticket_show_description":"","_tribe_ticket_show_not_going":false,"_tribe_ticket_use_global_stock":"","_tribe_ticket_global_stock_level":"","_global_stock_mode":"","_global_stock_cap":"","_tribe_rsvp_for_event":"","_tribe_ticket_going_count":"","_tribe_ticket_not_going_count":"","_tribe_tickets_list":"[]","_tribe_ticket_has_attendee_info_fields":false,"footnotes":"","_tec_slr_enabled":"","_tec_slr_layout":""},"class_list":["post-3539504","page","type-page","status-publish","has-post-thumbnail","hentry"],"yoast_head":"<!-- This site is optimized with the Yoast SEO plugin v27.4 - https:\/\/yoast.com\/product\/yoast-seo-wordpress\/ -->\n<title>Le Programme Ambassadeurs - Pride At Work Canada<\/title>\n<meta name=\"description\" content=\"Le programme Ambassadeurs est une agglom\u00e9ration de groupes r\u00e9gionaux repr\u00e9sentant les diff\u00e9rents Fi\u00e8res partenaires de Fiert\u00e9 au travail Canada. Les personnes qui y si\u00e8gent sont les Ambassadeurs.drices et se r\u00e9unissent de mani\u00e8re p\u00e9riodique afin de r\u00e9seauter avec d\u2019autres membres du personnel de nos Fi\u00e8res partenaires et de partager des meilleures pratiques et des strat\u00e9gies visant \u00e0 cr\u00e9er des environnements de travail favorables aux personnes 2SLGBTQIA+. Les groupes d\u2019Ambassadeurs.drices r\u00e9gionaux participent \u00e9galement au soutien du d\u00e9veloppement des \u00e9v\u00e9nements de Fiert\u00e9 au travail Canada dans leur communaut\u00e9 locale.\" \/>\n<meta name=\"robots\" content=\"index, follow, max-snippet:-1, max-image-preview:large, max-video-preview:-1\" \/>\n<link rel=\"canonical\" href=\"https:\/\/prideatwork.ca\/fr\/programmes\/le-programme-ambassadeurs\/\" \/>\n<meta property=\"og:locale\" content=\"fr_FR\" \/>\n<meta property=\"og:type\" content=\"article\" \/>\n<meta property=\"og:title\" content=\"Le Programme Ambassadeurs\" \/>\n<meta property=\"og:description\" content=\"Le programme Ambassadeurs est une agglom\u00e9ration de groupes r\u00e9gionaux repr\u00e9sentant les diff\u00e9rents Fi\u00e8res partenaires de Fiert\u00e9 au travail Canada. Les personnes qui y si\u00e8gent sont les Ambassadeurs.drices et se r\u00e9unissent de mani\u00e8re p\u00e9riodique afin de r\u00e9seauter avec d\u2019autres membres du personnel de nos Fi\u00e8res partenaires et de partager des meilleures pratiques et des strat\u00e9gies visant \u00e0 cr\u00e9er des environnements de travail favorables aux personnes 2SLGBTQIA+. Les groupes d\u2019Ambassadeurs.drices r\u00e9gionaux participent \u00e9galement au soutien du d\u00e9veloppement des \u00e9v\u00e9nements de Fiert\u00e9 au travail Canada dans leur communaut\u00e9 locale.\" \/>\n<meta property=\"og:url\" content=\"https:\/\/prideatwork.ca\/fr\/programmes\/le-programme-ambassadeurs\/\" \/>\n<meta property=\"og:site_name\" content=\"Pride At Work Canada\" \/>\n<meta property=\"article:modified_time\" content=\"2025-06-23T14:38:47+00:00\" \/>\n<meta property=\"og:image\" content=\"https:\/\/prideatwork.ca\/wp-content\/uploads\/2024\/01\/PaWC-Logo-Thumbnail.png\" \/>\n\t<meta property=\"og:image:width\" content=\"2400\" \/>\n\t<meta property=\"og:image:height\" content=\"1350\" \/>\n\t<meta property=\"og:image:type\" content=\"image\/png\" \/>\n<meta name=\"twitter:card\" content=\"summary_large_image\" \/>\n<meta name=\"twitter:label1\" content=\"Dur\u00e9e de lecture estim\u00e9e\" \/>\n\t<meta name=\"twitter:data1\" content=\"4 minutes\" \/>\n<script type=\"application\/ld+json\" class=\"yoast-schema-graph\">{\"@context\":\"https:\\\/\\\/schema.org\",\"@graph\":[{\"@type\":\"WebPage\",\"@id\":\"https:\\\/\\\/prideatwork.ca\\\/fr\\\/programmes\\\/le-programme-ambassadeurs\\\/\",\"url\":\"https:\\\/\\\/prideatwork.ca\\\/fr\\\/programmes\\\/le-programme-ambassadeurs\\\/\",\"name\":\"Le Programme Ambassadeurs - Pride At Work Canada\",\"isPartOf\":{\"@id\":\"https:\\\/\\\/prideatwork.ca\\\/#website\"},\"primaryImageOfPage\":{\"@id\":\"https:\\\/\\\/prideatwork.ca\\\/fr\\\/programmes\\\/le-programme-ambassadeurs\\\/#primaryimage\"},\"image\":{\"@id\":\"https:\\\/\\\/prideatwork.ca\\\/fr\\\/programmes\\\/le-programme-ambassadeurs\\\/#primaryimage\"},\"thumbnailUrl\":\"https:\\\/\\\/staging.prideatwork.ca\\\/wp-content\\\/uploads\\\/2021\\\/11\\\/Banner-White-scaled.jpg\",\"datePublished\":\"2022-03-10T17:49:09+00:00\",\"dateModified\":\"2025-06-23T14:38:47+00:00\",\"description\":\"Le programme Ambassadeurs est une agglom\u00e9ration de groupes r\u00e9gionaux repr\u00e9sentant les diff\u00e9rents Fi\u00e8res partenaires de Fiert\u00e9 au travail Canada. Les personnes qui y si\u00e8gent sont les Ambassadeurs.drices et se r\u00e9unissent de mani\u00e8re p\u00e9riodique afin de r\u00e9seauter avec d\u2019autres membres du personnel de nos Fi\u00e8res partenaires et de partager des meilleures pratiques et des strat\u00e9gies visant \u00e0 cr\u00e9er des environnements de travail favorables aux personnes 2SLGBTQIA+. Les groupes d\u2019Ambassadeurs.drices r\u00e9gionaux participent \u00e9galement au soutien du d\u00e9veloppement des \u00e9v\u00e9nements de Fiert\u00e9 au travail Canada dans leur communaut\u00e9 locale.\",\"breadcrumb\":{\"@id\":\"https:\\\/\\\/prideatwork.ca\\\/fr\\\/programmes\\\/le-programme-ambassadeurs\\\/#breadcrumb\"},\"inLanguage\":\"fr-FR\",\"potentialAction\":[{\"@type\":\"ReadAction\",\"target\":[\"https:\\\/\\\/prideatwork.ca\\\/fr\\\/programmes\\\/le-programme-ambassadeurs\\\/\"]}]},{\"@type\":\"ImageObject\",\"inLanguage\":\"fr-FR\",\"@id\":\"https:\\\/\\\/prideatwork.ca\\\/fr\\\/programmes\\\/le-programme-ambassadeurs\\\/#primaryimage\",\"url\":\"https:\\\/\\\/staging.prideatwork.ca\\\/wp-content\\\/uploads\\\/2021\\\/11\\\/Banner-White-scaled.jpg\",\"contentUrl\":\"https:\\\/\\\/staging.prideatwork.ca\\\/wp-content\\\/uploads\\\/2021\\\/11\\\/Banner-White-scaled.jpg\",\"width\":2560,\"height\":416},{\"@type\":\"BreadcrumbList\",\"@id\":\"https:\\\/\\\/prideatwork.ca\\\/fr\\\/programmes\\\/le-programme-ambassadeurs\\\/#breadcrumb\",\"itemListElement\":[{\"@type\":\"ListItem\",\"position\":1,\"name\":\"Home\",\"item\":\"https:\\\/\\\/prideatwork.ca\\\/fr\\\/\"},{\"@type\":\"ListItem\",\"position\":2,\"name\":\"Programmes\",\"item\":\"https:\\\/\\\/prideatwork.ca\\\/fr\\\/programmes\\\/\"},{\"@type\":\"ListItem\",\"position\":3,\"name\":\"Le Programme Ambassadeurs\"}]},{\"@type\":\"WebSite\",\"@id\":\"https:\\\/\\\/prideatwork.ca\\\/#website\",\"url\":\"https:\\\/\\\/prideatwork.ca\\\/\",\"name\":\"Pride At Work Canada\",\"description\":\"\",\"potentialAction\":[{\"@type\":\"SearchAction\",\"target\":{\"@type\":\"EntryPoint\",\"urlTemplate\":\"https:\\\/\\\/prideatwork.ca\\\/?s={search_term_string}\"},\"query-input\":{\"@type\":\"PropertyValueSpecification\",\"valueRequired\":true,\"valueName\":\"search_term_string\"}}],\"inLanguage\":\"fr-FR\"}]}<\/script>\n<!-- \/ Yoast SEO plugin. -->","yoast_head_json":{"title":"Le Programme Ambassadeurs - Pride At Work Canada","description":"Le programme Ambassadeurs est une agglom\u00e9ration de groupes r\u00e9gionaux repr\u00e9sentant les diff\u00e9rents Fi\u00e8res partenaires de Fiert\u00e9 au travail Canada. Les personnes qui y si\u00e8gent sont les Ambassadeurs.drices et se r\u00e9unissent de mani\u00e8re p\u00e9riodique afin de r\u00e9seauter avec d\u2019autres membres du personnel de nos Fi\u00e8res partenaires et de partager des meilleures pratiques et des strat\u00e9gies visant \u00e0 cr\u00e9er des environnements de travail favorables aux personnes 2SLGBTQIA+. Les groupes d\u2019Ambassadeurs.drices r\u00e9gionaux participent \u00e9galement au soutien du d\u00e9veloppement des \u00e9v\u00e9nements de Fiert\u00e9 au travail Canada dans leur communaut\u00e9 locale.","robots":{"index":"index","follow":"follow","max-snippet":"max-snippet:-1","max-image-preview":"max-image-preview:large","max-video-preview":"max-video-preview:-1"},"canonical":"https:\/\/prideatwork.ca\/fr\/programmes\/le-programme-ambassadeurs\/","og_locale":"fr_FR","og_type":"article","og_title":"Le Programme Ambassadeurs","og_description":"Le programme Ambassadeurs est une agglom\u00e9ration de groupes r\u00e9gionaux repr\u00e9sentant les diff\u00e9rents Fi\u00e8res partenaires de Fiert\u00e9 au travail Canada. Les personnes qui y si\u00e8gent sont les Ambassadeurs.drices et se r\u00e9unissent de mani\u00e8re p\u00e9riodique afin de r\u00e9seauter avec d\u2019autres membres du personnel de nos Fi\u00e8res partenaires et de partager des meilleures pratiques et des strat\u00e9gies visant \u00e0 cr\u00e9er des environnements de travail favorables aux personnes 2SLGBTQIA+. Les groupes d\u2019Ambassadeurs.drices r\u00e9gionaux participent \u00e9galement au soutien du d\u00e9veloppement des \u00e9v\u00e9nements de Fiert\u00e9 au travail Canada dans leur communaut\u00e9 locale.","og_url":"https:\/\/prideatwork.ca\/fr\/programmes\/le-programme-ambassadeurs\/","og_site_name":"Pride At Work Canada","article_modified_time":"2025-06-23T14:38:47+00:00","og_image":[{"width":2400,"height":1350,"url":"https:\/\/prideatwork.ca\/wp-content\/uploads\/2024\/01\/PaWC-Logo-Thumbnail.png","type":"image\/png"}],"twitter_card":"summary_large_image","twitter_misc":{"Dur\u00e9e de lecture estim\u00e9e":"4 minutes"},"schema":{"@context":"https:\/\/schema.org","@graph":[{"@type":"WebPage","@id":"https:\/\/prideatwork.ca\/fr\/programmes\/le-programme-ambassadeurs\/","url":"https:\/\/prideatwork.ca\/fr\/programmes\/le-programme-ambassadeurs\/","name":"Le Programme Ambassadeurs - Pride At Work Canada","isPartOf":{"@id":"https:\/\/prideatwork.ca\/#website"},"primaryImageOfPage":{"@id":"https:\/\/prideatwork.ca\/fr\/programmes\/le-programme-ambassadeurs\/#primaryimage"},"image":{"@id":"https:\/\/prideatwork.ca\/fr\/programmes\/le-programme-ambassadeurs\/#primaryimage"},"thumbnailUrl":"https:\/\/staging.prideatwork.ca\/wp-content\/uploads\/2021\/11\/Banner-White-scaled.jpg","datePublished":"2022-03-10T17:49:09+00:00","dateModified":"2025-06-23T14:38:47+00:00","description":"Le programme Ambassadeurs est une agglom\u00e9ration de groupes r\u00e9gionaux repr\u00e9sentant les diff\u00e9rents Fi\u00e8res partenaires de Fiert\u00e9 au travail Canada. Les personnes qui y si\u00e8gent sont les Ambassadeurs.drices et se r\u00e9unissent de mani\u00e8re p\u00e9riodique afin de r\u00e9seauter avec d\u2019autres membres du personnel de nos Fi\u00e8res partenaires et de partager des meilleures pratiques et des strat\u00e9gies visant \u00e0 cr\u00e9er des environnements de travail favorables aux personnes 2SLGBTQIA+. Les groupes d\u2019Ambassadeurs.drices r\u00e9gionaux participent \u00e9galement au soutien du d\u00e9veloppement des \u00e9v\u00e9nements de Fiert\u00e9 au travail Canada dans leur communaut\u00e9 locale.","breadcrumb":{"@id":"https:\/\/prideatwork.ca\/fr\/programmes\/le-programme-ambassadeurs\/#breadcrumb"},"inLanguage":"fr-FR","potentialAction":[{"@type":"ReadAction","target":["https:\/\/prideatwork.ca\/fr\/programmes\/le-programme-ambassadeurs\/"]}]},{"@type":"ImageObject","inLanguage":"fr-FR","@id":"https:\/\/prideatwork.ca\/fr\/programmes\/le-programme-ambassadeurs\/#primaryimage","url":"https:\/\/staging.prideatwork.ca\/wp-content\/uploads\/2021\/11\/Banner-White-scaled.jpg","contentUrl":"https:\/\/staging.prideatwork.ca\/wp-content\/uploads\/2021\/11\/Banner-White-scaled.jpg","width":2560,"height":416},{"@type":"BreadcrumbList","@id":"https:\/\/prideatwork.ca\/fr\/programmes\/le-programme-ambassadeurs\/#breadcrumb","itemListElement":[{"@type":"ListItem","position":1,"name":"Home","item":"https:\/\/prideatwork.ca\/fr\/"},{"@type":"ListItem","position":2,"name":"Programmes","item":"https:\/\/prideatwork.ca\/fr\/programmes\/"},{"@type":"ListItem","position":3,"name":"Le Programme Ambassadeurs"}]},{"@type":"WebSite","@id":"https:\/\/prideatwork.ca\/#website","url":"https:\/\/prideatwork.ca\/","name":"Pride At Work Canada","description":"","potentialAction":[{"@type":"SearchAction","target":{"@type":"EntryPoint","urlTemplate":"https:\/\/prideatwork.ca\/?s={search_term_string}"},"query-input":{"@type":"PropertyValueSpecification","valueRequired":true,"valueName":"search_term_string"}}],"inLanguage":"fr-FR"}]}},"ticketed":false,"_links":{"self":[{"href":"https:\/\/staging.prideatwork.ca\/fr\/wp-json\/wp\/v2\/pages\/3539504","targetHints":{"allow":["GET"]}}],"collection":[{"href":"https:\/\/staging.prideatwork.ca\/fr\/wp-json\/wp\/v2\/pages"}],"about":[{"href":"https:\/\/staging.prideatwork.ca\/fr\/wp-json\/wp\/v2\/types\/page"}],"author":[{"embeddable":true,"href":"https:\/\/staging.prideatwork.ca\/fr\/wp-json\/wp\/v2\/users\/2"}],"replies":[{"embeddable":true,"href":"https:\/\/staging.prideatwork.ca\/fr\/wp-json\/wp\/v2\/comments?post=3539504"}],"version-history":[{"count":8,"href":"https:\/\/staging.prideatwork.ca\/fr\/wp-json\/wp\/v2\/pages\/3539504\/revisions"}],"predecessor-version":[{"id":4418301,"href":"https:\/\/staging.prideatwork.ca\/fr\/wp-json\/wp\/v2\/pages\/3539504\/revisions\/4418301"}],"up":[{"embeddable":true,"href":"https:\/\/staging.prideatwork.ca\/fr\/wp-json\/wp\/v2\/pages\/551929"}],"wp:featuredmedia":[{"embeddable":true,"href":"https:\/\/staging.prideatwork.ca\/fr\/wp-json\/wp\/v2\/media\/551645"}],"wp:attachment":[{"href":"https:\/\/staging.prideatwork.ca\/fr\/wp-json\/wp\/v2\/media?parent=3539504"}],"curies":[{"name":"wp","href":"https:\/\/api.w.org\/{rel}","templated":true}]}}