{"id":3539474,"date":"2022-03-09T18:04:02","date_gmt":"2022-03-09T23:04:02","guid":{"rendered":"https:\/\/prideatwork-dev.massifsolutions.ca\/programmes\/matrices\/"},"modified":"2024-10-21T16:27:40","modified_gmt":"2024-10-21T20:27:40","slug":"matrices","status":"publish","type":"page","link":"https:\/\/staging.prideatwork.ca\/fr\/programmes\/matrices\/","title":{"rendered":"Matrices"},"content":{"rendered":"<p>[vc_section nav_skin=&#8221;light&#8221;][vc_row nav_skin=&#8221;light&#8221; consent_include=&#8221;include&#8221;][vc_column width=&#8221;1\/6&#8243; css_animation=&#8221;&#8221;][\/vc_column][vc_column width=&#8221;2\/3&#8243; css_animation=&#8221;&#8221;][vc_single_image image=&#8221;542719&#8243; img_size=&#8221;large&#8221;][vc_text_element css_animation=&#8221;&#8221;]<\/p>\n<h4>\u00c0 propos de notre programme Matrices : r\u00e9seautage num\u00e9rique pour personnes trans, non binaires et agenres<\/h4>\n<p>Matrices : r\u00e9seautage num\u00e9rique pour personnes trans, non binaires et agenres, un \u00e9v\u00e9nement de r\u00e9seautage gratuit pour les membres trans, non binaires et agenres de la communaut\u00e9 professionnelle et en recherche d\u2019emploi ! S\u2019appuyant sur l\u2019\u00e9lan donn\u00e9 par le D\u00e9jeuner de r\u00e9seautage pour personnes trans, non binaires et agenres de Toronto et Rendez-Vous: discussion en ligne pour femmes LGBTQ2+ et personnes non binaires, cet \u00e9v\u00e9nement r\u00e9unira des personnes professionnelles et en recherche d\u2019emploi aux quatre coins du Canada.[\/vc_text_element][\/vc_column][vc_column width=&#8221;1\/6&#8243; css_animation=&#8221;&#8221;][\/vc_column][\/vc_row][vc_row nav_skin=&#8221;light&#8221; consent_include=&#8221;include&#8221;][vc_column width=&#8221;1\/6&#8243; css_animation=&#8221;&#8221;][\/vc_column][vc_column width=&#8221;2\/3&#8243; css_animation=&#8221;&#8221;][vc_text_element css_animation=&#8221;&#8221;]<\/p>\n<h5>Pourquoi cet \u00e9v\u00e9nement a-t-il lieu ?<\/h5>\n<p>Bien que de nombreux \u00e9v\u00e9nements et r\u00e9seaux soient inclusifs aux personnes trans, non binaires et agenres, il existe des questions et des discussions qui sont propres \u00e0 ces membres de la communaut\u00e9 et \u00e0 leurs exp\u00e9riences. Fiert\u00e9 au travail Canada cherche \u00e0 cr\u00e9er un espace o\u00f9 les personnes trans, non binaires et agenres professionnelles ou en recherche d\u2019emploi peuvent trouver du soutien et tisser des liens. Nous esp\u00e9rons \u00eatre attentifs aux besoins et aux suggestions des participants, car ces commentaires nous aideront \u00e0 fa\u00e7onner nos \u00e9v\u00e9nements futurs.<\/p>\n<p>&nbsp;<\/p>\n<h5>Qui devrait y assister ?<\/h5>\n<p>Le but de cet \u00e9v\u00e9nement est de cr\u00e9er un espace consacr\u00e9 aux personnes qui s\u2019identifient comme trans, non binaires ou agenres. Nous n\u2019avons aucun int\u00e9r\u00eat \u00e0 v\u00e9rifier le genre de quiconque ou de cr\u00e9er des obstacles \u00e0 l\u2019acc\u00e8s. Toute personne qui assiste \u00e0 cet \u00e9v\u00e9nement sera la bienvenue. Bien que le soutien des personnes s\u2019identifiant comme alli\u00e9es aux personnes et aux communaut\u00e9s trans soit toujours appr\u00e9ci\u00e9, veuillez vous rappeler que la meilleure fa\u00e7on de les soutenir peut parfois \u00eatre de leur laisser de la place pour qu\u2019elles puissent tisser des liens sur la base de leurs identit\u00e9s et de leurs exp\u00e9riences partag\u00e9es.<\/p>\n<p>&nbsp;<\/p>\n<h5>Qui peut r\u00e9pondre \u00e0 mes questions relatives \u00e0 l\u2019\u00e9v\u00e9nement ?<\/h5>\n<p>Veuillez adresser toute question relative \u00e0 cet \u00e9v\u00e9nement \u00e0 Templeton Sawyer (il\/lui), coordinateur des programmes de leadership, \u00e0 l&#8217;adresse <a href=\"mailto:templeton.sawyer@prideatwork.ca\">templeton.sawyer@prideatwork.ca<\/a>. Vous pouvez \u00e9galement communiquer avec <a href=\"mailto:events@prideatwork.ca\">events@prideatwork.ca<\/a> pour toute question concernant les \u00e9v\u00e9nements et avec <a href=\"mailto:info@prideatwork.ca\">info@prideatwork.ca<\/a> sur les activit\u00e9s de Fiert\u00e9 au travail Canada.<\/p>\n<p><strong>Matrices<\/strong> et d&#8217;autres programmes sont disponibles gr\u00e2ce au soutien de nos Fi\u00e8res partenaires. Contactez Hanna Haddad (il\/lui), coordonnateur du d\u00e9veloppement des affaires, \u00e0 l\u2019adresse <a href=\"mailto:hanna.haddad@prideatwork.ca\">hanna.haddad@prideatwork.ca<\/a> et d\u00e9couvrez nos offres et possibilit\u00e9s de parrainage.[\/vc_text_element][\/vc_column][vc_column width=&#8221;1\/6&#8243; css_animation=&#8221;&#8221;][\/vc_column][\/vc_row][vc_row nav_skin=&#8221;light&#8221; consent_include=&#8221;include&#8221; custom_bg_color=&#8221;{&#8220;solid&#8220;:{&#8220;id&#8220;:&#8220;&#8220;,&#8220;color&#8220;:&#8220;&#8220;}}&#8221;][vc_column width=&#8221;1\/6&#8243; css_animation=&#8221;&#8221;][\/vc_column][vc_column el_design=&#8221;{&#8220;desktop&#8220;:{&#8220;padding-top&#8220;:&#8220;15&#8220;,&#8220;padding-right&#8220;:&#8220;15&#8220;,&#8220;padding-bottom&#8220;:&#8220;15&#8220;,&#8220;padding-left&#8220;:&#8220;15&#8220;}}&#8221; width=&#8221;2\/3&#8243; css_animation=&#8221;&#8221; custom_bg_color=&#8221;{&#8220;solid&#8220;:{&#8220;id&#8220;:&#8220;Border color&#8220;,&#8220;color&#8220;:&#8220;#ebebf5&#8220;}}&#8221;][vc_text_element css_animation=&#8221;&#8221;]<\/p>\n<h5><strong>Prochaines Matrices :<\/strong><\/h5>\n<ul>\n<li>L&#8217;automne 2024 &#8211; <a href=\"https:\/\/prideatwork.ca\/fr\/event\/matrices-20241119\/\">19 novembre<\/a><\/li>\n<li>Le printemps 2025 &#8211; <a href=\"https:\/\/prideatwork.ca\/fr\/event\/matrices-20250325\/\">25 mars<\/a><\/li>\n<\/ul>\n<p><strong>Abonnez-vous au bulletin d\u2019information de Matrices !<\/strong><br \/>\nPour recevoir des mises \u00e0 jour par courriel* au sujet du programme Matrices, cliquez sur le bouton suivant pour vous abonner.[\/vc_text_element][vc_button_arrow title=&#8221;Abonnez-vous&#8221; style=&#8221;simple&#8221; display=&#8221;display_block&#8221; skin=&#8221;dark&#8221; css_animation=&#8221;&#8221; link=&#8221;url:http%3A%2F%2Feepurl.com%2Fho0lxP%20_blank|title:ABONNEZ-VOUS|target:_blank&#8221;][vc_text_element css_animation=&#8221;&#8221;]<em>* Pour vous abonner aux bulletins d\u2019information de TOUS nos \u00e9v\u00e9nements, faites d\u00e9filer jusqu\u2019au bas de cette page pour trouver le champ \u00ab courriel \u00bb sous RESTEZ INFORM\u00c9.<\/em>[\/vc_text_element][\/vc_column][vc_column width=&#8221;1\/6&#8243; css_animation=&#8221;&#8221;][\/vc_column][\/vc_row][\/vc_section]<\/p>\n","protected":false},"excerpt":{"rendered":"<p>[vc_section nav_skin=&#8221;light&#8221;][vc_row nav_skin=&#8221;light&#8221; consent_include=&#8221;include&#8221;][vc_column width=&#8221;1\/6&#8243; css_animation=&#8221;&#8221;][\/vc_column][vc_column width=&#8221;2\/3&#8243; css_animation=&#8221;&#8221;][vc_single_image image=&#8221;542719&#8243; img_size=&#8221;large&#8221;][vc_text_element css_animation=&#8221;&#8221;] \u00c0 propos de notre programme Matrices : r\u00e9seautage num\u00e9rique pour personnes trans, non binaires et agenres Matrices : r\u00e9seautage num\u00e9rique pour personnes trans, non binaires et agenres, un \u00e9v\u00e9nement de r\u00e9seautage gratuit pour les membres trans, non binaires et agenres de la communaut\u00e9 professionnelle et en recherche d\u2019emploi ! S\u2019appuyant sur l\u2019\u00e9lan donn\u00e9 par le D\u00e9jeuner de r\u00e9seautage pour personnes trans, non binaires et [&hellip;]<\/p>\n","protected":false},"author":2,"featured_media":551641,"parent":551929,"menu_order":0,"comment_status":"closed","ping_status":"closed","template":"","meta":{"_price":"","_stock":"","_tribe_ticket_header":"","_tribe_default_ticket_provider":"","_tribe_ticket_capacity":"0","_ticket_start_date":"","_ticket_end_date":"","_tribe_ticket_show_description":"","_tribe_ticket_show_not_going":false,"_tribe_ticket_use_global_stock":"","_tribe_ticket_global_stock_level":"","_global_stock_mode":"","_global_stock_cap":"","_tribe_rsvp_for_event":"","_tribe_ticket_going_count":"","_tribe_ticket_not_going_count":"","_tribe_tickets_list":"[]","_tribe_ticket_has_attendee_info_fields":false,"footnotes":"","_tec_slr_enabled":"","_tec_slr_layout":""},"class_list":["post-3539474","page","type-page","status-publish","has-post-thumbnail","hentry"],"yoast_head":"<!-- This site is optimized with the Yoast SEO plugin v27.4 - https:\/\/yoast.com\/product\/yoast-seo-wordpress\/ -->\n<title>Matrices - Pride At Work Canada<\/title>\n<meta name=\"description\" content=\"Matrices : r\u00e9seautage num\u00e9rique pour personnes trans, non binaires et agenres, un \u00e9v\u00e9nement de r\u00e9seautage gratuit pour les membres trans, non binaires et agenres de la communaut\u00e9 professionnelle et en recherche d\u2019emploi.\" \/>\n<meta name=\"robots\" content=\"index, follow, max-snippet:-1, max-image-preview:large, max-video-preview:-1\" \/>\n<link rel=\"canonical\" href=\"https:\/\/prideatwork.ca\/fr\/programmes\/matrices\/\" \/>\n<meta property=\"og:locale\" content=\"fr_FR\" \/>\n<meta property=\"og:type\" content=\"article\" \/>\n<meta property=\"og:title\" content=\"Matrices : r\u00e9seautage num\u00e9rique pour personnes trans, non binaires et agenres\" \/>\n<meta property=\"og:description\" content=\"Matrices : r\u00e9seautage num\u00e9rique pour personnes trans, non binaires et agenres, un \u00e9v\u00e9nement de r\u00e9seautage gratuit pour les membres trans, non binaires et agenres de la communaut\u00e9 professionnelle et en recherche d\u2019emploi\" \/>\n<meta property=\"og:url\" content=\"https:\/\/prideatwork.ca\/fr\/programmes\/matrices\/\" \/>\n<meta property=\"og:site_name\" content=\"Pride At Work Canada\" \/>\n<meta property=\"article:modified_time\" content=\"2024-10-21T20:27:40+00:00\" \/>\n<meta property=\"og:image\" content=\"https:\/\/prideatwork.ca\/wp-content\/uploads\/2020\/10\/2300_Matrice_Chalk_Banner_640x200_FR.png\" \/>\n\t<meta property=\"og:image:width\" content=\"960\" \/>\n\t<meta property=\"og:image:height\" content=\"574\" \/>\n\t<meta property=\"og:image:type\" content=\"image\/png\" \/>\n<meta name=\"twitter:card\" content=\"summary_large_image\" \/>\n<meta name=\"twitter:label1\" content=\"Dur\u00e9e de lecture estim\u00e9e\" \/>\n\t<meta name=\"twitter:data1\" content=\"3 minutes\" \/>\n<script type=\"application\/ld+json\" class=\"yoast-schema-graph\">{\"@context\":\"https:\\\/\\\/schema.org\",\"@graph\":[{\"@type\":\"WebPage\",\"@id\":\"https:\\\/\\\/prideatwork.ca\\\/fr\\\/programmes\\\/matrices\\\/\",\"url\":\"https:\\\/\\\/prideatwork.ca\\\/fr\\\/programmes\\\/matrices\\\/\",\"name\":\"Matrices - Pride At Work Canada\",\"isPartOf\":{\"@id\":\"https:\\\/\\\/prideatwork.ca\\\/#website\"},\"primaryImageOfPage\":{\"@id\":\"https:\\\/\\\/prideatwork.ca\\\/fr\\\/programmes\\\/matrices\\\/#primaryimage\"},\"image\":{\"@id\":\"https:\\\/\\\/prideatwork.ca\\\/fr\\\/programmes\\\/matrices\\\/#primaryimage\"},\"thumbnailUrl\":\"https:\\\/\\\/staging.prideatwork.ca\\\/wp-content\\\/uploads\\\/2021\\\/11\\\/Banner-Red-scaled.jpg\",\"datePublished\":\"2022-03-09T23:04:02+00:00\",\"dateModified\":\"2024-10-21T20:27:40+00:00\",\"description\":\"Matrices : r\u00e9seautage num\u00e9rique pour personnes trans, non binaires et agenres, un \u00e9v\u00e9nement de r\u00e9seautage gratuit pour les membres trans, non binaires et agenres de la communaut\u00e9 professionnelle et en recherche d\u2019emploi.\",\"breadcrumb\":{\"@id\":\"https:\\\/\\\/prideatwork.ca\\\/fr\\\/programmes\\\/matrices\\\/#breadcrumb\"},\"inLanguage\":\"fr-FR\",\"potentialAction\":[{\"@type\":\"ReadAction\",\"target\":[\"https:\\\/\\\/prideatwork.ca\\\/fr\\\/programmes\\\/matrices\\\/\"]}]},{\"@type\":\"ImageObject\",\"inLanguage\":\"fr-FR\",\"@id\":\"https:\\\/\\\/prideatwork.ca\\\/fr\\\/programmes\\\/matrices\\\/#primaryimage\",\"url\":\"https:\\\/\\\/staging.prideatwork.ca\\\/wp-content\\\/uploads\\\/2021\\\/11\\\/Banner-Red-scaled.jpg\",\"contentUrl\":\"https:\\\/\\\/staging.prideatwork.ca\\\/wp-content\\\/uploads\\\/2021\\\/11\\\/Banner-Red-scaled.jpg\",\"width\":2560,\"height\":416},{\"@type\":\"BreadcrumbList\",\"@id\":\"https:\\\/\\\/prideatwork.ca\\\/fr\\\/programmes\\\/matrices\\\/#breadcrumb\",\"itemListElement\":[{\"@type\":\"ListItem\",\"position\":1,\"name\":\"Home\",\"item\":\"https:\\\/\\\/prideatwork.ca\\\/fr\\\/\"},{\"@type\":\"ListItem\",\"position\":2,\"name\":\"Programmes\",\"item\":\"https:\\\/\\\/prideatwork.ca\\\/fr\\\/programmes\\\/\"},{\"@type\":\"ListItem\",\"position\":3,\"name\":\"Matrices\"}]},{\"@type\":\"WebSite\",\"@id\":\"https:\\\/\\\/prideatwork.ca\\\/#website\",\"url\":\"https:\\\/\\\/prideatwork.ca\\\/\",\"name\":\"Pride At Work Canada\",\"description\":\"\",\"potentialAction\":[{\"@type\":\"SearchAction\",\"target\":{\"@type\":\"EntryPoint\",\"urlTemplate\":\"https:\\\/\\\/prideatwork.ca\\\/?s={search_term_string}\"},\"query-input\":{\"@type\":\"PropertyValueSpecification\",\"valueRequired\":true,\"valueName\":\"search_term_string\"}}],\"inLanguage\":\"fr-FR\"}]}<\/script>\n<!-- \/ Yoast SEO plugin. -->","yoast_head_json":{"title":"Matrices - Pride At Work Canada","description":"Matrices : r\u00e9seautage num\u00e9rique pour personnes trans, non binaires et agenres, un \u00e9v\u00e9nement de r\u00e9seautage gratuit pour les membres trans, non binaires et agenres de la communaut\u00e9 professionnelle et en recherche d\u2019emploi.","robots":{"index":"index","follow":"follow","max-snippet":"max-snippet:-1","max-image-preview":"max-image-preview:large","max-video-preview":"max-video-preview:-1"},"canonical":"https:\/\/prideatwork.ca\/fr\/programmes\/matrices\/","og_locale":"fr_FR","og_type":"article","og_title":"Matrices : r\u00e9seautage num\u00e9rique pour personnes trans, non binaires et agenres","og_description":"Matrices : r\u00e9seautage num\u00e9rique pour personnes trans, non binaires et agenres, un \u00e9v\u00e9nement de r\u00e9seautage gratuit pour les membres trans, non binaires et agenres de la communaut\u00e9 professionnelle et en recherche d\u2019emploi","og_url":"https:\/\/prideatwork.ca\/fr\/programmes\/matrices\/","og_site_name":"Pride At Work Canada","article_modified_time":"2024-10-21T20:27:40+00:00","og_image":[{"width":960,"height":574,"url":"https:\/\/prideatwork.ca\/wp-content\/uploads\/2020\/10\/2300_Matrice_Chalk_Banner_640x200_FR.png","type":"image\/png"}],"twitter_card":"summary_large_image","twitter_misc":{"Dur\u00e9e de lecture estim\u00e9e":"3 minutes"},"schema":{"@context":"https:\/\/schema.org","@graph":[{"@type":"WebPage","@id":"https:\/\/prideatwork.ca\/fr\/programmes\/matrices\/","url":"https:\/\/prideatwork.ca\/fr\/programmes\/matrices\/","name":"Matrices - Pride At Work Canada","isPartOf":{"@id":"https:\/\/prideatwork.ca\/#website"},"primaryImageOfPage":{"@id":"https:\/\/prideatwork.ca\/fr\/programmes\/matrices\/#primaryimage"},"image":{"@id":"https:\/\/prideatwork.ca\/fr\/programmes\/matrices\/#primaryimage"},"thumbnailUrl":"https:\/\/staging.prideatwork.ca\/wp-content\/uploads\/2021\/11\/Banner-Red-scaled.jpg","datePublished":"2022-03-09T23:04:02+00:00","dateModified":"2024-10-21T20:27:40+00:00","description":"Matrices : r\u00e9seautage num\u00e9rique pour personnes trans, non binaires et agenres, un \u00e9v\u00e9nement de r\u00e9seautage gratuit pour les membres trans, non binaires et agenres de la communaut\u00e9 professionnelle et en recherche d\u2019emploi.","breadcrumb":{"@id":"https:\/\/prideatwork.ca\/fr\/programmes\/matrices\/#breadcrumb"},"inLanguage":"fr-FR","potentialAction":[{"@type":"ReadAction","target":["https:\/\/prideatwork.ca\/fr\/programmes\/matrices\/"]}]},{"@type":"ImageObject","inLanguage":"fr-FR","@id":"https:\/\/prideatwork.ca\/fr\/programmes\/matrices\/#primaryimage","url":"https:\/\/staging.prideatwork.ca\/wp-content\/uploads\/2021\/11\/Banner-Red-scaled.jpg","contentUrl":"https:\/\/staging.prideatwork.ca\/wp-content\/uploads\/2021\/11\/Banner-Red-scaled.jpg","width":2560,"height":416},{"@type":"BreadcrumbList","@id":"https:\/\/prideatwork.ca\/fr\/programmes\/matrices\/#breadcrumb","itemListElement":[{"@type":"ListItem","position":1,"name":"Home","item":"https:\/\/prideatwork.ca\/fr\/"},{"@type":"ListItem","position":2,"name":"Programmes","item":"https:\/\/prideatwork.ca\/fr\/programmes\/"},{"@type":"ListItem","position":3,"name":"Matrices"}]},{"@type":"WebSite","@id":"https:\/\/prideatwork.ca\/#website","url":"https:\/\/prideatwork.ca\/","name":"Pride At Work Canada","description":"","potentialAction":[{"@type":"SearchAction","target":{"@type":"EntryPoint","urlTemplate":"https:\/\/prideatwork.ca\/?s={search_term_string}"},"query-input":{"@type":"PropertyValueSpecification","valueRequired":true,"valueName":"search_term_string"}}],"inLanguage":"fr-FR"}]}},"ticketed":false,"_links":{"self":[{"href":"https:\/\/staging.prideatwork.ca\/fr\/wp-json\/wp\/v2\/pages\/3539474","targetHints":{"allow":["GET"]}}],"collection":[{"href":"https:\/\/staging.prideatwork.ca\/fr\/wp-json\/wp\/v2\/pages"}],"about":[{"href":"https:\/\/staging.prideatwork.ca\/fr\/wp-json\/wp\/v2\/types\/page"}],"author":[{"embeddable":true,"href":"https:\/\/staging.prideatwork.ca\/fr\/wp-json\/wp\/v2\/users\/2"}],"replies":[{"embeddable":true,"href":"https:\/\/staging.prideatwork.ca\/fr\/wp-json\/wp\/v2\/comments?post=3539474"}],"version-history":[{"count":24,"href":"https:\/\/staging.prideatwork.ca\/fr\/wp-json\/wp\/v2\/pages\/3539474\/revisions"}],"predecessor-version":[{"id":4298438,"href":"https:\/\/staging.prideatwork.ca\/fr\/wp-json\/wp\/v2\/pages\/3539474\/revisions\/4298438"}],"up":[{"embeddable":true,"href":"https:\/\/staging.prideatwork.ca\/fr\/wp-json\/wp\/v2\/pages\/551929"}],"wp:featuredmedia":[{"embeddable":true,"href":"https:\/\/staging.prideatwork.ca\/fr\/wp-json\/wp\/v2\/media\/551641"}],"wp:attachment":[{"href":"https:\/\/staging.prideatwork.ca\/fr\/wp-json\/wp\/v2\/media?parent=3539474"}],"curies":[{"name":"wp","href":"https:\/\/api.w.org\/{rel}","templated":true}]}}